{"id":770623,"date":"2025-08-28T14:36:42","date_gmt":"2025-08-28T11:36:42","guid":{"rendered":"https:\/\/roveyayinevi.com.tr\/index.php\/urun\/corvus-ve-desiderium-ilk-ask\/"},"modified":"2026-04-15T03:37:07","modified_gmt":"2026-04-15T00:37:07","slug":"corvus-ve-desiderium-ilk-ask","status":"publish","type":"product","link":"https:\/\/roveyayinevi.com.tr\/index.php\/urun\/corvus-ve-desiderium-ilk-ask\/","title":{"rendered":"Corvus ve Desiderium &#8211; \u0130lk A\u015fk"},"content":{"rendered":"<p>Batan g\u00fcne\u015fi izledi Corvus bir s\u00fcre, &#8220;E\u011fer hi\u00e7 batmasayd\u0131 bu muhte\u015fem varl\u0131k, do\u011fu\u015funun bir \u00f6nemi olur muydu?&#8221; diye f\u0131s\u0131ldad\u0131 sessizce. &#8220;Bunu daha \u00f6nce hi\u00e7 d\u00fc\u015f\u00fcnmemi\u015ftim Diversum ama belki de \u00f6nemli olan, var olmak de\u011fildi hi\u00e7bir zaman. \u00d6nemli olan \u015fey, bataca\u011f\u0131n\u0131 bilmene ra\u011fmen do\u011fmakt\u0131 belki de.&#8221; &#8220;Sonsuz olmaktan vaz m\u0131 ge\u00e7meli?&#8221; diye sordu sakin bir ses tonuyla Diversum. Hayatlar\u0131n\u0131, ama\u00e7lar\u0131n\u0131 ve benliklerini arayan Corvus ve Desiderium, birbirlerini g\u00f6rd\u00fckleri anda geride var olan her \u015feyi unuttular. G\u00f6remez ve bilemez oldular. Ne isimlerini hat\u0131rlayabildiler ne de ge\u00e7mi\u015flerini. Ne mutlu an\u0131lar\u0131 kald\u0131 fikirlerinde ne de y\u0131k\u0131lan hayalleri. Yaln\u0131zl\u0131klar\u0131n\u0131 da umutlar\u0131n\u0131 da unuttular. Onlara iyi gelen, k\u00f6t\u00fc hissettiren veya hi\u00e7bir etkisi olmayan t\u00fcm her \u015feyi unuttular. Gelecekleri h\u00e2l\u00e2 bir s\u0131r olsa bile o an unutuldu. <\/p>\n","protected":false},"excerpt":{"rendered":"<p>Batan g\u00fcne\u015fi izledi Corvus bir s\u00fcre, &#8220;E\u011fer hi\u00e7 batmasayd\u0131 bu muhte\u015fem varl\u0131k, do\u011fu\u015funun bir \u00f6nemi olur muydu?&#8221; diye f\u0131s\u0131ldad\u0131 sessizce. &#8220;Bunu daha \u00f6nce hi\u00e7 d\u00fc\u015f\u00fcnmemi\u015ftim Diversum<span class=\"excerpt-hellip\"> [\u2026]<\/span><\/p>\n","protected":false},"featured_media":0,"template":"","meta":{"_monsterinsights_skip_tracking":false,"_monsterinsights_sitenote_active":false,"_monsterinsights_sitenote_note":"","_monsterinsights_sitenote_category":0},"product_brand":[],"product_cat":[12291,14777],"product_tag":[],"class_list":{"0":"post-770623","1":"product","2":"type-product","3":"status-publish","5":"product_cat-edebiyat","6":"product_cat-fantastik","7":"pa_cilt-ciltsiz","8":"pa_tur-kitap","9":"pa_yayinevi-elpis-yayinlari","10":"pa_yazar-alperen-anik","12":"first","13":"instock","14":"sale","15":"shipping-taxable","16":"purchasable","17":"product-type-simple"},"_links":{"self":[{"href":"https:\/\/roveyayinevi.com.tr\/index.php\/wp-json\/wp\/v2\/product\/770623","targetHints":{"allow":["GET"]}}],"collection":[{"href":"https:\/\/roveyayinevi.com.tr\/index.php\/wp-json\/wp\/v2\/product"}],"about":[{"href":"https:\/\/roveyayinevi.com.tr\/index.php\/wp-json\/wp\/v2\/types\/product"}],"wp:attachment":[{"href":"https:\/\/roveyayinevi.com.tr\/index.php\/wp-json\/wp\/v2\/media?parent=770623"}],"wp:term":[{"taxonomy":"product_brand","embeddable":true,"href":"https:\/\/roveyayinevi.com.tr\/index.php\/wp-json\/wp\/v2\/product_brand?post=770623"},{"taxonomy":"product_cat","embeddable":true,"href":"https:\/\/roveyayinevi.com.tr\/index.php\/wp-json\/wp\/v2\/product_cat?post=770623"},{"taxonomy":"product_tag","embeddable":true,"href":"https:\/\/roveyayinevi.com.tr\/index.php\/wp-json\/wp\/v2\/product_tag?post=770623"}],"curies":[{"name":"wp","href":"https:\/\/api.w.org\/{rel}","templated":true}]}}