{"id":770622,"date":"2025-08-28T14:36:41","date_gmt":"2025-08-28T11:36:41","guid":{"rendered":"https:\/\/roveyayinevi.com.tr\/index.php\/urun\/bekledigin-kisi-sensin\/"},"modified":"2026-04-15T03:37:07","modified_gmt":"2026-04-15T00:37:07","slug":"bekledigin-kisi-sensin","status":"publish","type":"product","link":"https:\/\/roveyayinevi.com.tr\/index.php\/urun\/bekledigin-kisi-sensin\/","title":{"rendered":"Bekledi\u011fin Ki\u015fi Sensin"},"content":{"rendered":"<p>\u0130\u00e7sel Aile Sistemleri Modelinin Yak\u0131n \u0130li\u015fkilere Uygulanmas\u0131 Richard Schwartz\u2019\u0131n Devrim Niteli\u011findeki Kitab\u0131: Bekledi\u011fin Ki\u015fi Sensin    Kendini sevmek, \u00f6zg\u00fcven kazanmak ve sa\u011fl\u0131kl\u0131 ili\u015fkiler kurmak \u00fczerine say\u0131s\u0131z kitap yaz\u0131ld\u0131. Ancak \u00e7ok az\u0131 ger\u00e7ek d\u00f6n\u00fc\u015f\u00fcm i\u00e7in etkili bir y\u00f6ntem sunabiliyor. Psikoterapist ve \u0130\u00e7sel Aile Sistemleri (IFS) kurucusu Richard Schwartz, Bekledi\u011fin Ki\u015fi Sensin\u2019de, ili\u015fkilerde ya\u015fad\u0131\u011f\u0131m\u0131z temel sorunlar\u0131n k\u00f6kenine inerek, okuyucuyu i\u00e7sel \u015fefkat ve kendine liderlik yolculu\u011funa davet ediyor. Bu kitap, yaln\u0131zca romantik ili\u015fkileri de\u011fil, bireyin kendi i\u00e7 d\u00fcnyas\u0131yla kurdu\u011fu ba\u011f\u0131 da k\u00f6kten de\u011fi\u015ftiren bir rehber niteli\u011finde.    Neden Bu Kitab\u0131 Okumal\u0131s\u0131n?  \u0130li\u015fkilerde s\u00fcrekli benzer sorunlarla kar\u015f\u0131la\u015f\u0131yor, sevgiye ve de\u011fere lay\u0131k olmad\u0131\u011f\u0131n\u0131 hissediyor, ba\u015fkalar\u0131n\u0131n seni tamamlamas\u0131n\u0131 bekliyor ya da duygusal ba\u011f\u0131ml\u0131l\u0131kla m\u00fccadele ediyorsan, bu kitap tam sana g\u00f6re! Schwartz, IFS metodolojisiyle, i\u00e7imizde var olan farkl\u0131 \u201cpar\u00e7alar\u0131m\u0131z\u0131n\u201d nas\u0131l \u00e7al\u0131\u015ft\u0131\u011f\u0131n\u0131 ve onlar\u0131n yaralar\u0131n\u0131 nas\u0131l \u015fefkatle iyile\u015ftirebilece\u011fimizi anlat\u0131yor.    Kitab\u0131n sundu\u011fu kazan\u0131mlar:  \u00b7           Kendini ele\u015ftirmek yerine anlayarak i\u00e7sel bar\u0131\u015fa ula\u015fma  \u00b7           Duygusal ba\u011f\u0131ml\u0131l\u0131\u011f\u0131 a\u015farak sa\u011fl\u0131kl\u0131 ili\u015fkiler kurma  \u00b7           Romantik ili\u015fkilerde tekrar eden kal\u0131plar\u0131 fark etme ve de\u011fi\u015ftirme  \u00b7           Kendi i\u00e7 liderli\u011fini ke\u015ffederek \u00f6z g\u00fcven geli\u015ftirme  \u00b7           Sevgi ve kabul\u00fc \u00f6nce kendine vererek d\u0131\u015f d\u00fcnyaya daha sa\u011flam ad\u0131mlar atma    Richard Schwartz Kimdir?  Dr. Richard Schwartz, psikoterapi d\u00fcnyas\u0131nda \u00e7\u0131\u011f\u0131r a\u00e7an \u0130\u00e7sel Aile Sistemleri (Internal Family Systems \u2013 IFS) modelinin kurucusudur. Kendi terapi prati\u011finde, insanlar\u0131n i\u00e7 d\u00fcnyalar\u0131nda farkl\u0131 sesler ve par\u00e7alar ta\u015f\u0131d\u0131\u011f\u0131n\u0131 fark eden Schwartz, bu par\u00e7alar\u0131n birbirleriyle nas\u0131l etkile\u015fime girdi\u011fini anlamak i\u00e7in yeni bir yakla\u015f\u0131m geli\u015ftirdi. IFS, g\u00fcn\u00fcm\u00fczde travma terapisi, ki\u015fisel geli\u015fim ve ruh sa\u011fl\u0131\u011f\u0131 alanlar\u0131nda en etkili y\u00f6ntemlerden biri olarak kabul ediliyor.  Schwartz\u2019\u0131n geli\u015ftirdi\u011fi model, yaln\u0131zca terapistlerin de\u011fil, kendi i\u00e7 d\u00fcnyas\u0131n\u0131 ke\u015ffetmek isteyen herkesin kullanabilece\u011fi pratik bir yol haritas\u0131 sunuyor. Travmay\u0131 iyile\u015ftirmek \u00fczerine yazd\u0131\u011f\u0131 Bozuk Par\u00e7an Yok ile t\u00fcm d\u00fcnyada \u00e7oksatan listelerini alt\u00fcst eden yazar, kendimizi anlama ve kendimizle ili\u015fki kurma konusunda devrim niteli\u011finde bir paradigma \u00f6\u011fretiyor.    Bu Kitap Kimin \u0130\u00e7in?  \u00b7           Kendi i\u00e7indeki \u00e7at\u0131\u015fmalar\u0131 anlamak ve \u00e7\u00f6zmek isteyenler  \u00b7           \u0130li\u015fkilerde s\u00fcrekli ayn\u0131 d\u00f6ng\u00fclere d\u00fc\u015fmekten yorulanlar  \u00b7           Kendi de\u011ferini d\u0131\u015far\u0131da aramak yerine, i\u00e7sel g\u00fcven ve sevgiyi bulmak isteyenler  \u00b7           Kendini daha derinlemesine tan\u0131mak ve kabul etmek isteyenler  \u00b7           IFS modelini \u00f6\u011frenerek hayat\u0131na uygulamak isteyenler    Art\u0131k Beklemek Yok, \u00c7\u00f6z\u00fcm Sende!  Bu kitap, hayat\u0131n boyunca ba\u015fkalar\u0131n\u0131n seni iyile\u015ftirmesini beklemek yerine, kendi i\u00e7sel liderli\u011fini nas\u0131l ele alabilece\u011fini g\u00f6steren g\u00fc\u00e7l\u00fc bir rehber. Bekledi\u011fin ki\u015fi, tam olarak sensin!  <\/p>\n","protected":false},"excerpt":{"rendered":"<p>\u0130\u00e7sel Aile Sistemleri Modelinin Yak\u0131n \u0130li\u015fkilere Uygulanmas\u0131 Richard Schwartz\u2019\u0131n Devrim Niteli\u011findeki Kitab\u0131: Bekledi\u011fin Ki\u015fi Sensin Kendini sevmek, \u00f6zg\u00fcven kazanmak ve sa\u011fl\u0131kl\u0131 ili\u015fkiler kurmak \u00fczerine say\u0131s\u0131z kitap<span class=\"excerpt-hellip\"> [\u2026]<\/span><\/p>\n","protected":false},"featured_media":0,"template":"","meta":{"_monsterinsights_skip_tracking":false,"_monsterinsights_sitenote_active":false,"_monsterinsights_sitenote_note":"","_monsterinsights_sitenote_category":0},"product_brand":[],"product_cat":[12358,12357],"product_tag":[],"class_list":{"0":"post-770622","1":"product","2":"type-product","3":"status-publish","5":"product_cat-genel-psikoloji","6":"product_cat-psikoloji","7":"pa_cilt-ciltsiz","8":"pa_tur-kitap","9":"pa_yayinevi-okuyan-us-yayin","10":"pa_yazar-richard-schwartz","12":"first","13":"instock","14":"sale","15":"shipping-taxable","16":"purchasable","17":"product-type-simple"},"_links":{"self":[{"href":"https:\/\/roveyayinevi.com.tr\/index.php\/wp-json\/wp\/v2\/product\/770622","targetHints":{"allow":["GET"]}}],"collection":[{"href":"https:\/\/roveyayinevi.com.tr\/index.php\/wp-json\/wp\/v2\/product"}],"about":[{"href":"https:\/\/roveyayinevi.com.tr\/index.php\/wp-json\/wp\/v2\/types\/product"}],"wp:attachment":[{"href":"https:\/\/roveyayinevi.com.tr\/index.php\/wp-json\/wp\/v2\/media?parent=770622"}],"wp:term":[{"taxonomy":"product_brand","embeddable":true,"href":"https:\/\/roveyayinevi.com.tr\/index.php\/wp-json\/wp\/v2\/product_brand?post=770622"},{"taxonomy":"product_cat","embeddable":true,"href":"https:\/\/roveyayinevi.com.tr\/index.php\/wp-json\/wp\/v2\/product_cat?post=770622"},{"taxonomy":"product_tag","embeddable":true,"href":"https:\/\/roveyayinevi.com.tr\/index.php\/wp-json\/wp\/v2\/product_tag?post=770622"}],"curies":[{"name":"wp","href":"https:\/\/api.w.org\/{rel}","templated":true}]}}