{"id":770620,"date":"2025-08-28T14:36:35","date_gmt":"2025-08-28T11:36:35","guid":{"rendered":"https:\/\/roveyayinevi.com.tr\/index.php\/urun\/kiyamet-virusu\/"},"modified":"2026-04-15T03:37:07","modified_gmt":"2026-04-15T00:37:07","slug":"kiyamet-virusu","status":"publish","type":"product","link":"https:\/\/roveyayinevi.com.tr\/index.php\/urun\/kiyamet-virusu\/","title":{"rendered":"K\u0131yamet Vir\u00fcs\u00fc"},"content":{"rendered":"<p>\u201cBildi\u011finiz d\u00fcnyay\u0131 unutun! O art\u0131k yok, yitip gitti. Satran\u00e7 tahtas\u0131 eski oyuncular\u0131ndan temizlendi. Yeni bir d\u00fcnya buras\u0131! Kurallar de\u011fi\u015fti, oyuncular de\u011fi\u015fti. Ta\u015flar yeni bir oyun i\u00e7in dizildi tahtaya\u2026\u201d   ***   Bir zamanlar\u0131n kurtar\u0131c\u0131lar\u0131, \u015fimdi \u201cKurt\u201d ve \u201cKuzgun\u201d olarak bilinen iki Ejderan. Kadim bir lanetin i\u015faretiyle birle\u015fen bu ikili, gelece\u011fin sava\u015f\u00e7\u0131s\u0131 m\u0131 yoksa son umudu mu olacak?   \u201cD\u00fcnya bamba\u015fka bir \u015fekil ald\u0131\u011f\u0131nda gelecek Kalgan\u00e7\u0131 \u00c7ak. Say\u0131s\u0131z mevsim d\u00f6ng\u00fcs\u00fc ge\u00e7ecek. \u0130nsan uruklar\u0131 (halklar\u0131) t\u00fcm d\u00fcnyay\u0131 dolduracak. Demirden atlara binecekler, ku\u015flar gibi u\u00e7acaklar, kocaman, ta\u015ftan da\u011fa benzer kulelerde kar\u0131ncalar gibi \u00fcst \u00fcste ya\u015fayacaklar. Her \u015feyleri olacak ama ruhlar\u0131 \u00e7\u00fcr\u00fcm\u00fc\u015f olacak. Uruklar birbirlerini bo\u011fazlarken, Alb\u0131z (\u015feytan) \u00fcstlerine k\u00f6rm\u00f6slerini (iblis) salacak. Ba\u015fka d\u00fcnyalardan gelen k\u00f6rm\u00f6sler bunlar, insanl\u0131\u011fa y\u0131k\u0131m ve hastal\u0131k yayacaklar. Uruklar, uruklar\u0131n kurdu olacak, d\u00fcnya ortadan ikiye b\u00f6l\u00fcnecek. G\u00fcne\u015fin do\u011fdu\u011fu topraklar temiz, batt\u0131\u011f\u0131 topraklar hastal\u0131kl\u0131 kalacak.\u201d   2090 y\u0131l\u0131n\u0131n \u0130stanbul\u2019undan, Karakurum\u2019un \u00fcrk\u00fct\u00fcc\u00fc da\u011flar\u0131na; modern \u015fehirlerden harap olmu\u015f topraklara uzanan nefes kesici bir yolculuk\u2026 Ge\u00e7mi\u015f ve gelece\u011fin, mitoloji ve ger\u00e7ekli\u011fin birle\u015fti\u011fi bu d\u00fcnyada, kader \u00e7izgileri yeniden \u00e7iziliyor. Mitolojik bir ge\u00e7mi\u015ften, karanl\u0131k bir gelece\u011fe uzanan bu destans\u0131 yolculukta, insano\u011flu hayatta kalmay\u0131 ba\u015farabilecek mi? Yoksa d\u00fcnya tamamen ejderanlar\u0131n, zombilerin ve g\u00f6lgelerin oyun alan\u0131na m\u0131 d\u00f6n\u00fc\u015fecek? Kurt ve Kuzgun\u2019un izinden gidin ve soruyu sorun: Bu k\u0131yametten geriye kim kalacak?<\/p>\n","protected":false},"excerpt":{"rendered":"<p>\u201cBildi\u011finiz d\u00fcnyay\u0131 unutun! O art\u0131k yok, yitip gitti. Satran\u00e7 tahtas\u0131 eski oyuncular\u0131ndan temizlendi. Yeni bir d\u00fcnya buras\u0131! Kurallar de\u011fi\u015fti, oyuncular de\u011fi\u015fti. Ta\u015flar yeni bir oyun i\u00e7in<span class=\"excerpt-hellip\"> [\u2026]<\/span><\/p>\n","protected":false},"featured_media":0,"template":"","meta":{"_monsterinsights_skip_tracking":false,"_monsterinsights_sitenote_active":false,"_monsterinsights_sitenote_note":"","_monsterinsights_sitenote_category":0},"product_brand":[],"product_cat":[12540,12291],"product_tag":[],"class_list":{"0":"post-770620","1":"product","2":"type-product","3":"status-publish","5":"product_cat-bilim-kurgu","6":"product_cat-edebiyat","7":"pa_cilt-ciltsiz","8":"pa_tur-kitap","9":"pa_yayinevi-perseus","10":"pa_yazar-kaan-karacaalp-mehmet-fuat-atalayer","12":"first","13":"instock","14":"sale","15":"shipping-taxable","16":"purchasable","17":"product-type-simple"},"_links":{"self":[{"href":"https:\/\/roveyayinevi.com.tr\/index.php\/wp-json\/wp\/v2\/product\/770620","targetHints":{"allow":["GET"]}}],"collection":[{"href":"https:\/\/roveyayinevi.com.tr\/index.php\/wp-json\/wp\/v2\/product"}],"about":[{"href":"https:\/\/roveyayinevi.com.tr\/index.php\/wp-json\/wp\/v2\/types\/product"}],"wp:attachment":[{"href":"https:\/\/roveyayinevi.com.tr\/index.php\/wp-json\/wp\/v2\/media?parent=770620"}],"wp:term":[{"taxonomy":"product_brand","embeddable":true,"href":"https:\/\/roveyayinevi.com.tr\/index.php\/wp-json\/wp\/v2\/product_brand?post=770620"},{"taxonomy":"product_cat","embeddable":true,"href":"https:\/\/roveyayinevi.com.tr\/index.php\/wp-json\/wp\/v2\/product_cat?post=770620"},{"taxonomy":"product_tag","embeddable":true,"href":"https:\/\/roveyayinevi.com.tr\/index.php\/wp-json\/wp\/v2\/product_tag?post=770620"}],"curies":[{"name":"wp","href":"https:\/\/api.w.org\/{rel}","templated":true}]}}