{"id":770619,"date":"2025-08-28T14:36:33","date_gmt":"2025-08-28T11:36:33","guid":{"rendered":"https:\/\/roveyayinevi.com.tr\/index.php\/urun\/butun-cocuklar-iyidir-2\/"},"modified":"2026-04-15T03:37:07","modified_gmt":"2026-04-15T00:37:07","slug":"butun-cocuklar-iyidir-2","status":"publish","type":"product","link":"https:\/\/roveyayinevi.com.tr\/index.php\/urun\/butun-cocuklar-iyidir-2\/","title":{"rendered":"B\u00fct\u00fcn \u00c7ocuklar \u0130yidir"},"content":{"rendered":"<p>\u00c7ocuklu\u011fa Dair Bir Manifesto: B\u00fct\u00fcn \u00c7ocuklar \u0130yidir    Nihan Kaya, \u00e7a\u011fda\u015f edebiyat ve psikoloji alan\u0131nda kaleme ald\u0131\u011f\u0131 eserleriyle bireyin ruhsal d\u00fcnyas\u0131n\u0131 en derin noktalar\u0131na kadar irdeleyen bir yazar. Onu yaln\u0131zca bir edebiyat\u00e7\u0131 ya da yaln\u0131zca bir psikoloji yazar\u0131 olarak s\u0131n\u0131rlamak haks\u0131zl\u0131k olur; \u00e7\u00fcnk\u00fc o, yazd\u0131\u011f\u0131 her metinde edebiyat\u0131n ruhunu ve psikolojinin ger\u00e7ekli\u011fini i\u00e7 i\u00e7e ge\u00e7irerek okurun zihninde ve kalbinde derin izler b\u0131rak\u0131yor. B\u00fct\u00fcn \u00c7ocuklar \u0130yidir de tam olarak b\u00f6yle bir kitap.  Bu eser, Kaya\u2019n\u0131n ebeveynlik, aile ve toplum kavramlar\u0131n\u0131 sorgulad\u0131\u011f\u0131 \u00fc\u00e7lemesinin \u00fc\u00e7\u00fcnc\u00fc halkas\u0131. \u0130yi Aile Yoktur\u2019da aile kavram\u0131n\u0131n mitini y\u0131km\u0131\u015f, \u0130yi Toplum Yoktur\u2019da toplumun birey \u00fczerindeki bask\u0131lar\u0131n\u0131 irdelemi\u015fti. B\u00fct\u00fcn \u00c7ocuklar \u0130yidir ise, ad\u0131ndan da anla\u015f\u0131laca\u011f\u0131 gibi, bu yap\u0131n\u0131n en temel unsuruna, \u00e7ocu\u011fa ve \u00e7ocu\u011fun haklar\u0131na odaklan\u0131yor.  \u00c7ocukluk: G\u00fcc\u00fcm\u00fcz\u00fc Ald\u0131\u011f\u0131m\u0131z Yer  Nihan Kaya, \u00e7ocuklar\u0131n d\u00fcnyaya yarat\u0131c\u0131 ve \u00f6zg\u00fcr bir zihinle geldiklerini ama yeti\u015fkinlerin onlar\u0131 toplumsal normlara uydurabilmek i\u00e7in sistematik bir bi\u00e7imde bask\u0131lad\u0131\u011f\u0131n\u0131 savunuyor. Yeti\u015fkinlerin \u201cterbiye\u201d ve \u201ce\u011fitim\u201d ad\u0131 alt\u0131nda \u00e7ocuklara uygulad\u0131\u011f\u0131 m\u00fcdahalelerin do\u011fu\u015ftan getirdi\u011fimiz geli\u015fme kapasitemize ket vurdu\u011funu, bizi kendimize ve potansiyellerimize yabanc\u0131la\u015ft\u0131rd\u0131\u011f\u0131n\u0131 anlat\u0131yor.  Yazar\u0131n \u201cBu kitap bir \u00e7ocuk kitab\u0131d\u0131r\u201d ifadesi, geleneksel anlamda bir \u00e7ocuk kitab\u0131 okuma beklentisi olanlar\u0131 \u015fa\u015f\u0131rtabilir. \u00c7\u00fcnk\u00fc B\u00fct\u00fcn \u00c7ocuklar \u0130yidir, bildi\u011fimiz \u00e7ocuk kitaplar\u0131ndan \u00e7ok farkl\u0131. Burada masallar, fantastik karakterler ya da mutlu son vaatleri yok. Bunun yerine \u00e7ocuklar\u0131n ve i\u00e7imizdeki \u00e7ocuklar\u0131n d\u00fcnyas\u0131na, onlar\u0131n hissettiklerine ve nas\u0131l \u015fekillendirildiklerine dair \u00e7arp\u0131c\u0131 bir bak\u0131\u015f a\u00e7\u0131s\u0131 sunuluyor.   B\u00fct\u00fcn \u00c7ocuklar \u0130yidir, anne-baba ve \u00e7ocuk aras\u0131ndaki s\u0131n\u0131rlar ba\u015fta olmak \u00fczere s\u0131n\u0131rlar\u0131m\u0131z\u0131 bilelim ve ona g\u00f6re hareket edelim diye yaz\u0131ld\u0131. S\u0131n\u0131rlar\u0131m\u0131z nerede ba\u015fl\u0131yor, nerede bitiyor? S\u0131n\u0131rlar\u0131m\u0131z\u0131 nas\u0131l koruyabiliriz? S\u0131n\u0131rlar\u0131m\u0131z\u0131 korumak neden hi\u00e7 kimseyi incitmez? Kitap bu sorular\u0131n cevab\u0131n\u0131 her ya\u015fta insan\u0131n anlayaca\u011f\u0131 \u015fekilde cevaplamaya \u00e7al\u0131\u015f\u0131yor. G\u00fcc\u00fcm\u00fcz, \u00e7ocuklu\u011fumuzda ve i\u00e7imizde ya\u015fayan \u00e7ocukta sakl\u0131. B\u00fct\u00fcn \u00c7ocuklar \u0130yidir, ka\u00e7 ya\u015f\u0131nda olursak olal\u0131m i\u00e7imizdeki \u00e7ocukla ba\u011f kurmak ve onu g\u00fc\u00e7lendirmek amac\u0131n\u0131 ta\u015f\u0131yan bir rehber.    \u00c7ocukluk, Yeti\u015fkinli\u011fi Belirler  \u00c7ocuklukta ya\u015fanan her \u015fey, insan\u0131n yeti\u015fkinli\u011fini belirler. Bir \u00e7ocu\u011fa nas\u0131l yakla\u015f\u0131rsak onun hayata bak\u0131\u015f\u0131n\u0131 da o y\u00f6nde \u015fekillendiririz. Sevgiyle b\u00fcy\u00fct\u00fclen, iradesine sayg\u0131 duyulan, d\u00fc\u015f\u00fcncelerine de\u011fer verilen \u00e7ocuklar ba\u015fkalar\u0131na da sayg\u0131 duyan, sa\u011fl\u0131kl\u0131 bireyler olurken; bask\u0131lanan, duygular\u0131 k\u00fc\u00e7\u00fcmsenen, iradeleri yok say\u0131lan \u00e7ocuklar ilerleyen y\u0131llarda kendi i\u00e7 seslerini duyamayan yeti\u015fkinlere d\u00f6n\u00fc\u015f\u00fcyor.  Yazar, ebeveynlerin kendi \u00e7ocukluk yaralar\u0131n\u0131 fark edemedikleri \u00f6l\u00e7\u00fcde \u00e7ocuklar\u0131na iyi niyetle de olsa nas\u0131l zarar verebildi\u011fini bu kitapta \u00f6rneklerle g\u00f6steriyor. Kendi ac\u0131lar\u0131n\u0131 bast\u0131ran yeti\u015fkinler, fark\u0131nda olmadan \u00e7ocuklar\u0131na da ayn\u0131 ac\u0131y\u0131 miras b\u0131rak\u0131yor. B\u00f6ylece nesilden nesle aktar\u0131lan bir travma d\u00f6ng\u00fcs\u00fc olu\u015fuyor. Kaya\u2019n\u0131n temel derdi, bu d\u00f6ng\u00fcy\u00fc fark ettirmek ve k\u0131rmak. Bu kitap, ister \u00e7ocuk olal\u0131m ister yeti\u015fkin, kendi duygular\u0131m\u0131z\u0131 daha iyi tan\u0131yabilmemiz i\u00e7in.    \u00c7ocu\u011fun \u0130radesine Sayg\u0131n\u0131n \u00d6nemi  \u201cSa\u011fl\u0131kl\u0131 \u00e7ocuk, kar\u015f\u0131 \u00e7\u0131kabilen \u00e7ocuktur.\u201d der Nihan Kaya. Kaya, kitap boyunca \u00e7ocu\u011fun iradesine sayg\u0131n\u0131n ne kadar ya\u015famsal oldu\u011funu vurguluyor. \u00c7ocuklar\u0131n en \u00e7ok oyun oynarken, hayal kurarken, d\u00fcnyay\u0131 ke\u015ffederken kendileri olduklar\u0131n\u0131 s\u00f6yl\u00fcyor. Ancak okul, aile, toplum d\u00fczeni derken \u00e7ocuklar giderek daha az hayal kurar, daha az sorgular ve yeti\u015fkinlerin istedi\u011fi \u201cuyumlu bireyler\u201d h\u00e2line gelir. Oysa ger\u00e7ekten mutlu ve sa\u011fl\u0131kl\u0131 bir toplum, uyumlu bireyler de\u011fil, \u00f6zg\u00fcr d\u00fc\u015f\u00fcnebilen, duygular\u0131n\u0131n fark\u0131nda olan, kendisine yap\u0131lan\u0131 sorgulayabilen bireyler ile olu\u015fabilir.    Bir \u00dc\u00e7lemenin Son Halkas\u0131: Aile, Toplum ve \u00c7ocukluk  B\u00fct\u00fcn \u00c7ocuklar \u0130yidir, Nihan Kaya\u2019n\u0131n \u00f6nceki kitaplar\u0131yla bir b\u00fct\u00fcn olu\u015fturuyor. \u0130yi Aile Yoktur, geleneksel aile yap\u0131s\u0131n\u0131n kutsalla\u015ft\u0131r\u0131lmas\u0131n\u0131 sorgularken, \u0130yi Toplum Yoktur bireyin toplum taraf\u0131ndan nas\u0131l \u015fekillendirildi\u011fini inceliyordu. Bu kitap ise her \u015feyin ba\u015flang\u0131\u00e7 noktas\u0131na, \u00e7ocuklu\u011fa ve \u00e7ocu\u011fun haklar\u0131na d\u00f6nerek \u00fc\u00e7lemeyi tamaml\u0131yor.  Kaya\u2019n\u0131n bu \u00fc\u00e7 kitapta da vurgulad\u0131\u011f\u0131 ortak nokta \u015fu: \u0130nsan, kendisini yaratmak \u00fczere potansiyellerle do\u011far ve kendimizi ger\u00e7ekle\u015ftirmeyi arzu etti\u011fimiz potansiyellerimizin hepsi iyidir, bu potansiyellerin \u201ce\u011fitilmeye\u201d ihtiyac\u0131 yoktur. Toplum, aile ve sistem bu potansiyellerin ger\u00e7ekle\u015fmesi yerine \u00e7ocu\u011fun \u201ce\u011fitilmesine\u201d odakland\u0131\u011f\u0131 i\u00e7in \u00f6zdeki iyi ger\u00e7ekle\u015femez. \u201cK\u00f6t\u00fc\u201d dedi\u011fimiz \u015fey, kendimizi ger\u00e7ekle\u015ftirmek istedi\u011fimiz \u201ciyi\u201d potansiyellerimizin engellenmesinden kaynaklanmaktad\u0131r. Bu d\u00f6ng\u00fcy\u00fc k\u0131rmak, o engellerin oraya ne zaman, nas\u0131l yerle\u015ftirildi\u011fini anlamakla m\u00fcmk\u00fcn.  \u201c\u0130\u00e7imizdeki \u00e7ocuk asla k\u00f6t\u00fc, yanl\u0131\u015f, eksik davranmaz.\u201d diyor Nihan Kaya. Peki nas\u0131l? Bizim \u201ck\u00f6t\u00fc davran\u0131\u015f\u201d dedi\u011fimiz \u015fey o zaman ne? Kaya kitab\u0131nda bu sorular\u0131n cevab\u0131n\u0131 irdeliyor. Bireysel ve toplumsal iyinin asl\u0131nda \u00e7at\u0131\u015fmad\u0131\u011f\u0131n\u0131 iddia ederek.   <\/p>\n","protected":false},"excerpt":{"rendered":"<p>\u00c7ocuklu\u011fa Dair Bir Manifesto: B\u00fct\u00fcn \u00c7ocuklar \u0130yidir Nihan Kaya, \u00e7a\u011fda\u015f edebiyat ve psikoloji alan\u0131nda kaleme ald\u0131\u011f\u0131 eserleriyle bireyin ruhsal d\u00fcnyas\u0131n\u0131 en derin noktalar\u0131na kadar irdeleyen bir<span class=\"excerpt-hellip\"> [\u2026]<\/span><\/p>\n","protected":false},"featured_media":0,"template":"","meta":{"_monsterinsights_skip_tracking":false,"_monsterinsights_sitenote_active":false,"_monsterinsights_sitenote_note":"","_monsterinsights_sitenote_category":0},"product_brand":[],"product_cat":[12679,12357],"product_tag":[],"class_list":{"0":"post-770619","1":"product","2":"type-product","3":"status-publish","5":"product_cat-cocuk-psikolojisi","6":"product_cat-psikoloji","7":"pa_cilt-ciltsiz","8":"pa_tur-kitap","9":"pa_yayinevi-okuyan-us-yayin","10":"pa_yazar-nihan-kaya","12":"first","13":"instock","14":"sale","15":"shipping-taxable","16":"purchasable","17":"product-type-simple"},"_links":{"self":[{"href":"https:\/\/roveyayinevi.com.tr\/index.php\/wp-json\/wp\/v2\/product\/770619","targetHints":{"allow":["GET"]}}],"collection":[{"href":"https:\/\/roveyayinevi.com.tr\/index.php\/wp-json\/wp\/v2\/product"}],"about":[{"href":"https:\/\/roveyayinevi.com.tr\/index.php\/wp-json\/wp\/v2\/types\/product"}],"wp:attachment":[{"href":"https:\/\/roveyayinevi.com.tr\/index.php\/wp-json\/wp\/v2\/media?parent=770619"}],"wp:term":[{"taxonomy":"product_brand","embeddable":true,"href":"https:\/\/roveyayinevi.com.tr\/index.php\/wp-json\/wp\/v2\/product_brand?post=770619"},{"taxonomy":"product_cat","embeddable":true,"href":"https:\/\/roveyayinevi.com.tr\/index.php\/wp-json\/wp\/v2\/product_cat?post=770619"},{"taxonomy":"product_tag","embeddable":true,"href":"https:\/\/roveyayinevi.com.tr\/index.php\/wp-json\/wp\/v2\/product_tag?post=770619"}],"curies":[{"name":"wp","href":"https:\/\/api.w.org\/{rel}","templated":true}]}}