{"id":770618,"date":"2025-08-28T14:36:30","date_gmt":"2025-08-28T11:36:30","guid":{"rendered":"https:\/\/roveyayinevi.com.tr\/index.php\/urun\/hezeyan-fabrikasi\/"},"modified":"2026-04-15T03:37:07","modified_gmt":"2026-04-15T00:37:07","slug":"hezeyan-fabrikasi","status":"publish","type":"product","link":"https:\/\/roveyayinevi.com.tr\/index.php\/urun\/hezeyan-fabrikasi\/","title":{"rendered":"Hezeyan Fabrikas\u0131"},"content":{"rendered":"<p>\u201cGer\u00e7ek; sadece kurgudur. \u00c7o\u011fu zaman i\u00e7inde yer almay\u0131 tercih etti\u011fimiz, bazen de i\u00e7inde yer almaya zorland\u0131\u011f\u0131m\u0131z bir hik\u00e2yedir.\u201d -M.E.   \u201cDu\u0308s\u0327u\u0308nu\u0308n; hayaller \u015fehri I\u0307stanbul\u2019un hayalet kalemleri, yitik bir a\u015fk\u0131 kurtarmak ic\u0327in seferber olmu\u015f\u0327. Bu art\u0131k sadece bir kampanya deg\u0306il, y\u0131l\u0131n sanat olay\u0131d\u0131r.\u201d -Kampanya So\u0308zcu\u0308cu\u0308 Asl\u0131 Y.   \u201cDijital istismar\u0131n belirtileri paranoyak s\u0327izofreniye benzer. Kan\u0131tlamas\u0131 zordur.  Ama telif haklar\u0131 so\u0308z konusu olursa o davay\u0131 kazanabiliriz.\u201d -Avukat Zuhal   \u201cHic\u0327 tan\u0131mad\u0131g\u0306\u0131n, asla yu\u0308zu\u0308nu\u0308 go\u0308rmeyeceg\u0306in biri seni kimsenin anlayamad\u0131g\u0306\u0131 kadar iyi anlayabilir ve anlatabilir\u2026 Sen bir kahramans\u0131n. Sen bu hika\u0302yenin y\u0131ld\u0131z\u0131s\u0131n.\u201d -En gu\u0308zel as\u0327k romanlar\u0131n\u0131n yazar\u0131 M.   \u201cKimse konus\u0327mayacakt\u0131r. Zaten faillerin c\u0327og\u0306u utanc\u0327 verici bir olaya kar\u0131s\u0327t\u0131g\u0306\u0131n\u0131 du\u0308s\u0327u\u0308nmek bile istemez.\u201d -Adem\u2019in Askerleri   ***   Olaylar 2015-16 Tu\u0308rkiye\u2019sinde gec\u0327er. Kahramanlar\u0131m\u0131z kendi hayatlar\u0131n\u0131n komplo teorileriyle bog\u0306us\u0327urken; haber alma hakk\u0131n\u0131n hu\u0308ku\u0308mranl\u0131g\u0306\u0131n\u0131 ancak bas\u0327ka hayatlar\u0131n u\u0308zerinde su\u0308rdu\u0308rebildig\u0306i, kurgunun gerc\u0327eg\u0306in yerini ald\u0131g\u0306\u0131 bir tuhaf zamanda teker teker kendi sonlar\u0131n\u0131 bulurlar. Bulduklar\u0131 anda da hika\u0302yeden c\u0327\u0131karlar c\u0327u\u0308nku\u0308: Bir yerde s\u0131rlar\u0131n c\u0327\u0131tas\u0131 yu\u0308ksekse o\u0308nemsiz olaylar kars\u0327\u0131s\u0131nda susmak mes\u0327rudur.   Neyin gerc\u0327ek neyin ru\u0308ya oldug\u0306unu bilemedig\u0306imiz bu c\u0327arp\u0131c\u0131 hika\u0302yede, kimin dost, kimin du\u0308s\u0327man oldug\u0306unu ay\u0131rt etmek de mu\u0308mku\u0308n deg\u0306il. Kurtulus\u0327 mu\u0308mku\u0308n mu\u0308, yoksa bizi daha bu\u0308yu\u0308k bir kaybolus\u0327 mu bekliyor?   \u201cHezeyan Fabrikas\u0131, as\u0327k\u0131n karanl\u0131k dehlizlerinde dolas\u0327an bir hayal k\u0131r\u0131kl\u0131g\u0306\u0131 ve direnis\u0327 destan\u0131.\u201d<\/p>\n","protected":false},"excerpt":{"rendered":"<p>\u201cGer\u00e7ek; sadece kurgudur. \u00c7o\u011fu zaman i\u00e7inde yer almay\u0131 tercih etti\u011fimiz, bazen de i\u00e7inde yer almaya zorland\u0131\u011f\u0131m\u0131z bir hik\u00e2yedir.\u201d -M.E. \u201cDu\u0308s\u0327u\u0308nu\u0308n; hayaller \u015fehri I\u0307stanbul\u2019un hayalet kalemleri, yitik<span class=\"excerpt-hellip\"> [\u2026]<\/span><\/p>\n","protected":false},"featured_media":0,"template":"","meta":{"_monsterinsights_skip_tracking":false,"_monsterinsights_sitenote_active":false,"_monsterinsights_sitenote_note":"","_monsterinsights_sitenote_category":0},"product_brand":[],"product_cat":[12291,12711],"product_tag":[],"class_list":{"0":"post-770618","1":"product","2":"type-product","3":"status-publish","5":"product_cat-edebiyat","6":"product_cat-roman-oyku","7":"pa_cilt-ciltsiz","8":"pa_tur-kitap","9":"pa_yayinevi-perseus","10":"pa_yazar-handan-saatcioglu-gurses","12":"first","13":"instock","14":"sale","15":"shipping-taxable","16":"purchasable","17":"product-type-simple"},"_links":{"self":[{"href":"https:\/\/roveyayinevi.com.tr\/index.php\/wp-json\/wp\/v2\/product\/770618","targetHints":{"allow":["GET"]}}],"collection":[{"href":"https:\/\/roveyayinevi.com.tr\/index.php\/wp-json\/wp\/v2\/product"}],"about":[{"href":"https:\/\/roveyayinevi.com.tr\/index.php\/wp-json\/wp\/v2\/types\/product"}],"wp:attachment":[{"href":"https:\/\/roveyayinevi.com.tr\/index.php\/wp-json\/wp\/v2\/media?parent=770618"}],"wp:term":[{"taxonomy":"product_brand","embeddable":true,"href":"https:\/\/roveyayinevi.com.tr\/index.php\/wp-json\/wp\/v2\/product_brand?post=770618"},{"taxonomy":"product_cat","embeddable":true,"href":"https:\/\/roveyayinevi.com.tr\/index.php\/wp-json\/wp\/v2\/product_cat?post=770618"},{"taxonomy":"product_tag","embeddable":true,"href":"https:\/\/roveyayinevi.com.tr\/index.php\/wp-json\/wp\/v2\/product_tag?post=770618"}],"curies":[{"name":"wp","href":"https:\/\/api.w.org\/{rel}","templated":true}]}}