{"id":770617,"date":"2025-08-28T14:36:27","date_gmt":"2025-08-28T11:36:27","guid":{"rendered":"https:\/\/roveyayinevi.com.tr\/index.php\/urun\/yasam-ve-yaraticilik-uzerine-12-nota\/"},"modified":"2026-04-15T03:37:07","modified_gmt":"2026-04-15T00:37:07","slug":"yasam-ve-yaraticilik-uzerine-12-nota","status":"publish","type":"product","link":"https:\/\/roveyayinevi.com.tr\/index.php\/urun\/yasam-ve-yaraticilik-uzerine-12-nota\/","title":{"rendered":"Ya\u015fam ve Yarat\u0131c\u0131l\u0131k \u00dczerine 12 Nota"},"content":{"rendered":"<p>Tek umudum, benden sonra gelenlere her \u015feyi ger\u00e7ekle\u015ftirmeleri i\u00e7in ilham verebilmek. Ortak \u00e7abalar\u0131m\u0131z bir\u00e7ok \u201cilk\u201d ortaya \u00e7\u0131kars\u0131n ama \u201ctek seferlik\u201dler yaratmas\u0131n.   D\u00fcnyan\u0131n say\u0131l\u0131 m\u00fczisyenlerinden, prod\u00fckt\u00f6rlerinden ve ak\u0131l hocalar\u0131ndan biri olan Quincy Jones, Ya\u015fam ve Yarat\u0131c\u0131l\u0131k \u00dczerine 12 Nota adl\u0131 kitab\u0131nda yarat\u0131c\u0131l\u0131k, ya\u015fam ve m\u00fckemmellik aray\u0131\u015f\u0131 \u00fczerine d\u00fc\u015f\u00fcncelerini samimi bir dille ortaya koyuyor.   Ba\u015far\u0131l\u0131 ve \u00e7ok \u00f6d\u00fcll\u00fc bir m\u00fczisyen olmas\u0131n\u0131n yan\u0131 s\u0131ra hayat\u0131 sonuna kadar kucaklayan bir \u00f6\u011fretmen de olan Jones, m\u00fczikle yo\u011frulmu\u015f ya\u015fam\u0131n\u0131, kar\u015f\u0131la\u015ft\u0131\u011f\u0131 zorluklar\u0131 ve bu zorluklar kar\u015f\u0131s\u0131ndaki direncini t\u00fcm yal\u0131nl\u0131\u011f\u0131yla g\u00f6zler \u00f6n\u00fcne seriyor.   Her b\u00f6l\u00fcm\u00fc bir notayla adland\u0131r\u0131lan bu kitapta, 12 notaya kar\u015f\u0131l\u0131k 12 unutulmaz ya\u015fam dersi okurlar\u0131 bekliyor. Hayat\u0131n bir melodi gibi ak\u0131p gitti\u011fini, kimi zaman g\u00fc\u00e7l\u00fc bir akor, kimi zaman derin bir sessizlik oldu\u011funu ancak her zaman cesaretle ba\u015flamas\u0131 gerekti\u011fini ke\u015ffederken, Quincy Jones\u2019un b\u00fcy\u00fcleyici yolculu\u011funa tan\u0131kl\u0131k edecek ve onunla birlikte hayat\u0131n 12 notas\u0131n\u0131 ke\u015ffedeceksiniz.   \u00d6zellikle yarat\u0131c\u0131l\u0131k gerektiren i\u015flerle u\u011fra\u015fanlar\u0131n ba\u015fucu kitab\u0131 olmaya aday Ya\u015fam ve Yarat\u0131c\u0131l\u0131k \u00dczerine 12 Nota\u2019da herkes i\u00e7in bir \u015feyler var. <\/p>\n","protected":false},"excerpt":{"rendered":"<p>Tek umudum, benden sonra gelenlere her \u015feyi ger\u00e7ekle\u015ftirmeleri i\u00e7in ilham verebilmek. Ortak \u00e7abalar\u0131m\u0131z bir\u00e7ok \u201cilk\u201d ortaya \u00e7\u0131kars\u0131n ama \u201ctek seferlik\u201dler yaratmas\u0131n. D\u00fcnyan\u0131n say\u0131l\u0131 m\u00fczisyenlerinden, prod\u00fckt\u00f6rlerinden ve<span class=\"excerpt-hellip\"> [\u2026]<\/span><\/p>\n","protected":false},"featured_media":0,"template":"","meta":{"_monsterinsights_skip_tracking":false,"_monsterinsights_sitenote_active":false,"_monsterinsights_sitenote_note":"","_monsterinsights_sitenote_category":0},"product_brand":[],"product_cat":[14009,12291],"product_tag":[],"class_list":{"0":"post-770617","1":"product","2":"type-product","3":"status-publish","5":"product_cat-biyografi-otobiyografi-edebiyat","6":"product_cat-edebiyat","7":"pa_cilt-ciltsiz","8":"pa_tur-kitap","9":"pa_yayinevi-epsilon-yayinlari","10":"pa_yazar-quincy-jones","12":"first","13":"instock","14":"sale","15":"shipping-taxable","16":"purchasable","17":"product-type-simple"},"_links":{"self":[{"href":"https:\/\/roveyayinevi.com.tr\/index.php\/wp-json\/wp\/v2\/product\/770617","targetHints":{"allow":["GET"]}}],"collection":[{"href":"https:\/\/roveyayinevi.com.tr\/index.php\/wp-json\/wp\/v2\/product"}],"about":[{"href":"https:\/\/roveyayinevi.com.tr\/index.php\/wp-json\/wp\/v2\/types\/product"}],"wp:attachment":[{"href":"https:\/\/roveyayinevi.com.tr\/index.php\/wp-json\/wp\/v2\/media?parent=770617"}],"wp:term":[{"taxonomy":"product_brand","embeddable":true,"href":"https:\/\/roveyayinevi.com.tr\/index.php\/wp-json\/wp\/v2\/product_brand?post=770617"},{"taxonomy":"product_cat","embeddable":true,"href":"https:\/\/roveyayinevi.com.tr\/index.php\/wp-json\/wp\/v2\/product_cat?post=770617"},{"taxonomy":"product_tag","embeddable":true,"href":"https:\/\/roveyayinevi.com.tr\/index.php\/wp-json\/wp\/v2\/product_tag?post=770617"}],"curies":[{"name":"wp","href":"https:\/\/api.w.org\/{rel}","templated":true}]}}