{"id":770615,"date":"2025-08-28T14:36:22","date_gmt":"2025-08-28T11:36:22","guid":{"rendered":"https:\/\/roveyayinevi.com.tr\/index.php\/urun\/dislerin-dansi\/"},"modified":"2026-04-15T03:37:07","modified_gmt":"2026-04-15T00:37:07","slug":"dislerin-dansi","status":"publish","type":"product","link":"https:\/\/roveyayinevi.com.tr\/index.php\/urun\/dislerin-dansi\/","title":{"rendered":"Di\u015flerin Dans\u0131"},"content":{"rendered":"<p>Di\u015flerin dans edebildi\u011fini biliyor muydun? Ege\u2019nin di\u015f kontrol\u00fc g\u00fcn\u00fc gelip \u00e7att\u0131\u011f\u0131nda hi\u00e7 beklemedi\u011fi bir s\u00fcrprizle kar\u015f\u0131la\u015f\u0131r: Saklanan bir di\u015fi vard\u0131r! Onu bulmak i\u00e7in di\u015flerinin dans\u0131na kat\u0131lmal\u0131 ve doktorunun verdi\u011fi g\u00f6revi tamamlamal\u0131d\u0131r. Ege\u2019yle birlikte di\u015flerin e\u011flenceli d\u00fcnyas\u0131n\u0131 ke\u015ffetmeye haz\u0131r m\u0131s\u0131n? <\/p>\n","protected":false},"excerpt":{"rendered":"<p>Di\u015flerin dans edebildi\u011fini biliyor muydun? Ege\u2019nin di\u015f kontrol\u00fc g\u00fcn\u00fc gelip \u00e7att\u0131\u011f\u0131nda hi\u00e7 beklemedi\u011fi bir s\u00fcrprizle kar\u015f\u0131la\u015f\u0131r: Saklanan bir di\u015fi vard\u0131r! Onu bulmak i\u00e7in di\u015flerinin dans\u0131na kat\u0131lmal\u0131<span class=\"excerpt-hellip\"> [\u2026]<\/span><\/p>\n","protected":false},"featured_media":0,"template":"","meta":{"_monsterinsights_skip_tracking":false,"_monsterinsights_sitenote_active":false,"_monsterinsights_sitenote_note":"","_monsterinsights_sitenote_category":0},"product_brand":[],"product_cat":[12274],"product_tag":[],"class_list":{"0":"post-770615","1":"product","2":"type-product","3":"status-publish","5":"product_cat-cocuk-ve-genclik-kitaplari","6":"pa_cilt-ciltsiz","7":"pa_tur-kitap","8":"pa_yayinevi-perseus","9":"pa_yazar-nazli-karaca-kurt","11":"first","12":"instock","13":"sale","14":"shipping-taxable","15":"purchasable","16":"product-type-simple"},"_links":{"self":[{"href":"https:\/\/roveyayinevi.com.tr\/index.php\/wp-json\/wp\/v2\/product\/770615","targetHints":{"allow":["GET"]}}],"collection":[{"href":"https:\/\/roveyayinevi.com.tr\/index.php\/wp-json\/wp\/v2\/product"}],"about":[{"href":"https:\/\/roveyayinevi.com.tr\/index.php\/wp-json\/wp\/v2\/types\/product"}],"wp:attachment":[{"href":"https:\/\/roveyayinevi.com.tr\/index.php\/wp-json\/wp\/v2\/media?parent=770615"}],"wp:term":[{"taxonomy":"product_brand","embeddable":true,"href":"https:\/\/roveyayinevi.com.tr\/index.php\/wp-json\/wp\/v2\/product_brand?post=770615"},{"taxonomy":"product_cat","embeddable":true,"href":"https:\/\/roveyayinevi.com.tr\/index.php\/wp-json\/wp\/v2\/product_cat?post=770615"},{"taxonomy":"product_tag","embeddable":true,"href":"https:\/\/roveyayinevi.com.tr\/index.php\/wp-json\/wp\/v2\/product_tag?post=770615"}],"curies":[{"name":"wp","href":"https:\/\/api.w.org\/{rel}","templated":true}]}}