{"id":770614,"date":"2025-08-28T14:36:20","date_gmt":"2025-08-28T11:36:20","guid":{"rendered":"https:\/\/roveyayinevi.com.tr\/index.php\/urun\/dusuncelerimizi-duzenlemek-tavsan-canla-felsefeye-ilk-adim-kilavuzu\/"},"modified":"2026-04-15T03:37:07","modified_gmt":"2026-04-15T00:37:07","slug":"dusuncelerimizi-duzenlemek-tavsan-canla-felsefeye-ilk-adim-kilavuzu","status":"publish","type":"product","link":"https:\/\/roveyayinevi.com.tr\/index.php\/urun\/dusuncelerimizi-duzenlemek-tavsan-canla-felsefeye-ilk-adim-kilavuzu\/","title":{"rendered":"D\u00fc\u015f\u00fcncelerimizi D\u00fczenlemek: Tav\u015fan Can\u2019la Felsefeye \u0130lk Ad\u0131m K\u0131lavuzu"},"content":{"rendered":"<p>D\u00fc\u015f\u00fcncenin g\u00fcc\u00fcn\u00fc ke\u015ffetmeye haz\u0131r m\u0131s\u0131n\u0131z? Bazen zihnimiz sorularla dolup ta\u015far: Kimim ben? D\u00fc\u015f\u00fcncelerimnereden geliyor? Ya d\u00fcnya sand\u0131\u011f\u0131m\u0131zdan \u00e7ok daha farkl\u0131ysa?D\u00fc\u015f\u00fcncelerimizi anlamak, sorgulamak ve daha iyi ifade etmek i\u00e7inTav\u015fan Can\u2019la maceraya \u00e7\u0131kmaya haz\u0131r m\u0131s\u0131n\u0131z? D\u00fc\u015f\u00fcncelerimizi D\u00fczenlemek, \u00e7ocuklar\u0131 felsefenin b\u00fcy\u00fcl\u00fc d\u00fcnyas\u0131nadavet eden e\u011flenceli ve d\u00fc\u015f\u00fcnd\u00fcr\u00fcc\u00fc bir\u00e7ok etkinlikle bulu\u015fturuyor.Tav\u015fan Can\u2019\u0131n kendi d\u00fc\u015f\u00fcncelerini ke\u015ffetme ser\u00fcveni, \u00e7ocuklara ele\u015ftireld\u00fc\u015f\u00fcnme, mant\u0131k y\u00fcr\u00fctme ve sorgulama becerileri kazand\u0131r\u0131rken, ayn\u0131zamanda onlar\u0131 e\u011flenceli bir ke\u015ffe \u00e7\u0131kar\u0131yor. Matthew Lipman, bu kitapta \u00e7ocuklar\u0131n hem kendileriyle hem ded\u00fcnyayla daha derin ba\u011f kurmalar\u0131na yard\u0131mc\u0131 olmay\u0131 hedefliyor.Ebeveynler ve e\u011fitimciler i\u00e7in de yol g\u00f6sterici nitelikte olan bu k\u0131lavuz,felsefeyi g\u00fcnl\u00fck hayat\u0131n bir par\u00e7as\u0131 h\u00e2line getiriyor.<\/p>\n","protected":false},"excerpt":{"rendered":"<p>D\u00fc\u015f\u00fcncenin g\u00fcc\u00fcn\u00fc ke\u015ffetmeye haz\u0131r m\u0131s\u0131n\u0131z? Bazen zihnimiz sorularla dolup ta\u015far: Kimim ben? D\u00fc\u015f\u00fcncelerimnereden geliyor? Ya d\u00fcnya sand\u0131\u011f\u0131m\u0131zdan \u00e7ok daha farkl\u0131ysa?D\u00fc\u015f\u00fcncelerimizi anlamak, sorgulamak ve daha iyi ifade<span class=\"excerpt-hellip\"> [\u2026]<\/span><\/p>\n","protected":false},"featured_media":0,"template":"","meta":{"_monsterinsights_skip_tracking":false,"_monsterinsights_sitenote_active":false,"_monsterinsights_sitenote_note":"","_monsterinsights_sitenote_category":0},"product_brand":[],"product_cat":[12389,12388],"product_tag":[],"class_list":{"0":"post-770614","1":"product","2":"type-product","3":"status-publish","5":"product_cat-diger-felsefe","6":"product_cat-felsefe","7":"pa_cilt-ciltsiz","8":"pa_tur-kitap","9":"pa_yayinevi-epsilon-yayinlari","10":"pa_yazar-matthew-lipman","12":"first","13":"instock","14":"sale","15":"shipping-taxable","16":"purchasable","17":"product-type-simple"},"_links":{"self":[{"href":"https:\/\/roveyayinevi.com.tr\/index.php\/wp-json\/wp\/v2\/product\/770614","targetHints":{"allow":["GET"]}}],"collection":[{"href":"https:\/\/roveyayinevi.com.tr\/index.php\/wp-json\/wp\/v2\/product"}],"about":[{"href":"https:\/\/roveyayinevi.com.tr\/index.php\/wp-json\/wp\/v2\/types\/product"}],"wp:attachment":[{"href":"https:\/\/roveyayinevi.com.tr\/index.php\/wp-json\/wp\/v2\/media?parent=770614"}],"wp:term":[{"taxonomy":"product_brand","embeddable":true,"href":"https:\/\/roveyayinevi.com.tr\/index.php\/wp-json\/wp\/v2\/product_brand?post=770614"},{"taxonomy":"product_cat","embeddable":true,"href":"https:\/\/roveyayinevi.com.tr\/index.php\/wp-json\/wp\/v2\/product_cat?post=770614"},{"taxonomy":"product_tag","embeddable":true,"href":"https:\/\/roveyayinevi.com.tr\/index.php\/wp-json\/wp\/v2\/product_tag?post=770614"}],"curies":[{"name":"wp","href":"https:\/\/api.w.org\/{rel}","templated":true}]}}