{"id":770613,"date":"2025-08-28T14:36:18","date_gmt":"2025-08-28T11:36:18","guid":{"rendered":"https:\/\/roveyayinevi.com.tr\/index.php\/urun\/dalgadaki-kopuk\/"},"modified":"2026-04-07T03:31:04","modified_gmt":"2026-04-07T00:31:04","slug":"dalgadaki-kopuk","status":"publish","type":"product","link":"https:\/\/roveyayinevi.com.tr\/index.php\/urun\/dalgadaki-kopuk\/","title":{"rendered":"Dalgadaki K\u00f6p\u00fck"},"content":{"rendered":"<p>&#8216;Dalgalarda olu\u015fan deniz k\u00f6p\u00fc\u011f\u00fc bir s\u00fcre y\u00fczeyde kal\u0131r, r\u00fczg\u00e2r\u0131n etkisiyle kaybolur.\u2019   I\u015f\u0131lt\u0131l\u0131 ofisler, b\u00fcy\u00fck toplant\u0131lar ve sonsuz g\u00fc\u00e7 vaatleri. Kurumsal hayat\u0131n bo\u015flu\u011fu, ge\u00e7icili\u011fi, \u00e7\u0131kar odakl\u0131 ili\u015fkiler ve t\u00fckenmeyen h\u0131rslar. Unutulan zaferler, yenilgiler. Ve geri gelmeyen zaman.   Melis, g\u00fc\u00e7l\u00fc olmak i\u00e7in bencille\u015fmeyi, kazanmak i\u00e7in kaybetmeyi g\u00f6ze alm\u0131\u015ft\u0131. Peki, bu g\u00fcc\u00fcn ve ihti\u015fam\u0131n bedeli neydi? H\u0131rs\u0131 ona yol g\u00f6steren bir \u0131\u015f\u0131k m\u0131yd\u0131, i\u00e7indeki karanl\u0131\u011f\u0131 besleyen bir alev mi?   \u00c7i\u011fdem Turgay&#8217;\u0131n \u00fc\u00e7\u00fcnc\u00fc roman\u0131 Dalgadaki K\u00f6p\u00fck&#8217;de, ba\u015far\u0131l\u0131 olmak i\u00e7in her yolu deneyen Melis&#8217;in entrikalar ve sahte dostluklarla dolu bir d\u00fcnyadaki d\u00f6n\u00fc\u015f\u00fcm\u00fcne tan\u0131k olacaks\u0131n\u0131z. Ger\u00e7ek ile yalan\u0131n i\u00e7 i\u00e7e ge\u00e7ti\u011fi bu hikayede, zirveye t\u0131rman\u0131rken kaybolan bir ruhun izini s\u00fcreceksiniz..<\/p>\n","protected":false},"excerpt":{"rendered":"<p>&#8216;Dalgalarda olu\u015fan deniz k\u00f6p\u00fc\u011f\u00fc bir s\u00fcre y\u00fczeyde kal\u0131r, r\u00fczg\u00e2r\u0131n etkisiyle kaybolur.\u2019 I\u015f\u0131lt\u0131l\u0131 ofisler, b\u00fcy\u00fck toplant\u0131lar ve sonsuz g\u00fc\u00e7 vaatleri. Kurumsal hayat\u0131n bo\u015flu\u011fu, ge\u00e7icili\u011fi, \u00e7\u0131kar odakl\u0131 ili\u015fkiler<span class=\"excerpt-hellip\"> [\u2026]<\/span><\/p>\n","protected":false},"featured_media":0,"template":"","meta":{"_monsterinsights_skip_tracking":false,"_monsterinsights_sitenote_active":false,"_monsterinsights_sitenote_note":"","_monsterinsights_sitenote_category":0},"product_brand":[],"product_cat":[12291,12711],"product_tag":[],"class_list":{"0":"post-770613","1":"product","2":"type-product","3":"status-publish","5":"product_cat-edebiyat","6":"product_cat-roman-oyku","7":"pa_cilt-ciltsiz","8":"pa_tur-kitap","9":"pa_yayinevi-perseus","10":"pa_yazar-cigdem-turgay","12":"first","13":"instock","14":"sale","15":"shipping-taxable","16":"purchasable","17":"product-type-simple"},"_links":{"self":[{"href":"https:\/\/roveyayinevi.com.tr\/index.php\/wp-json\/wp\/v2\/product\/770613","targetHints":{"allow":["GET"]}}],"collection":[{"href":"https:\/\/roveyayinevi.com.tr\/index.php\/wp-json\/wp\/v2\/product"}],"about":[{"href":"https:\/\/roveyayinevi.com.tr\/index.php\/wp-json\/wp\/v2\/types\/product"}],"wp:attachment":[{"href":"https:\/\/roveyayinevi.com.tr\/index.php\/wp-json\/wp\/v2\/media?parent=770613"}],"wp:term":[{"taxonomy":"product_brand","embeddable":true,"href":"https:\/\/roveyayinevi.com.tr\/index.php\/wp-json\/wp\/v2\/product_brand?post=770613"},{"taxonomy":"product_cat","embeddable":true,"href":"https:\/\/roveyayinevi.com.tr\/index.php\/wp-json\/wp\/v2\/product_cat?post=770613"},{"taxonomy":"product_tag","embeddable":true,"href":"https:\/\/roveyayinevi.com.tr\/index.php\/wp-json\/wp\/v2\/product_tag?post=770613"}],"curies":[{"name":"wp","href":"https:\/\/api.w.org\/{rel}","templated":true}]}}