{"id":770612,"date":"2025-08-28T14:36:16","date_gmt":"2025-08-28T11:36:16","guid":{"rendered":"https:\/\/roveyayinevi.com.tr\/index.php\/urun\/corvus\/"},"modified":"2026-04-15T03:37:07","modified_gmt":"2026-04-15T00:37:07","slug":"corvus","status":"publish","type":"product","link":"https:\/\/roveyayinevi.com.tr\/index.php\/urun\/corvus\/","title":{"rendered":"Corvus"},"content":{"rendered":"<p>Bazen bir cinayet, sadece bir cinayet de\u011fildir.   Emniyet te\u015fkilat\u0131n\u0131n en se\u00e7kin ekiplerinden A Tak\u0131m\u0131, Justinyen K\u00f6pr\u00fcs\u00fc&#8217;nde i\u015flenen t\u00fcyler \u00fcrpertici bir cinayetle kar\u015f\u0131 kar\u015f\u0131yad\u0131r. Kurban\u0131n ba\u015f\u0131na yerle\u015ftirilen \u00e7i\u00e7ek tac\u0131, duvara \u00e7izilen esrarengiz semboller ve kanla yaz\u0131lm\u0131\u015f mesaj\u2026 Bu, sadece bir katilin i\u015fi mi, yoksa \u00e7ok daha derinlere uzanan bir rit\u00fcelin par\u00e7as\u0131 m\u0131?   Ba\u015fkomiser Alp Korugan ve ekibi, ipu\u00e7lar\u0131n\u0131 bir araya getirirken cinayetin san\u0131landan \u00e7ok daha b\u00fcy\u00fck bir bilmece oldu\u011funu ke\u015ffeder. Ad\u0131m ad\u0131m ilerledik\u00e7e karanl\u0131k s\u0131rlar ortaya \u00e7\u0131kacak, ge\u00e7mi\u015f ile bug\u00fcn i\u00e7 i\u00e7e ge\u00e7ecek ve hi\u00e7bir \u015feyin tesad\u00fcf olmad\u0131\u011f\u0131 anla\u015f\u0131lacakt\u0131r.   Gerilim ve gizem dolu bir hik\u00e2yeye haz\u0131r olun. Bedelini kuzgunlar\u0131n \u00f6dedi\u011fi cinayetlere&#8230;     Corvus, sizi polisiyenin en karanl\u0131k k\u00f6\u015felerine g\u00f6t\u00fcrecek.<\/p>\n","protected":false},"excerpt":{"rendered":"<p>Bazen bir cinayet, sadece bir cinayet de\u011fildir. Emniyet te\u015fkilat\u0131n\u0131n en se\u00e7kin ekiplerinden A Tak\u0131m\u0131, Justinyen K\u00f6pr\u00fcs\u00fc&#8217;nde i\u015flenen t\u00fcyler \u00fcrpertici bir cinayetle kar\u015f\u0131 kar\u015f\u0131yad\u0131r. Kurban\u0131n ba\u015f\u0131na yerle\u015ftirilen<span class=\"excerpt-hellip\"> [\u2026]<\/span><\/p>\n","protected":false},"featured_media":0,"template":"","meta":{"_monsterinsights_skip_tracking":false,"_monsterinsights_sitenote_active":false,"_monsterinsights_sitenote_note":"","_monsterinsights_sitenote_category":0},"product_brand":[],"product_cat":[12291,15445],"product_tag":[],"class_list":{"0":"post-770612","1":"product","2":"type-product","3":"status-publish","5":"product_cat-edebiyat","6":"product_cat-polisiye","7":"pa_cilt-ciltsiz","8":"pa_tur-kitap","9":"pa_yayinevi-perseus","10":"pa_yazar-aykut-mehmet-bildan","12":"first","13":"instock","14":"sale","15":"shipping-taxable","16":"purchasable","17":"product-type-simple"},"_links":{"self":[{"href":"https:\/\/roveyayinevi.com.tr\/index.php\/wp-json\/wp\/v2\/product\/770612","targetHints":{"allow":["GET"]}}],"collection":[{"href":"https:\/\/roveyayinevi.com.tr\/index.php\/wp-json\/wp\/v2\/product"}],"about":[{"href":"https:\/\/roveyayinevi.com.tr\/index.php\/wp-json\/wp\/v2\/types\/product"}],"wp:attachment":[{"href":"https:\/\/roveyayinevi.com.tr\/index.php\/wp-json\/wp\/v2\/media?parent=770612"}],"wp:term":[{"taxonomy":"product_brand","embeddable":true,"href":"https:\/\/roveyayinevi.com.tr\/index.php\/wp-json\/wp\/v2\/product_brand?post=770612"},{"taxonomy":"product_cat","embeddable":true,"href":"https:\/\/roveyayinevi.com.tr\/index.php\/wp-json\/wp\/v2\/product_cat?post=770612"},{"taxonomy":"product_tag","embeddable":true,"href":"https:\/\/roveyayinevi.com.tr\/index.php\/wp-json\/wp\/v2\/product_tag?post=770612"}],"curies":[{"name":"wp","href":"https:\/\/api.w.org\/{rel}","templated":true}]}}