{"id":770611,"date":"2025-08-28T14:36:14","date_gmt":"2025-08-28T11:36:14","guid":{"rendered":"https:\/\/roveyayinevi.com.tr\/index.php\/urun\/bu-kente-orman-denir\/"},"modified":"2026-04-15T03:37:06","modified_gmt":"2026-04-15T00:37:06","slug":"bu-kente-orman-denir","status":"publish","type":"product","link":"https:\/\/roveyayinevi.com.tr\/index.php\/urun\/bu-kente-orman-denir\/","title":{"rendered":"Bu Kente Orman Denir"},"content":{"rendered":"<p>\u201cHer kim ki canavarlarla u\u011fra\u015fmakta, s\u00fcre\u00e7 i\u00e7inde kendinin de canavar olmamas\u0131na dikkat etmelidir. Cehennemi izlerken, cehennemin de sizi izledi\u011fini unutmay\u0131n.\u201d   Nietzsche   Karanl\u0131k, bazen insan\u0131n en derin korkular\u0131ndan do\u011far. Kimileri i\u00e7in efsane, kimileri i\u00e7in sadece eski bir masal olan g\u00f6lgeler, \u015fimdi kanl\u0131 bir ger\u00e7e\u011fe d\u00f6n\u00fc\u015f\u00fcyor. Bu bir sava\u015f de\u011fil; bir hesapla\u015fma. \u0130nsan ile bilinmeyen, ge\u00e7mi\u015f ile bug\u00fcn, ger\u00e7ek ile kabus aras\u0131ndaki s\u0131n\u0131r giderek siliniyor. Efsaneler ger\u00e7ek oluyor ve bu unutulmu\u015f\u0327 ge\u00e7mi\u015fin sisli ve tozlu sayfalar\u0131ndan f\u0131rlayan bir yarat\u0131k&#8230; Ad\u0131, ruhlarda korku ve ter\u00f6r estiren bir canavar. Onu durdurmak i\u00e7in se\u00e7ilmi\u015f bir adam ve bir kad\u0131n. Hayatta kalmak i\u00e7in eskiyi unutmak ve tekrar birbirlerine sar\u0131lmak zorundalar. Gecenin en karanl\u0131k an\u0131nda ba\u015flayan bu yolculuk, sadece hayatta kalma m\u00fccadelesi de\u011fil. Korkunun, ihanetin ve bilinmezli\u011fin kol gezdi\u011fi bir hik\u00e2yede, herkesin kendine sormas\u0131 gereken tek bir soru var: Avc\u0131 m\u0131s\u0131n, yoksa av m\u0131?   Ve av ba\u015flad\u0131.<\/p>\n","protected":false},"excerpt":{"rendered":"<p>\u201cHer kim ki canavarlarla u\u011fra\u015fmakta, s\u00fcre\u00e7 i\u00e7inde kendinin de canavar olmamas\u0131na dikkat etmelidir. Cehennemi izlerken, cehennemin de sizi izledi\u011fini unutmay\u0131n.\u201d Nietzsche Karanl\u0131k, bazen insan\u0131n en derin<span class=\"excerpt-hellip\"> [\u2026]<\/span><\/p>\n","protected":false},"featured_media":0,"template":"","meta":{"_monsterinsights_skip_tracking":false,"_monsterinsights_sitenote_active":false,"_monsterinsights_sitenote_note":"","_monsterinsights_sitenote_category":0},"product_brand":[],"product_cat":[12291,14777],"product_tag":[],"class_list":{"0":"post-770611","1":"product","2":"type-product","3":"status-publish","5":"product_cat-edebiyat","6":"product_cat-fantastik","7":"pa_cilt-ciltsiz","8":"pa_tur-kitap","9":"pa_yayinevi-perseus","10":"pa_yazar-kaan-karacaalp","12":"first","13":"instock","14":"sale","15":"shipping-taxable","16":"purchasable","17":"product-type-simple"},"_links":{"self":[{"href":"https:\/\/roveyayinevi.com.tr\/index.php\/wp-json\/wp\/v2\/product\/770611","targetHints":{"allow":["GET"]}}],"collection":[{"href":"https:\/\/roveyayinevi.com.tr\/index.php\/wp-json\/wp\/v2\/product"}],"about":[{"href":"https:\/\/roveyayinevi.com.tr\/index.php\/wp-json\/wp\/v2\/types\/product"}],"wp:attachment":[{"href":"https:\/\/roveyayinevi.com.tr\/index.php\/wp-json\/wp\/v2\/media?parent=770611"}],"wp:term":[{"taxonomy":"product_brand","embeddable":true,"href":"https:\/\/roveyayinevi.com.tr\/index.php\/wp-json\/wp\/v2\/product_brand?post=770611"},{"taxonomy":"product_cat","embeddable":true,"href":"https:\/\/roveyayinevi.com.tr\/index.php\/wp-json\/wp\/v2\/product_cat?post=770611"},{"taxonomy":"product_tag","embeddable":true,"href":"https:\/\/roveyayinevi.com.tr\/index.php\/wp-json\/wp\/v2\/product_tag?post=770611"}],"curies":[{"name":"wp","href":"https:\/\/api.w.org\/{rel}","templated":true}]}}