{"id":770610,"date":"2025-08-28T14:36:13","date_gmt":"2025-08-28T11:36:13","guid":{"rendered":"https:\/\/roveyayinevi.com.tr\/index.php\/urun\/is-bana-duser\/"},"modified":"2026-04-15T03:37:06","modified_gmt":"2026-04-15T00:37:06","slug":"is-bana-duser","status":"publish","type":"product","link":"https:\/\/roveyayinevi.com.tr\/index.php\/urun\/is-bana-duser\/","title":{"rendered":"\u0130\u015f Bana D\u00fc\u015fer"},"content":{"rendered":"<p>\u201cMillennial Therapist\u201d adl\u0131 sosyal medya hesab\u0131ylamilyonlarca ki\u015fiye ula\u015fan varolu\u015f\u00e7u psikoterapist Sara Kuburic\u2019ten benli\u011fimize ve hayat\u0131m\u0131za sahip \u00e7\u0131kmaya dair d\u00f6n\u00fc\u015ft\u00fcr\u00fcc\u00fc bir rehber. Pek \u00e7o\u011fumuz hayat\u0131m\u0131z\u0131n belirleyici alanlar\u0131nda kendimizi kay\u0131p hissediyoruz; aile, arkada\u015fl\u0131k, a\u015fk ve i\u015f ili\u015fkilerimizde kendimiz olamad\u0131\u011f\u0131m\u0131z davran\u0131\u015f \u00f6r\u00fcnt\u00fcleriyle m\u00fccadele ediyoruz. Toplumdan, medyadan, \u00e7evremizden bize yans\u0131t\u0131lan yan\u0131lt\u0131c\u0131 benlik imgelerini i\u00e7selle\u015ftirerek kim oldu\u011fumuza ve ger\u00e7ek hayallerimize uymayan ki\u015filik ve mutluluk idealleri olu\u015fturuyoruz. Bu da kendimize yabanc\u0131la\u015ft\u0131\u011f\u0131m\u0131z ve kime ait oldu\u011funu bilmez hale geldi\u011fimiz hayatlar ya\u015famam\u0131za yol a\u00e7\u0131yor.Peki bunlardan bir \u00e7\u0131k\u0131\u015f yolu var m\u0131? Varolu\u015f\u00e7u psikoterapist Sara Kuburic teorik ve klinik tecr\u00fcbesine dayanarak, ayn\u0131 zamanda kendi \u201cbenlik kayb\u0131\u201d deneyiminden yola \u00e7\u0131karak bize bu konuda bir yol haritas\u0131 sunuyor.Hayata ve kendimize dair ac\u0131 ger\u00e7eklerle y\u00fczle\u015ferek, se\u00e7imlerimizin ve eylemlerimizin sorumlulu\u011funu \u00fcstlenerek, duygular\u0131m\u0131zla ve bedenimizle temas halinde olarak, varolu\u015fumuzda anlaml\u0131 deneyimlere yer a\u00e7arak kim oldu\u011fumuzu kavraman\u0131n ve olmak istedi\u011fimiz ki\u015fiyi yaratman\u0131n yollar\u0131n\u0131 g\u00f6steriyor. B\u00f6ylece kendimiz oldu\u011fumuz anlaml\u0131 ve tatmin edici bir ya\u015fam s\u00fcrmenin m\u00fcmk\u00fcn oldu\u011funu ortaya koyuyor. Yeter ki \u00f6ncelikle \u201c\u0130\u015f Bana D\u00fc\u015fer\u201d diyerek bu yolda kararl\u0131l\u0131kla y\u00fcr\u00fcyelim\u2026<\/p>\n","protected":false},"excerpt":{"rendered":"<p>\u201cMillennial Therapist\u201d adl\u0131 sosyal medya hesab\u0131ylamilyonlarca ki\u015fiye ula\u015fan varolu\u015f\u00e7u psikoterapist Sara Kuburic\u2019ten benli\u011fimize ve hayat\u0131m\u0131za sahip \u00e7\u0131kmaya dair d\u00f6n\u00fc\u015ft\u00fcr\u00fcc\u00fc bir rehber. Pek \u00e7o\u011fumuz hayat\u0131m\u0131z\u0131n belirleyici alanlar\u0131nda<span class=\"excerpt-hellip\"> [\u2026]<\/span><\/p>\n","protected":false},"featured_media":0,"template":"","meta":{"_monsterinsights_skip_tracking":false,"_monsterinsights_sitenote_active":false,"_monsterinsights_sitenote_note":"","_monsterinsights_sitenote_category":0},"product_brand":[],"product_cat":[12358,12357],"product_tag":[],"class_list":{"0":"post-770610","1":"product","2":"type-product","3":"status-publish","5":"product_cat-genel-psikoloji","6":"product_cat-psikoloji","7":"pa_cilt-ciltsiz","8":"pa_tur-kitap","9":"pa_yayinevi-koridor-yayincilik","10":"pa_yazar-sara-kuburic","12":"first","13":"instock","14":"sale","15":"shipping-taxable","16":"purchasable","17":"product-type-simple"},"_links":{"self":[{"href":"https:\/\/roveyayinevi.com.tr\/index.php\/wp-json\/wp\/v2\/product\/770610","targetHints":{"allow":["GET"]}}],"collection":[{"href":"https:\/\/roveyayinevi.com.tr\/index.php\/wp-json\/wp\/v2\/product"}],"about":[{"href":"https:\/\/roveyayinevi.com.tr\/index.php\/wp-json\/wp\/v2\/types\/product"}],"wp:attachment":[{"href":"https:\/\/roveyayinevi.com.tr\/index.php\/wp-json\/wp\/v2\/media?parent=770610"}],"wp:term":[{"taxonomy":"product_brand","embeddable":true,"href":"https:\/\/roveyayinevi.com.tr\/index.php\/wp-json\/wp\/v2\/product_brand?post=770610"},{"taxonomy":"product_cat","embeddable":true,"href":"https:\/\/roveyayinevi.com.tr\/index.php\/wp-json\/wp\/v2\/product_cat?post=770610"},{"taxonomy":"product_tag","embeddable":true,"href":"https:\/\/roveyayinevi.com.tr\/index.php\/wp-json\/wp\/v2\/product_tag?post=770610"}],"curies":[{"name":"wp","href":"https:\/\/api.w.org\/{rel}","templated":true}]}}