{"id":770608,"date":"2025-08-28T14:36:09","date_gmt":"2025-08-28T11:36:09","guid":{"rendered":"https:\/\/roveyayinevi.com.tr\/index.php\/urun\/bozuk-ayna\/"},"modified":"2026-04-15T03:37:06","modified_gmt":"2026-04-15T00:37:06","slug":"bozuk-ayna","status":"publish","type":"product","link":"https:\/\/roveyayinevi.com.tr\/index.php\/urun\/bozuk-ayna\/","title":{"rendered":"Bozuk Ayna"},"content":{"rendered":"<p>Kendinizi Su\u00e7lamay\u0131 B\u0131rak\u0131n, Ger\u00e7e\u011fi G\u00f6r\u00fcn: Bozuk Ayna    Modern ili\u015fkilerde en b\u00fcy\u00fck \u00e7\u0131kmazlardan biri, kendimizi hep su\u00e7lu hissetmemizdir. Yanl\u0131\u015f insanlar\u0131 se\u00e7ti\u011fimiz, yeterince sevgi veremedi\u011fimiz ya da daha fazlas\u0131n\u0131 yapmam\u0131z gerekti\u011fi fikri bizi t\u00fcketir. Ama ya asl\u0131nda problem siz de\u011fil, kar\u015f\u0131n\u0131zdaki insan ya da i\u00e7inde bulundu\u011funuz dinamiklerse?  D\u00fcnyaca \u00fcnl\u00fc psikolog, ili\u015fki uzman\u0131 ve klinik profes\u00f6r Dr. Ramani Durvasula, Bozuk Ayna\u2019da tam da bu noktaya parmak bas\u0131yor. Narsist bireylerle kurulan y\u0131k\u0131c\u0131 ili\u015fkilerden nas\u0131l \u00e7\u0131k\u0131l\u0131r? Kendini su\u00e7lamay\u0131 b\u0131rak\u0131p sa\u011fl\u0131kl\u0131 s\u0131n\u0131rlar nas\u0131l \u00e7izilir? Ger\u00e7ek sevgiyle manip\u00fclasyonu nas\u0131l ay\u0131rt edebiliriz? Bu kitap, t\u00fcm bu sorulara yan\u0131t verirken i\u00e7sel d\u00f6n\u00fc\u015f\u00fcm\u00fcn\u00fcz\u00fc ba\u015flat\u0131yor.    D\u00fcnyada \u00c7ok Satan, D\u00f6n\u00fc\u015ft\u00fcr\u00fcc\u00fc Bir Rehber!  Bozuk Ayna, yay\u0131mland\u0131\u011f\u0131 andan itibaren b\u00fcy\u00fck ses getirdi. Amazon, Barnes &amp; Noble ve bir\u00e7ok uluslararas\u0131 platformda en \u00e7ok satanlar listesine girdi. \u0130nsan psikolojisini derinlemesine ele alan kitap, yaln\u0131zca teorik bir bak\u0131\u015f a\u00e7\u0131s\u0131 sunmakla kalm\u0131yor; ger\u00e7ek hayattan \u00f6rneklerle, terap\u00f6tik yakla\u015f\u0131mlarla ve pratik \u00e7\u00f6z\u00fcm yollar\u0131yla okurlar\u0131na yeni bir perspektif kazand\u0131r\u0131yor.  Dr. Ramani, \u00f6zellikle narsistik ki\u015filik bozuklu\u011fu, toksik ili\u015fkiler ve manip\u00fclatif davran\u0131\u015flar konusunda d\u00fcnyan\u0131n en sayg\u0131n uzmanlar\u0131ndan biri. Onu YouTube videolar\u0131ndan, TED konu\u015fmalar\u0131ndan ya da dan\u0131\u015fmanl\u0131klar\u0131ndan tan\u0131yorsan\u0131z, bu kitapla birlikte bilgisini \u00e7ok daha derin ve sistematik bir \u015fekilde sunuyor.    Bu Kitap Size Ne Kazand\u0131racak?  \u2714 Toksik ili\u015fkileri anlamay\u0131 ve kopmay\u0131  \u2714 Kendi duygusal ihtiya\u00e7lar\u0131n\u0131za \u00f6ncelik vermeyi  \u2714 S\u0131n\u0131rlar koymay\u0131 ve kendinizi savunmay\u0131  \u2714 Ger\u00e7ek sevgi ile y\u0131k\u0131c\u0131 ba\u011f\u0131ml\u0131l\u0131\u011f\u0131 ay\u0131rt etmeyi    E\u011fer ge\u00e7mi\u015f ili\u015fkilerinizde hep ayn\u0131 d\u00f6ng\u00fcleri ya\u015f\u0131yor ve nedenini anlayam\u0131yorsan\u0131z, su\u00e7u kendinizde aramay\u0131 b\u0131rakman\u0131n vakti geldi.  Bozuk Ayna, sadece bir ki\u015fisel geli\u015fim kitab\u0131 de\u011fil, duygusal olarak \u00f6zg\u00fcrle\u015fmenin anahtar\u0131! Kendinize yapabilece\u011finiz en b\u00fcy\u00fck iyiliklerden biri, ger\u00e7e\u011fi g\u00f6rmek ve art\u0131k y\u0131prat\u0131c\u0131 ili\u015fkilerin esiri olmamak.  \u015eimdi okuyun, \u00f6zg\u00fcrle\u015fin!  <\/p>\n","protected":false},"excerpt":{"rendered":"<p>Kendinizi Su\u00e7lamay\u0131 B\u0131rak\u0131n, Ger\u00e7e\u011fi G\u00f6r\u00fcn: Bozuk Ayna Modern ili\u015fkilerde en b\u00fcy\u00fck \u00e7\u0131kmazlardan biri, kendimizi hep su\u00e7lu hissetmemizdir. Yanl\u0131\u015f insanlar\u0131 se\u00e7ti\u011fimiz, yeterince sevgi veremedi\u011fimiz ya da daha<span class=\"excerpt-hellip\"> [\u2026]<\/span><\/p>\n","protected":false},"featured_media":0,"template":"","meta":{"_monsterinsights_skip_tracking":false,"_monsterinsights_sitenote_active":false,"_monsterinsights_sitenote_note":"","_monsterinsights_sitenote_category":0},"product_brand":[],"product_cat":[12358,12357],"product_tag":[],"class_list":{"0":"post-770608","1":"product","2":"type-product","3":"status-publish","5":"product_cat-genel-psikoloji","6":"product_cat-psikoloji","7":"pa_cilt-ciltsiz","8":"pa_tur-kitap","9":"pa_yayinevi-okuyan-us-yayin","10":"pa_yazar-ramani-durvasula","12":"first","13":"instock","14":"sale","15":"shipping-taxable","16":"purchasable","17":"product-type-simple"},"_links":{"self":[{"href":"https:\/\/roveyayinevi.com.tr\/index.php\/wp-json\/wp\/v2\/product\/770608","targetHints":{"allow":["GET"]}}],"collection":[{"href":"https:\/\/roveyayinevi.com.tr\/index.php\/wp-json\/wp\/v2\/product"}],"about":[{"href":"https:\/\/roveyayinevi.com.tr\/index.php\/wp-json\/wp\/v2\/types\/product"}],"wp:attachment":[{"href":"https:\/\/roveyayinevi.com.tr\/index.php\/wp-json\/wp\/v2\/media?parent=770608"}],"wp:term":[{"taxonomy":"product_brand","embeddable":true,"href":"https:\/\/roveyayinevi.com.tr\/index.php\/wp-json\/wp\/v2\/product_brand?post=770608"},{"taxonomy":"product_cat","embeddable":true,"href":"https:\/\/roveyayinevi.com.tr\/index.php\/wp-json\/wp\/v2\/product_cat?post=770608"},{"taxonomy":"product_tag","embeddable":true,"href":"https:\/\/roveyayinevi.com.tr\/index.php\/wp-json\/wp\/v2\/product_tag?post=770608"}],"curies":[{"name":"wp","href":"https:\/\/api.w.org\/{rel}","templated":true}]}}