{"id":770607,"date":"2025-08-28T14:36:08","date_gmt":"2025-08-28T11:36:08","guid":{"rendered":"https:\/\/roveyayinevi.com.tr\/index.php\/urun\/dunyanin-kotulugu\/"},"modified":"2026-04-15T03:37:06","modified_gmt":"2026-04-15T00:37:06","slug":"dunyanin-kotulugu","status":"publish","type":"product","link":"https:\/\/roveyayinevi.com.tr\/index.php\/urun\/dunyanin-kotulugu\/","title":{"rendered":"D\u00fcnyan\u0131n K\u00f6t\u00fcl\u00fc\u011f\u00fc"},"content":{"rendered":"<p>\u201cD\u00fcnyada en rahat hissetti\u011fin an, ona kar\u015f\u0131 en fazla sak\u0131nman gereken and\u0131r! D\u00fcnya ehli, ne zaman bir sevin\u00e7 i\u00e7inde huzura kavu\u015ftu\u011funu sansa, bir musibete s\u00fcr\u00fcklenir. D\u00fcnyada saadet pe\u015finde ko\u015fan kimse aldan\u0131r, iyilik yaparak fayda sa\u011flamaya \u00e7al\u0131\u015fan ise sonunda zarar g\u00f6r\u00fcr. \u00c7\u00fcnk\u00fc d\u00fcnya, bollu\u011fu s\u0131k\u0131nt\u0131yla, kal\u0131c\u0131l\u0131\u011f\u0131 yoklukla birle\u015ftirmi\u015ftir. Onun mutlulu\u011fu h\u00fcz\u00fcnle kar\u0131\u015f\u0131kt\u0131r, giden bir daha geri gelmez ve gelecek olan\u0131n ne olaca\u011f\u0131 bilinmez. D\u00fcnyan\u0131n vaatleri yaland\u0131r, \u00fcmitleri bo\u015ftur, saf nimetleri bulan\u0131kt\u0131r, hayat\u0131 s\u0131k\u0131nt\u0131larla doludur. \u0130nsano\u011flu burada s\u00fcrekli tehlike i\u00e7indedir; nimet i\u00e7inde olsa da bir tehlike, bela i\u00e7inde olsa da bir korku i\u00e7indedir.\u201d   *** Asr\u0131n\u0131n m\u00fcceddidi H\u00fcccet\u00fc\u2019l-\u0130slam \u0130mam Gazal\u00ee bu kitab\u0131nda \u201cd\u00fcnyan\u0131n k\u00f6t\u00fcl\u00fc\u011f\u00fcn\u00fc, gelip ge\u00e7ici halini, \u00f6nce kendini s\u00fcsl\u00fc g\u00f6sterip sonra \u00e7irkinliklerinin nas\u0131l ortaya \u00e7\u0131kt\u0131\u011f\u0131n\u0131\u201d merkeze al\u0131p anlat\u0131yor.<\/p>\n","protected":false},"excerpt":{"rendered":"<p>\u201cD\u00fcnyada en rahat hissetti\u011fin an, ona kar\u015f\u0131 en fazla sak\u0131nman gereken and\u0131r! D\u00fcnya ehli, ne zaman bir sevin\u00e7 i\u00e7inde huzura kavu\u015ftu\u011funu sansa, bir musibete s\u00fcr\u00fcklenir. D\u00fcnyada<span class=\"excerpt-hellip\"> [\u2026]<\/span><\/p>\n","protected":false},"featured_media":0,"template":"","meta":{"_monsterinsights_skip_tracking":false,"_monsterinsights_sitenote_active":false,"_monsterinsights_sitenote_note":"","_monsterinsights_sitenote_category":0},"product_brand":[],"product_cat":[12718],"product_tag":[],"class_list":{"0":"post-770607","1":"product","2":"type-product","3":"status-publish","5":"product_cat-din","6":"pa_cilt-ciltsiz","7":"pa_tur-kitap","8":"pa_yayinevi-nesil-yayinlari","9":"pa_yazar-imam-gazali","11":"first","12":"instock","13":"sale","14":"shipping-taxable","15":"purchasable","16":"product-type-simple"},"_links":{"self":[{"href":"https:\/\/roveyayinevi.com.tr\/index.php\/wp-json\/wp\/v2\/product\/770607","targetHints":{"allow":["GET"]}}],"collection":[{"href":"https:\/\/roveyayinevi.com.tr\/index.php\/wp-json\/wp\/v2\/product"}],"about":[{"href":"https:\/\/roveyayinevi.com.tr\/index.php\/wp-json\/wp\/v2\/types\/product"}],"wp:attachment":[{"href":"https:\/\/roveyayinevi.com.tr\/index.php\/wp-json\/wp\/v2\/media?parent=770607"}],"wp:term":[{"taxonomy":"product_brand","embeddable":true,"href":"https:\/\/roveyayinevi.com.tr\/index.php\/wp-json\/wp\/v2\/product_brand?post=770607"},{"taxonomy":"product_cat","embeddable":true,"href":"https:\/\/roveyayinevi.com.tr\/index.php\/wp-json\/wp\/v2\/product_cat?post=770607"},{"taxonomy":"product_tag","embeddable":true,"href":"https:\/\/roveyayinevi.com.tr\/index.php\/wp-json\/wp\/v2\/product_tag?post=770607"}],"curies":[{"name":"wp","href":"https:\/\/api.w.org\/{rel}","templated":true}]}}