{"id":770603,"date":"2025-08-28T14:36:01","date_gmt":"2025-08-28T11:36:01","guid":{"rendered":"https:\/\/roveyayinevi.com.tr\/index.php\/urun\/hayatimizin-en-uzun-kisi\/"},"modified":"2026-04-15T03:37:06","modified_gmt":"2026-04-15T00:37:06","slug":"hayatimizin-en-uzun-kisi","status":"publish","type":"product","link":"https:\/\/roveyayinevi.com.tr\/index.php\/urun\/hayatimizin-en-uzun-kisi\/","title":{"rendered":"Hayat\u0131m\u0131z\u0131n En Uzun K\u0131\u015f\u0131"},"content":{"rendered":"<p>\u201cHayat\u0131m\u0131z\u0131n en uzun k\u0131\u015f\u0131,\u201d demi\u015fti annem. \u00dc\u015f\u00fcmekten, bir de babam\u0131n yoklu\u011fundan uzayan g\u00fcnler, geceler, haftalar i\u00e7in. Anneannemin dedi\u011fi kadar vard\u0131, k\u00fcflenmi\u015f limon renginde, nemli, pis kokan bir \u015feydi kader dedikleri. Evin mavi badanas\u0131 ye\u015fermi\u015fti. Duvarlara s\u00fcrtt\u00fc\u011f\u00fcm ellerim ip gibi s\u0131zan \u00e7ivit mavisi bir s\u0131v\u0131yla boyan\u0131yordu. E\u011fer bir \u015feyler yap\u0131lmazsa ev havuza d\u00f6necekti. Bula\u015f\u0131k bir s\u0131v\u0131yla dolu, k\u00fcfl\u00fc, ye\u015fil bir havuz. Kader evimizi usulca ele ge\u00e7iriyordu. Divanlara, somyalara, yata\u011fa, yast\u0131\u011fa, hal\u0131ya, marleylerin \u00e7atlaklar\u0131na var\u0131ncaya kadar buldu\u011fu her gedi\u011fe, oyu\u011fa bula\u015f\u0131p yamya\u015f ediyordu, arkas\u0131nda kokusunu b\u0131rakarak.Hayat\u0131m\u0131z\u0131n En Uzun K\u0131\u015f\u0131 sars\u0131c\u0131, yak\u0131c\u0131, \u00f6fkeli bir kitap. Yazar, \u00f6yk\u00fclerdeki iyi, k\u00f6t\u00fc, s\u0131radan ya da zalim karakterleri oldu\u011fu gibi, abartmadan veya eksiltmeden okura yans\u0131tman\u0131n meram\u0131nda, daha fazlas\u0131n\u0131ysa okura b\u0131rak\u0131yor.Yoksunlar\u0131, t\u00fcrl\u00fc zorlu\u011fa ra\u011fmen ya\u015fama tutunmaya \u00e7al\u0131\u015fanlar\u0131, a\u00e7mazda kalanlar\u0131, yol ayr\u0131m\u0131nda bekleyenleri anlatan bu \u00f6yk\u00fcler, bug\u00fcn\u00fcn kayd\u0131n\u0131 tutarken okuru b\u00fcy\u00fck bir hesapla\u015fmaya davet ediyor.<\/p>\n","protected":false},"excerpt":{"rendered":"<p>\u201cHayat\u0131m\u0131z\u0131n en uzun k\u0131\u015f\u0131,\u201d demi\u015fti annem. \u00dc\u015f\u00fcmekten, bir de babam\u0131n yoklu\u011fundan uzayan g\u00fcnler, geceler, haftalar i\u00e7in. Anneannemin dedi\u011fi kadar vard\u0131, k\u00fcflenmi\u015f limon renginde, nemli, pis kokan<span class=\"excerpt-hellip\"> [\u2026]<\/span><\/p>\n","protected":false},"featured_media":0,"template":"","meta":{"_monsterinsights_skip_tracking":false,"_monsterinsights_sitenote_active":false,"_monsterinsights_sitenote_note":"","_monsterinsights_sitenote_category":0},"product_brand":[],"product_cat":[12291,12711],"product_tag":[],"class_list":{"0":"post-770603","1":"product","2":"type-product","3":"status-publish","5":"product_cat-edebiyat","6":"product_cat-roman-oyku","7":"pa_cilt-ciltsiz","8":"pa_tur-kitap","9":"pa_yayinevi-can-yayinlari","10":"pa_yazar-dilek-karaaslan","12":"first","13":"instock","14":"sale","15":"shipping-taxable","16":"purchasable","17":"product-type-simple"},"_links":{"self":[{"href":"https:\/\/roveyayinevi.com.tr\/index.php\/wp-json\/wp\/v2\/product\/770603","targetHints":{"allow":["GET"]}}],"collection":[{"href":"https:\/\/roveyayinevi.com.tr\/index.php\/wp-json\/wp\/v2\/product"}],"about":[{"href":"https:\/\/roveyayinevi.com.tr\/index.php\/wp-json\/wp\/v2\/types\/product"}],"wp:attachment":[{"href":"https:\/\/roveyayinevi.com.tr\/index.php\/wp-json\/wp\/v2\/media?parent=770603"}],"wp:term":[{"taxonomy":"product_brand","embeddable":true,"href":"https:\/\/roveyayinevi.com.tr\/index.php\/wp-json\/wp\/v2\/product_brand?post=770603"},{"taxonomy":"product_cat","embeddable":true,"href":"https:\/\/roveyayinevi.com.tr\/index.php\/wp-json\/wp\/v2\/product_cat?post=770603"},{"taxonomy":"product_tag","embeddable":true,"href":"https:\/\/roveyayinevi.com.tr\/index.php\/wp-json\/wp\/v2\/product_tag?post=770603"}],"curies":[{"name":"wp","href":"https:\/\/api.w.org\/{rel}","templated":true}]}}