{"id":770602,"date":"2025-08-28T14:35:58","date_gmt":"2025-08-28T11:35:58","guid":{"rendered":"https:\/\/roveyayinevi.com.tr\/index.php\/urun\/papirusten-basyazilar-duzyazilar\/"},"modified":"2026-04-15T03:37:06","modified_gmt":"2026-04-15T00:37:06","slug":"papirusten-basyazilar-duzyazilar","status":"publish","type":"product","link":"https:\/\/roveyayinevi.com.tr\/index.php\/urun\/papirusten-basyazilar-duzyazilar\/","title":{"rendered":"Papir\u00fcs&#8217;ten Ba\u015fyaz\u0131lar: D\u00fczyaz\u0131lar"},"content":{"rendered":"<p>\u201cT\u00fcrk edebiyat\u0131n\u0131, \u00f6zellikle de \u015fiirimizi \u00e7ok iyi biliyordu Cemal S\u00fcreya. Papir\u00fcs\u2019\u00fcn ba\u015fyaz\u0131lar\u0131 buna tan\u0131kt\u0131r. Bu yaz\u0131larda \u015fair Cemal S\u00fcreya\u2019y\u0131 d\u00fc\u015f\u00fcnce adam\u0131 kimli\u011fiyle g\u00f6r\u00fcr\u00fcz. Ara\u015ft\u0131ran, soran, de\u011ferlendiren, hesapla\u015fan bir Cemal S\u00fcreya\u2019d\u0131r bu. Ve hi\u00e7bir zaman yetinmeyen.\u201dAtilla \u00d6zk\u0131r\u0131ml\u0131Papir\u00fcs\u2019ten Ba\u015fyaz\u0131lar, Cemal S\u00fcreya\u2019n\u0131n elli \u00fc\u00e7 say\u0131 yay\u0131mlad\u0131\u011f\u0131 Papir\u00fcs dergisindeki yaz\u0131lar\u0131n\u0131 bir araya getiren \u00f6zel bir derleme. Cemal S\u00fcreya\u2019n\u0131n \u015fiire, hayata, siyasete ve sanata dair g\u00f6r\u00fc\u015flerini dile getirdi\u011fi bu yaz\u0131lar, \u015fairin d\u00fcnyaya nas\u0131l bakt\u0131\u011f\u0131n\u0131 da g\u00f6zler \u00f6n\u00fcne seriyor.<\/p>\n","protected":false},"excerpt":{"rendered":"<p>\u201cT\u00fcrk edebiyat\u0131n\u0131, \u00f6zellikle de \u015fiirimizi \u00e7ok iyi biliyordu Cemal S\u00fcreya. Papir\u00fcs\u2019\u00fcn ba\u015fyaz\u0131lar\u0131 buna tan\u0131kt\u0131r. Bu yaz\u0131larda \u015fair Cemal S\u00fcreya\u2019y\u0131 d\u00fc\u015f\u00fcnce adam\u0131 kimli\u011fiyle g\u00f6r\u00fcr\u00fcz. Ara\u015ft\u0131ran, soran, de\u011ferlendiren,<span class=\"excerpt-hellip\"> [\u2026]<\/span><\/p>\n","protected":false},"featured_media":0,"template":"","meta":{"_monsterinsights_skip_tracking":false,"_monsterinsights_sitenote_active":false,"_monsterinsights_sitenote_note":"","_monsterinsights_sitenote_category":0},"product_brand":[],"product_cat":[12777,12291],"product_tag":[],"class_list":{"0":"post-770602","1":"product","2":"type-product","3":"status-publish","5":"product_cat-deneme","6":"product_cat-edebiyat","7":"pa_cilt-ciltsiz","8":"pa_tur-kitap","9":"pa_yayinevi-can-yayinlari","10":"pa_yazar-cemal-sureya","12":"first","13":"instock","14":"sale","15":"shipping-taxable","16":"purchasable","17":"product-type-simple"},"_links":{"self":[{"href":"https:\/\/roveyayinevi.com.tr\/index.php\/wp-json\/wp\/v2\/product\/770602","targetHints":{"allow":["GET"]}}],"collection":[{"href":"https:\/\/roveyayinevi.com.tr\/index.php\/wp-json\/wp\/v2\/product"}],"about":[{"href":"https:\/\/roveyayinevi.com.tr\/index.php\/wp-json\/wp\/v2\/types\/product"}],"wp:attachment":[{"href":"https:\/\/roveyayinevi.com.tr\/index.php\/wp-json\/wp\/v2\/media?parent=770602"}],"wp:term":[{"taxonomy":"product_brand","embeddable":true,"href":"https:\/\/roveyayinevi.com.tr\/index.php\/wp-json\/wp\/v2\/product_brand?post=770602"},{"taxonomy":"product_cat","embeddable":true,"href":"https:\/\/roveyayinevi.com.tr\/index.php\/wp-json\/wp\/v2\/product_cat?post=770602"},{"taxonomy":"product_tag","embeddable":true,"href":"https:\/\/roveyayinevi.com.tr\/index.php\/wp-json\/wp\/v2\/product_tag?post=770602"}],"curies":[{"name":"wp","href":"https:\/\/api.w.org\/{rel}","templated":true}]}}