{"id":770601,"date":"2025-08-28T14:35:56","date_gmt":"2025-08-28T11:35:56","guid":{"rendered":"https:\/\/roveyayinevi.com.tr\/index.php\/urun\/hayattaki-baslangiclarimiz\/"},"modified":"2026-04-15T03:37:06","modified_gmt":"2026-04-15T00:37:06","slug":"hayattaki-baslangiclarimiz","status":"publish","type":"product","link":"https:\/\/roveyayinevi.com.tr\/index.php\/urun\/hayattaki-baslangiclarimiz\/","title":{"rendered":"Hayattaki Ba\u015flang\u0131\u00e7lar\u0131m\u0131z"},"content":{"rendered":"<p>\u015eimdi anl\u0131yorum&#8230; Vaktiyle burada oynam\u0131\u015f olanlar\u0131n sesleri t\u00fcm bu duvarlara, bu sahneye ve bu balkonlara i\u015flemi\u015f, hem de en ba\u015f\u0131ndan beri&#8230; t\u0131pk\u0131 bir ses kutusu gibi. Belki kuliste bir yerlerde bulanan bir d\u00fc\u011fmeye basmak yeterlidir&#8230; \u0130\u015fte o zaman son 50 senede gelip ge\u00e7en b\u00fct\u00fcn o sesleri, oyunlar\u0131 duyabiliriz&#8230;1960\u2019lar&#8230; Paris\u2019te iki tiyatro sahnesi&#8230;Birinde gen\u00e7 aktris Dominique, y\u0131ld\u0131z\u0131 parlad\u0131 parlayacak. Onu soyunma odas\u0131nda bekleyen sevgilisi Jean, yazar namzedi&#8230; Di\u011fer sahnede Jean\u2019\u0131n k\u0131skan\u00e7 annesi, art\u0131k y\u0131ld\u0131z\u0131 s\u00f6nm\u00fc\u015f bir aktris ve onun ukala sevgilisi Caveux&#8230;Ve iki sahneyi birbirine ba\u011flayan gizli bir ge\u00e7it&#8230; Sisler ard\u0131nda kalm\u0131\u015f an\u0131lar, nostalji, melankoli&#8230;\u00c7ehov\u2019un Mart\u0131\u2019s\u0131n\u0131n ki\u015fisel bir yeniden yaz\u0131m\u0131 olan Hayattaki Ba\u015flang\u0131\u00e7lar\u0131m\u0131z, okuru belle\u011fin izleri ve an\u0131lar\u0131n s\u00fcreklili\u011fi \u00fczerine d\u00fc\u015f\u00fcnmeye davet eden, anlat\u0131 i\u00e7inde bir anlat\u0131.<\/p>\n","protected":false},"excerpt":{"rendered":"<p>\u015eimdi anl\u0131yorum&#8230; Vaktiyle burada oynam\u0131\u015f olanlar\u0131n sesleri t\u00fcm bu duvarlara, bu sahneye ve bu balkonlara i\u015flemi\u015f, hem de en ba\u015f\u0131ndan beri&#8230; t\u0131pk\u0131 bir ses kutusu gibi.<span class=\"excerpt-hellip\"> [\u2026]<\/span><\/p>\n","protected":false},"featured_media":0,"template":"","meta":{"_monsterinsights_skip_tracking":false,"_monsterinsights_sitenote_active":false,"_monsterinsights_sitenote_note":"","_monsterinsights_sitenote_category":0},"product_brand":[],"product_cat":[12291,12711],"product_tag":[],"class_list":{"0":"post-770601","1":"product","2":"type-product","3":"status-publish","5":"product_cat-edebiyat","6":"product_cat-roman-oyku","7":"pa_cilt-ciltsiz","8":"pa_tur-kitap","9":"pa_yayinevi-can-yayinlari","10":"pa_yazar-patrick-modiano","12":"first","13":"instock","14":"sale","15":"shipping-taxable","16":"purchasable","17":"product-type-simple"},"_links":{"self":[{"href":"https:\/\/roveyayinevi.com.tr\/index.php\/wp-json\/wp\/v2\/product\/770601","targetHints":{"allow":["GET"]}}],"collection":[{"href":"https:\/\/roveyayinevi.com.tr\/index.php\/wp-json\/wp\/v2\/product"}],"about":[{"href":"https:\/\/roveyayinevi.com.tr\/index.php\/wp-json\/wp\/v2\/types\/product"}],"wp:attachment":[{"href":"https:\/\/roveyayinevi.com.tr\/index.php\/wp-json\/wp\/v2\/media?parent=770601"}],"wp:term":[{"taxonomy":"product_brand","embeddable":true,"href":"https:\/\/roveyayinevi.com.tr\/index.php\/wp-json\/wp\/v2\/product_brand?post=770601"},{"taxonomy":"product_cat","embeddable":true,"href":"https:\/\/roveyayinevi.com.tr\/index.php\/wp-json\/wp\/v2\/product_cat?post=770601"},{"taxonomy":"product_tag","embeddable":true,"href":"https:\/\/roveyayinevi.com.tr\/index.php\/wp-json\/wp\/v2\/product_tag?post=770601"}],"curies":[{"name":"wp","href":"https:\/\/api.w.org\/{rel}","templated":true}]}}