{"id":770600,"date":"2025-08-28T14:35:55","date_gmt":"2025-08-28T11:35:55","guid":{"rendered":"https:\/\/roveyayinevi.com.tr\/index.php\/urun\/konusmalar-4\/"},"modified":"2026-04-15T03:37:06","modified_gmt":"2026-04-15T00:37:06","slug":"konusmalar-4","status":"publish","type":"product","link":"https:\/\/roveyayinevi.com.tr\/index.php\/urun\/konusmalar-4\/","title":{"rendered":"Konu\u015fmalar"},"content":{"rendered":"<p>Bollas ile D\u00fc\u015f\u00fcnsel Bir Yolculuk: Konu\u015fmalar    Psikanaliz d\u00fcnyas\u0131n\u0131n en \u00f6zg\u00fcn ve derinlikli d\u00fc\u015f\u00fcn\u00fcrlerinden biri olan Christopher Bollas, bireyin i\u00e7sel d\u00fcnyas\u0131n\u0131, bilin\u00e7d\u0131\u015f\u0131 s\u00fcre\u00e7lerini ve ruhsall\u0131\u011f\u0131n do\u011fas\u0131n\u0131 anlamaya y\u00f6nelik ola\u011fan\u00fcst\u00fc katk\u0131lar\u0131yla tan\u0131n\u0131yor. Bollas, kuramlar\u0131 ve kavramlar\u0131yla yaln\u0131zca klinik pratikte de\u011fil, edebiyattan felsefeye, sanattan toplumbilime uzanan geni\u015f bir yelpazede etkili oluyor. The Shadow of the Object, Being a Character ve The Infinite Question gibi klasikle\u015fmi\u015f eserlerinde insan psi\u015fesinin gizemlerine \u0131\u015f\u0131k tutan Bollas, bu kez Konu\u015fmalar ile okuru do\u011frudan bir d\u00fc\u015f\u00fcnce yolculu\u011funa davet ediyor.    D\u00fc\u015f\u00fcncelerinizin S\u0131n\u0131rlar\u0131n\u0131 Zorlamaya ve Bilin\u00e7d\u0131\u015f\u0131n\u0131n Gizemlerine Do\u011fru Bir Yolculu\u011fa \u00c7\u0131kmaya Haz\u0131r m\u0131s\u0131n\u0131z?  Konu\u015fmalar, yazar\u0131n uzun y\u0131llara yay\u0131lan entelekt\u00fcel ve klinik birikimini, diyalog formunda sundu\u011fu derinlemesine bir metin. Bollas, kitap boyunca psikanalitik kavramlar\u0131, insan ruhunun labirentlerini, klinik deneyimlerini ve felsefi yakla\u015f\u0131mlar\u0131n\u0131 konu\u015fmalar arac\u0131l\u0131\u011f\u0131yla ele al\u0131yor. Ancak bu sadece kuru bir akademik s\u00f6yle\u015fi de\u011fil; aksine, d\u00fc\u015f\u00fcncenin ak\u0131\u015f\u0131na kendinizi kapt\u0131raca\u011f\u0131n\u0131z, sat\u0131r aralar\u0131nda Bollas\u2019\u0131n bilgelik dolu sesini duyabilece\u011finiz samimi ve etkileyici bir eser.  Bu kitap, Bollas\u2019\u0131n zihninin nas\u0131l \u00e7al\u0131\u015ft\u0131\u011f\u0131n\u0131 merak edenler i\u00e7in bir rehber niteli\u011finde. Onun d\u00fc\u015f\u00fcnme bi\u00e7imi, psikanalizi anlat\u0131\u015f\u0131, olaylara yakla\u015f\u0131m\u0131 o kadar kendine \u00f6zg\u00fcd\u00fcr ki, kitap boyunca Bollas\u2019\u0131n bir odada sizinle konu\u015ftu\u011funu hissedeceksiniz.    Konu Ba\u015fl\u0131klar\u0131 ve Kitab\u0131n \u00d6ne \u00c7\u0131kan Y\u00f6nleri  \u00b7           Bilin\u00e7d\u0131\u015f\u0131 S\u00fcre\u00e7ler ve Serbest \u00c7a\u011fr\u0131\u015f\u0131m: Bollas, Freud sonras\u0131 psikanalitik d\u00fc\u015f\u00fcnceyi kendine \u00f6zg\u00fc bir dille yeniden yorumluyor.  \u00b7           Klinik Deneyimler ve Vaka \u00d6rnekleri: Terapi odas\u0131ndaki en kritik anlar\u0131, aktar\u0131m ve kar\u015f\u0131t-aktar\u0131m s\u00fcre\u00e7leri \u00fczerine derinlikli \u00e7\u00f6z\u00fcmlemeleri i\u00e7eriyor.  \u00b7           \u00d6zne ve \u00d6znellik: \u0130nsan ruhsall\u0131\u011f\u0131n\u0131n \u015fekilleni\u015fi, dilin ve k\u00fclt\u00fcrel ba\u011flamlar\u0131n bireyin psikolojisindeki yerine odaklan\u0131yor.  \u00b7           Bollas\u2019\u0131n Kuramsal Miras\u0131: \u201cBilmediklerimizi bilmek\u201d kavram\u0131ndan, estetik kar\u015f\u0131la\u015fmalar\u0131n ruh \u00fczerindeki etkilerine kadar geni\u015f bir \u00e7er\u00e7eve veriyor.    Konu\u015fmalar, Bollas\u2019\u0131n yaz\u0131lar\u0131n\u0131 takip edenler i\u00e7in hem onun d\u00fc\u015f\u00fcncelerine daha yak\u0131ndan temas etmek hem de yeni fikirlerle kar\u015f\u0131la\u015fmak ad\u0131na e\u015fsiz bir f\u0131rsat sunuyor. E\u011fer psikanaliz, insan ruhu ve d\u00fc\u015f\u00fcncenin derinliklerine inmeyi seven biriyseniz, bu kitap sizin i\u00e7in vazge\u00e7ilmez bir kaynak olacak.    Neden Okumal\u0131s\u0131n\u0131z?  \u00b7           Christopher Bollas\u2019\u0131n bilin\u00e7d\u0131\u015f\u0131na dair \u00f6zg\u00fcn kavramlar\u0131n\u0131 anlamak i\u00e7in.  \u00b7           Psikanalizle ilgilenen herkesin ba\u015fucu kitaplar\u0131ndan biri olacak kadar kapsaml\u0131 ve i\u00e7g\u00f6r\u00fc dolu oldu\u011fu i\u00e7in.  \u00b7           \u0130nsan zihninin, r\u00fcya d\u00fcnyas\u0131n\u0131n, terap\u00f6tik ili\u015fkilerin ve bilin\u00e7d\u0131\u015f\u0131n\u0131n en ilgin\u00e7 y\u00f6nlerini ke\u015ffetmek i\u00e7in.  \u00b7           Bollas\u2019\u0131n anlat\u0131m\u0131ndaki edebi derinli\u011fi ve \u015fiirselli\u011fi deneyimlemek i\u00e7in.    E\u011fer psikanaliz sizin i\u00e7in sadece bir terapi y\u00f6ntemi de\u011fil, bir d\u00fc\u015f\u00fcnme bi\u00e7imi, bir ya\u015fam prati\u011fi ise, Konu\u015fmalar tam da arad\u0131\u011f\u0131n\u0131z kitap olabilir.   <\/p>\n","protected":false},"excerpt":{"rendered":"<p>Bollas ile D\u00fc\u015f\u00fcnsel Bir Yolculuk: Konu\u015fmalar Psikanaliz d\u00fcnyas\u0131n\u0131n en \u00f6zg\u00fcn ve derinlikli d\u00fc\u015f\u00fcn\u00fcrlerinden biri olan Christopher Bollas, bireyin i\u00e7sel d\u00fcnyas\u0131n\u0131, bilin\u00e7d\u0131\u015f\u0131 s\u00fcre\u00e7lerini ve ruhsall\u0131\u011f\u0131n do\u011fas\u0131n\u0131 anlamaya<span class=\"excerpt-hellip\"> [\u2026]<\/span><\/p>\n","protected":false},"featured_media":0,"template":"","meta":{"_monsterinsights_skip_tracking":false,"_monsterinsights_sitenote_active":false,"_monsterinsights_sitenote_note":"","_monsterinsights_sitenote_category":0},"product_brand":[],"product_cat":[12358,12357],"product_tag":[],"class_list":{"0":"post-770600","1":"product","2":"type-product","3":"status-publish","5":"product_cat-genel-psikoloji","6":"product_cat-psikoloji","7":"pa_cilt-ciltsiz","8":"pa_tur-kitap","9":"pa_yayinevi-okuyan-us-yayin","10":"pa_yazar-christopher-bollas","12":"first","13":"instock","14":"sale","15":"shipping-taxable","16":"purchasable","17":"product-type-simple"},"_links":{"self":[{"href":"https:\/\/roveyayinevi.com.tr\/index.php\/wp-json\/wp\/v2\/product\/770600","targetHints":{"allow":["GET"]}}],"collection":[{"href":"https:\/\/roveyayinevi.com.tr\/index.php\/wp-json\/wp\/v2\/product"}],"about":[{"href":"https:\/\/roveyayinevi.com.tr\/index.php\/wp-json\/wp\/v2\/types\/product"}],"wp:attachment":[{"href":"https:\/\/roveyayinevi.com.tr\/index.php\/wp-json\/wp\/v2\/media?parent=770600"}],"wp:term":[{"taxonomy":"product_brand","embeddable":true,"href":"https:\/\/roveyayinevi.com.tr\/index.php\/wp-json\/wp\/v2\/product_brand?post=770600"},{"taxonomy":"product_cat","embeddable":true,"href":"https:\/\/roveyayinevi.com.tr\/index.php\/wp-json\/wp\/v2\/product_cat?post=770600"},{"taxonomy":"product_tag","embeddable":true,"href":"https:\/\/roveyayinevi.com.tr\/index.php\/wp-json\/wp\/v2\/product_tag?post=770600"}],"curies":[{"name":"wp","href":"https:\/\/api.w.org\/{rel}","templated":true}]}}