{"id":770593,"date":"2025-08-28T14:35:41","date_gmt":"2025-08-28T11:35:41","guid":{"rendered":"https:\/\/roveyayinevi.com.tr\/index.php\/urun\/mahrem-hayatin-sifreleri-esin-terapistin-olsun\/"},"modified":"2026-04-15T03:37:06","modified_gmt":"2026-04-15T00:37:06","slug":"mahrem-hayatin-sifreleri-esin-terapistin-olsun","status":"publish","type":"product","link":"https:\/\/roveyayinevi.com.tr\/index.php\/urun\/mahrem-hayatin-sifreleri-esin-terapistin-olsun\/","title":{"rendered":"Mahrem Hayat\u0131n \u015eifreleri (E\u015fin Terapistin Olsun)"},"content":{"rendered":"<p>Bu kitap, insanlar\u0131n sa\u011fl\u0131kl\u0131 ve mutlu bir ya\u015fam s\u00fcrmesi i\u00e7in dertlenen; klinik psikolog, sosyolog, seksolog, jinekolog, anatomi uzman\u0131, \u00fcroloji uzman\u0131, androloji uzman\u0131, kad\u0131n do\u011fum uzman\u0131, hipnoterapist, emzirme dan\u0131\u015fman\u0131, aile dan\u0131\u015fman\u0131, davran\u0131\u015f bilimleri uzman\u0131, \u00e7ocuk geli\u015fimi uzman\u0131, aile hekimi, cinsel terapist ve b\u00fct\u00fcnc\u00fcl t\u0131p hekimlerinden olu\u015fan profesyonel ve harika bir ekip taraf\u0131ndan aylarca s\u00fcren titiz \u00e7al\u0131\u015fmalar sonucunda haz\u0131rland\u0131. Bug\u00fcne kadar kimsenin size do\u011fru \u015fekilde anlatmad\u0131\u011f\u0131 ya da anlatmaya cesaret edemedi\u011fi hatta tabu olarak kabul g\u00f6ren cinsel sa\u011fl\u0131k bilgilerini, bilimsel, sistematik ve anla\u015f\u0131l\u0131r bir bi\u00e7imde aktarmaya \u00e7al\u0131\u015ft\u0131k. Cinsel sa\u011fl\u0131k konusunda iki se\u00e7ene\u011finiz var: Ya do\u011fru kaynaklardan okuyarak, ara\u015ft\u0131rarak, dinleyerek ve \u00f6\u011frenerek sa\u011fl\u0131kl\u0131 bir bilin\u00e7 kazanacaks\u0131n\u0131z ya da pornografi ile yetinerek, travmatik mast\u00fcrbasyonla kendinize zarar vereceksiniz. Evliyseniz, sa\u011fl\u0131ks\u0131z bir cinsel bilgiyle huzursuz ve mutsuz bir evlili\u011fe mahk\u00fbm olabilirsiniz. Bek\u00e2rsan\u0131z, enerjisi t\u00fckenmi\u015f ve ya\u015fam motivasyonu azalm\u0131\u015f bir gen\u00e7lik d\u00f6nemi ge\u00e7irebilirsiniz. Karar sizin\u2026 <\/p>\n","protected":false},"excerpt":{"rendered":"<p>Bu kitap, insanlar\u0131n sa\u011fl\u0131kl\u0131 ve mutlu bir ya\u015fam s\u00fcrmesi i\u00e7in dertlenen; klinik psikolog, sosyolog, seksolog, jinekolog, anatomi uzman\u0131, \u00fcroloji uzman\u0131, androloji uzman\u0131, kad\u0131n do\u011fum uzman\u0131, hipnoterapist,<span class=\"excerpt-hellip\"> [\u2026]<\/span><\/p>\n","protected":false},"featured_media":0,"template":"","meta":{"_monsterinsights_skip_tracking":false,"_monsterinsights_sitenote_active":false,"_monsterinsights_sitenote_note":"","_monsterinsights_sitenote_category":0},"product_brand":[],"product_cat":[12357],"product_tag":[],"class_list":{"0":"post-770593","1":"product","2":"type-product","3":"status-publish","5":"product_cat-psikoloji","6":"pa_cilt-ciltsiz","7":"pa_tur-kitap","8":"pa_yayinevi-aile-yayinlari","9":"pa_yazar-yasar-nurullah-rabia-nurullah","11":"first","12":"instock","13":"sale","14":"shipping-taxable","15":"purchasable","16":"product-type-simple"},"_links":{"self":[{"href":"https:\/\/roveyayinevi.com.tr\/index.php\/wp-json\/wp\/v2\/product\/770593","targetHints":{"allow":["GET"]}}],"collection":[{"href":"https:\/\/roveyayinevi.com.tr\/index.php\/wp-json\/wp\/v2\/product"}],"about":[{"href":"https:\/\/roveyayinevi.com.tr\/index.php\/wp-json\/wp\/v2\/types\/product"}],"wp:attachment":[{"href":"https:\/\/roveyayinevi.com.tr\/index.php\/wp-json\/wp\/v2\/media?parent=770593"}],"wp:term":[{"taxonomy":"product_brand","embeddable":true,"href":"https:\/\/roveyayinevi.com.tr\/index.php\/wp-json\/wp\/v2\/product_brand?post=770593"},{"taxonomy":"product_cat","embeddable":true,"href":"https:\/\/roveyayinevi.com.tr\/index.php\/wp-json\/wp\/v2\/product_cat?post=770593"},{"taxonomy":"product_tag","embeddable":true,"href":"https:\/\/roveyayinevi.com.tr\/index.php\/wp-json\/wp\/v2\/product_tag?post=770593"}],"curies":[{"name":"wp","href":"https:\/\/api.w.org\/{rel}","templated":true}]}}