{"id":770592,"date":"2025-08-28T14:35:40","date_gmt":"2025-08-28T11:35:40","guid":{"rendered":"https:\/\/roveyayinevi.com.tr\/index.php\/urun\/allahim-ben-geldim\/"},"modified":"2026-04-15T03:37:06","modified_gmt":"2026-04-15T00:37:06","slug":"allahim-ben-geldim","status":"publish","type":"product","link":"https:\/\/roveyayinevi.com.tr\/index.php\/urun\/allahim-ben-geldim\/","title":{"rendered":"Allah\u2019\u0131m Ben Geldim"},"content":{"rendered":"<p>Yar\u0131n \u00f6b\u00fcr g\u00fcn biri yan\u0131na gelip de, \u201cBo\u015f ver yaaa! Ya\u015flan\u0131nca k\u0131lars\u0131n.\u201d \u201cSenin kalbin temiz zaten, namaz k\u0131lmasan da olur.\u201d \u201cSenin namaz\u0131n kabul olmaz ki! Sen kiiim, namaz k\u0131lmak kiiim?\u201d \u201cAmman yaa koskoca \u00f6m\u00fcr! Kim her g\u00fcn be\u015f vakit namaz k\u0131lacak \u015fimdi? Zor i\u015f!\u201d \u201cSen namaz k\u0131lmasan da Allah affeder.\u201d \u201cAllah\u2019\u0131n senin namaz\u0131na ihtiyac\u0131 m\u0131 var?\u201d \u201cO kadar i\u015fin g\u00fcc\u00fcn aras\u0131nda namaz k\u0131lmaya vakit yok ki!\u201d gibi c\u00fcmleler f\u0131s\u0131ldarsa ona ne cevap verece\u011fini art\u0131k biliyorsun. Bu cevaplar\u0131 arkada\u015flar\u0131na da s\u00f6yle bence. G\u00fcnde be\u015f defa kendine de s\u00f6yle. Sonra her ezan \u00e7a\u011fr\u0131s\u0131nda d\u00f6n ve Rabbine \u015f\u00f6yle de: \u201cAllah\u2019\u0131m ben geldim!\u201d <\/p>\n","protected":false},"excerpt":{"rendered":"<p>Yar\u0131n \u00f6b\u00fcr g\u00fcn biri yan\u0131na gelip de, \u201cBo\u015f ver yaaa! Ya\u015flan\u0131nca k\u0131lars\u0131n.\u201d \u201cSenin kalbin temiz zaten, namaz k\u0131lmasan da olur.\u201d \u201cSenin namaz\u0131n kabul olmaz ki! Sen<span class=\"excerpt-hellip\"> [\u2026]<\/span><\/p>\n","protected":false},"featured_media":0,"template":"","meta":{"_monsterinsights_skip_tracking":false,"_monsterinsights_sitenote_active":false,"_monsterinsights_sitenote_note":"","_monsterinsights_sitenote_category":0},"product_brand":[],"product_cat":[12718,12719],"product_tag":[],"class_list":{"0":"post-770592","1":"product","2":"type-product","3":"status-publish","5":"product_cat-din","6":"product_cat-islam","7":"pa_cilt-ciltsiz","8":"pa_tur-kitap","9":"pa_yayinevi-aile-yayinlari","10":"pa_yazar-hatice-kubra-tongar","12":"first","13":"instock","14":"sale","15":"shipping-taxable","16":"purchasable","17":"product-type-simple"},"_links":{"self":[{"href":"https:\/\/roveyayinevi.com.tr\/index.php\/wp-json\/wp\/v2\/product\/770592","targetHints":{"allow":["GET"]}}],"collection":[{"href":"https:\/\/roveyayinevi.com.tr\/index.php\/wp-json\/wp\/v2\/product"}],"about":[{"href":"https:\/\/roveyayinevi.com.tr\/index.php\/wp-json\/wp\/v2\/types\/product"}],"wp:attachment":[{"href":"https:\/\/roveyayinevi.com.tr\/index.php\/wp-json\/wp\/v2\/media?parent=770592"}],"wp:term":[{"taxonomy":"product_brand","embeddable":true,"href":"https:\/\/roveyayinevi.com.tr\/index.php\/wp-json\/wp\/v2\/product_brand?post=770592"},{"taxonomy":"product_cat","embeddable":true,"href":"https:\/\/roveyayinevi.com.tr\/index.php\/wp-json\/wp\/v2\/product_cat?post=770592"},{"taxonomy":"product_tag","embeddable":true,"href":"https:\/\/roveyayinevi.com.tr\/index.php\/wp-json\/wp\/v2\/product_tag?post=770592"}],"curies":[{"name":"wp","href":"https:\/\/api.w.org\/{rel}","templated":true}]}}