{"id":770589,"date":"2025-08-28T14:35:32","date_gmt":"2025-08-28T11:35:32","guid":{"rendered":"https:\/\/roveyayinevi.com.tr\/index.php\/urun\/buyuk-adam-olmak\/"},"modified":"2026-04-08T03:33:25","modified_gmt":"2026-04-08T00:33:25","slug":"buyuk-adam-olmak","status":"publish","type":"product","link":"https:\/\/roveyayinevi.com.tr\/index.php\/urun\/buyuk-adam-olmak\/","title":{"rendered":"B\u00fcy\u00fck Adam Olmak"},"content":{"rendered":"<p>Zafer \u0130\u015f\u00e7i\u2019nin kaleme ald\u0131\u011f\u0131 ger\u00e7ek hayat\u0131n izd\u00fc\u015f\u00fcm\u00fc bir \u00f6yk\u00fc kitab\u0131.   Sabah kalkt\u0131\u011f\u0131mda kendimi k\u00f6y\u00fcm\u00fczde sand\u0131m. Bir an ko\u015fup pencereden d\u0131\u015far\u0131ya bakt\u0131m. Buras\u0131 da neresi? Demek geldi i\u00e7imden. Erkenden \u00e7\u0131k\u0131p Dursun ile Ali\u2019yi \u00e7a\u011f\u0131ray\u0131m zaten okulda yok. Ya ben \u0130stanbul\u2019day\u0131m ne k\u00f6y\u00fc dedim. Kendime g\u00fcld\u00fcm. \u0130stanbul\u2019a al\u0131\u015fmam i\u00e7in san\u0131r\u0131m baya\u011f\u0131 zaman gerekiyor. Neyse kahvalt\u0131 yapt\u0131ktan sonra biraz kap\u0131n\u0131n \u00f6n\u00fcne gezineyim. Anam beni uyard\u0131 kap\u0131dan uzakla\u015fma daha buralar\u0131 bilmiyorsun diye seslendi. Hakl\u0131yd\u0131 kimseyi tan\u0131m\u0131yordum. Belki babamla geziniriz diye d\u00fc\u015f\u00fcnd\u00fcm;  ama babam\u0131 g\u00f6remeyince hemen sordum:  __ Ana babam\u0131 g\u00f6remedim nereye gitti?  __ \u0130\u015f aramaya gitti. Bir an \u00f6nce i\u015f bulmas\u0131 laz\u0131m. Anam hakl\u0131yd\u0131. \u0130\u015f bulmas\u0131 laz\u0131md\u0131. Art\u0131k Sar\u0131 k\u0131z\u2019\u0131m\u0131zda yok. S\u00fctte satamayacak. \u0130\u015f bulabilecek mi acaba? Benim baban \u00e7al\u0131\u015fkand\u0131r herhalde bulur. <\/p>\n","protected":false},"excerpt":{"rendered":"<p>Zafer \u0130\u015f\u00e7i\u2019nin kaleme ald\u0131\u011f\u0131 ger\u00e7ek hayat\u0131n izd\u00fc\u015f\u00fcm\u00fc bir \u00f6yk\u00fc kitab\u0131. Sabah kalkt\u0131\u011f\u0131mda kendimi k\u00f6y\u00fcm\u00fczde sand\u0131m. Bir an ko\u015fup pencereden d\u0131\u015far\u0131ya bakt\u0131m. Buras\u0131 da neresi? Demek geldi<span class=\"excerpt-hellip\"> [\u2026]<\/span><\/p>\n","protected":false},"featured_media":0,"template":"","meta":{"_monsterinsights_skip_tracking":false,"_monsterinsights_sitenote_active":false,"_monsterinsights_sitenote_note":"","_monsterinsights_sitenote_category":0},"product_brand":[],"product_cat":[12274,12284],"product_tag":[],"class_list":{"0":"post-770589","1":"product","2":"type-product","3":"status-publish","5":"product_cat-cocuk-ve-genclik-kitaplari","6":"product_cat-hikayeler","7":"pa_cilt-ciltsiz","8":"pa_tur-kitap","9":"pa_yayinevi-nitelik-kitap","10":"pa_yazar-zafer-isci","12":"first","13":"instock","14":"sale","15":"shipping-taxable","16":"purchasable","17":"product-type-simple"},"_links":{"self":[{"href":"https:\/\/roveyayinevi.com.tr\/index.php\/wp-json\/wp\/v2\/product\/770589","targetHints":{"allow":["GET"]}}],"collection":[{"href":"https:\/\/roveyayinevi.com.tr\/index.php\/wp-json\/wp\/v2\/product"}],"about":[{"href":"https:\/\/roveyayinevi.com.tr\/index.php\/wp-json\/wp\/v2\/types\/product"}],"wp:attachment":[{"href":"https:\/\/roveyayinevi.com.tr\/index.php\/wp-json\/wp\/v2\/media?parent=770589"}],"wp:term":[{"taxonomy":"product_brand","embeddable":true,"href":"https:\/\/roveyayinevi.com.tr\/index.php\/wp-json\/wp\/v2\/product_brand?post=770589"},{"taxonomy":"product_cat","embeddable":true,"href":"https:\/\/roveyayinevi.com.tr\/index.php\/wp-json\/wp\/v2\/product_cat?post=770589"},{"taxonomy":"product_tag","embeddable":true,"href":"https:\/\/roveyayinevi.com.tr\/index.php\/wp-json\/wp\/v2\/product_tag?post=770589"}],"curies":[{"name":"wp","href":"https:\/\/api.w.org\/{rel}","templated":true}]}}