{"id":770587,"date":"2025-08-28T14:35:28","date_gmt":"2025-08-28T11:35:28","guid":{"rendered":"https:\/\/roveyayinevi.com.tr\/index.php\/urun\/insan-vucudu-hakkinda-dogru-bildiginiz-yanlislar\/"},"modified":"2026-04-15T03:37:06","modified_gmt":"2026-04-15T00:37:06","slug":"insan-vucudu-hakkinda-dogru-bildiginiz-yanlislar","status":"publish","type":"product","link":"https:\/\/roveyayinevi.com.tr\/index.php\/urun\/insan-vucudu-hakkinda-dogru-bildiginiz-yanlislar\/","title":{"rendered":"\u0130nsan V\u00fccudu Hakk\u0131nda Do\u011fru  Bildi\u011finiz Yanl\u0131\u015flar"},"content":{"rendered":"<p>\u0130nsan V\u00fccudu Hakk\u0131nda Do\u011fru Bildi\u011finiz Yanl\u0131\u015flar, insan bedeniyle ilgili yayg\u0131n inan\u0131\u015flar\u0131 bilimsel a\u00e7\u0131dan sorgulayan e\u011flenceli bir kitap. Yazar Matt Brown&#8217;\u0131n mizahi \u00fcslubuyla kaleme ald\u0131\u011f\u0131 eser, \u00e7ocuklu\u011fumuzdan beri sorgulamadan kabul etti\u011fimiz bir\u00e7ok yan\u0131lg\u0131y\u0131 ele al\u0131p \u00e7\u00fcr\u00fct\u00fcyor ve v\u00fccudumuzun en gizemli y\u00f6nlerini ayd\u0131nlat\u0131yor. Bilimsel ge\u00e7mi\u015fe sahip bir gazeteci olan Brown, kitapta v\u00fccut hakk\u0131ndaki yanl\u0131\u015flar\u0131, t\u0131bbi al\u0131nt\u0131lar\u0131 ve ilgin\u00e7 tedavi y\u00f6ntemlerini inceliyor. \u00d6rne\u011fin, \u015feker t\u00fcketiminin \u00e7ocuklar\u0131 hiperaktif yapt\u0131\u011f\u0131na dair yayg\u0131n inan\u0131\u015f\u0131n bilimsel bir temeli olmad\u0131\u011f\u0131n\u0131 ortaya koyuyor. Ayr\u0131ca &#8220;\u00e7ift eklemli&#8221; olma durumunun ger\u00e7ekte ne anlama geldi\u011fini ve yemekten sonra y\u00fczmenin tehlikeli olup olmad\u0131\u011f\u0131 gibi konular\u0131 da ele al\u0131yor. S\u00f6zde bilimden g\u00fcncel ara\u015ft\u0131rmalara kadar geni\u015f bir yelpazede ilerleyen kitap, bilgileri herkesin anlayabilece\u011fi bir dille sunuyor. &#8220;Do\u011fru Bildi\u011finiz Yanl\u0131\u015flar&#8221; serisinin bir par\u00e7as\u0131 olan bu eser, pop\u00fcler bilimi eri\u015filebilir k\u0131larak okuyucular\u0131n ilgisini \u00e7ekmeyi ba\u015far\u0131yor. \u0130nsan v\u00fccuduyla ilgili yayg\u0131n inan\u0131\u015flar\u0131 sorgulayan ve bilimsel ger\u00e7ekleri ortaya koyan bu kitap, hem e\u011flendirici hem de bilgilendirici bir okuma deneyimi sunuyor.<\/p>\n","protected":false},"excerpt":{"rendered":"<p>\u0130nsan V\u00fccudu Hakk\u0131nda Do\u011fru Bildi\u011finiz Yanl\u0131\u015flar, insan bedeniyle ilgili yayg\u0131n inan\u0131\u015flar\u0131 bilimsel a\u00e7\u0131dan sorgulayan e\u011flenceli bir kitap. Yazar Matt Brown&#8217;\u0131n mizahi \u00fcslubuyla kaleme ald\u0131\u011f\u0131 eser, \u00e7ocuklu\u011fumuzdan<span class=\"excerpt-hellip\"> [\u2026]<\/span><\/p>\n","protected":false},"featured_media":0,"template":"","meta":{"_monsterinsights_skip_tracking":false,"_monsterinsights_sitenote_active":false,"_monsterinsights_sitenote_note":"","_monsterinsights_sitenote_category":0},"product_brand":[],"product_cat":[13005,13006],"product_tag":[],"class_list":{"0":"post-770587","1":"product","2":"type-product","3":"status-publish","5":"product_cat-bilim-muhendislik","6":"product_cat-populer-bilim","7":"pa_cilt-ciltsiz","8":"pa_tur-kitap","9":"pa_yayinevi-orenda","10":"pa_yazar-matt-brown","12":"first","13":"instock","14":"sale","15":"shipping-taxable","16":"purchasable","17":"product-type-simple"},"_links":{"self":[{"href":"https:\/\/roveyayinevi.com.tr\/index.php\/wp-json\/wp\/v2\/product\/770587","targetHints":{"allow":["GET"]}}],"collection":[{"href":"https:\/\/roveyayinevi.com.tr\/index.php\/wp-json\/wp\/v2\/product"}],"about":[{"href":"https:\/\/roveyayinevi.com.tr\/index.php\/wp-json\/wp\/v2\/types\/product"}],"wp:attachment":[{"href":"https:\/\/roveyayinevi.com.tr\/index.php\/wp-json\/wp\/v2\/media?parent=770587"}],"wp:term":[{"taxonomy":"product_brand","embeddable":true,"href":"https:\/\/roveyayinevi.com.tr\/index.php\/wp-json\/wp\/v2\/product_brand?post=770587"},{"taxonomy":"product_cat","embeddable":true,"href":"https:\/\/roveyayinevi.com.tr\/index.php\/wp-json\/wp\/v2\/product_cat?post=770587"},{"taxonomy":"product_tag","embeddable":true,"href":"https:\/\/roveyayinevi.com.tr\/index.php\/wp-json\/wp\/v2\/product_tag?post=770587"}],"curies":[{"name":"wp","href":"https:\/\/api.w.org\/{rel}","templated":true}]}}