{"id":770586,"date":"2025-08-28T14:35:26","date_gmt":"2025-08-28T11:35:26","guid":{"rendered":"https:\/\/roveyayinevi.com.tr\/index.php\/urun\/neden-bu-bize-okulda-ogretilmedi\/"},"modified":"2026-04-13T03:32:50","modified_gmt":"2026-04-13T00:32:50","slug":"neden-bu-bize-okulda-ogretilmedi","status":"publish","type":"product","link":"https:\/\/roveyayinevi.com.tr\/index.php\/urun\/neden-bu-bize-okulda-ogretilmedi\/","title":{"rendered":"Neden Bu Bize Okulda \u00d6\u011fretilmedi?"},"content":{"rendered":"<p>Neden Bu Bize Okulda \u00d6\u011fretilmedi?  yarat\u0131c\u0131 \u00e7\u00f6z\u00fcmler bulmak ve hem evde hem de i\u015f yerinde ili\u015fkiler kurmak i\u00e7in yeni bir yakla\u015f\u0131m sunan \u0130htiya\u00e7 Odakl\u0131 Anlay\u0131\u015f (Needs Understanding) kavram\u0131n\u0131 tan\u0131t\u0131yor. Bu kavram, tek bir basit fikre dayan\u0131yor: Hepimiz, ait olma, \u00f6nemli oldu\u011fumuzu hissetme ve e\u011flenme gibi temel insan ihtiya\u00e7lar\u0131m\u0131z\u0131 kar\u015f\u0131lamaya y\u00f6nelik bir aray\u0131\u015f i\u00e7indeyiz. \u0130ster zor bir karar vermeye \u00e7al\u0131\u015f\u0131yor olun, ister daha etkili ileti\u015fim kurmak, istedi\u011finiz gibi ebeveynlik yapmak ya da d\u00fcnyada bir fark yaratmak istiyor olun, \u0130htiya\u00e7 Anlay\u0131\u015f\u0131 size yard\u0131mc\u0131 olabilir. \u2022             Davran\u0131\u015flar\u0131n\u0131z\u0131 y\u00f6nlendiren parmak izi ihtiya\u00e7lar\u0131n\u0131z\u0131 ke\u015ffedin \u2022             Ba\u015fkalar\u0131n\u0131 uzakla\u015ft\u0131ran 10 dinleme tarz\u0131n\u0131 ve bunun yerine ne yapman\u0131z gerekti\u011fini \u00f6\u011frenin \u2022             Kendinizi ve ba\u015fkalar\u0131n\u0131 su\u00e7lamay\u0131 b\u0131rak\u0131n, altta yatan sorunlar\u0131 \u00e7\u00f6z\u00fcn \u2022             Zor problemlere yarat\u0131c\u0131 \u00e7\u00f6z\u00fcmler bulmak i\u00e7in da\u011f\u0131n etraf\u0131nda dola\u015fma y\u00f6ntemini kullan\u0131n \u2022             D\u00fcnyay\u0131 de\u011fi\u015ftirmek i\u00e7in kendinizi g\u00fc\u00e7lendirin Alice Sheldon, \u0130htiya\u00e7 Odakl\u0131 Anlay\u0131\u015f kavram\u0131n\u0131n yarat\u0131c\u0131s\u0131d\u0131r ve bunu bireyler ve kurulu\u015flarla d\u00fcnya \u00e7ap\u0131nda payla\u015fmaktad\u0131r.   Hepimizin derinden ihtiya\u00e7 duydu\u011fu ama \u00e7o\u011fumuzun nas\u0131l eri\u015fece\u011fini bilmedi\u011fi ili\u015fki becerileri \u00fczerine g\u00fczel ve sade bir rehber. Bu kitap, daha bar\u0131\u015f\u00e7\u0131l bir d\u00fcnya yaratman\u0131n m\u00fcfredat\u0131nda kesinlikle yer almal\u0131. \u2014 Dr. Scilla Elworthy, \u00fc\u00e7 kez Nobel Bar\u0131\u015f \u00d6d\u00fcl\u00fc aday\u0131<\/p>\n","protected":false},"excerpt":{"rendered":"<p>Neden Bu Bize Okulda \u00d6\u011fretilmedi? yarat\u0131c\u0131 \u00e7\u00f6z\u00fcmler bulmak ve hem evde hem de i\u015f yerinde ili\u015fkiler kurmak i\u00e7in yeni bir yakla\u015f\u0131m sunan \u0130htiya\u00e7 Odakl\u0131 Anlay\u0131\u015f (Needs<span class=\"excerpt-hellip\"> [\u2026]<\/span><\/p>\n","protected":false},"featured_media":0,"template":"","meta":{"_monsterinsights_skip_tracking":false,"_monsterinsights_sitenote_active":false,"_monsterinsights_sitenote_note":"","_monsterinsights_sitenote_category":0},"product_brand":[],"product_cat":[12364,12376],"product_tag":[],"class_list":{"0":"post-770586","1":"product","2":"type-product","3":"status-publish","5":"product_cat-genel-konular","6":"product_cat-kisisel-gelisim","7":"pa_cilt-ciltsiz","8":"pa_tur-kitap","9":"pa_yayinevi-orenda","10":"pa_yazar-alice-sheldon","12":"first","13":"instock","14":"sale","15":"shipping-taxable","16":"purchasable","17":"product-type-simple"},"_links":{"self":[{"href":"https:\/\/roveyayinevi.com.tr\/index.php\/wp-json\/wp\/v2\/product\/770586","targetHints":{"allow":["GET"]}}],"collection":[{"href":"https:\/\/roveyayinevi.com.tr\/index.php\/wp-json\/wp\/v2\/product"}],"about":[{"href":"https:\/\/roveyayinevi.com.tr\/index.php\/wp-json\/wp\/v2\/types\/product"}],"wp:attachment":[{"href":"https:\/\/roveyayinevi.com.tr\/index.php\/wp-json\/wp\/v2\/media?parent=770586"}],"wp:term":[{"taxonomy":"product_brand","embeddable":true,"href":"https:\/\/roveyayinevi.com.tr\/index.php\/wp-json\/wp\/v2\/product_brand?post=770586"},{"taxonomy":"product_cat","embeddable":true,"href":"https:\/\/roveyayinevi.com.tr\/index.php\/wp-json\/wp\/v2\/product_cat?post=770586"},{"taxonomy":"product_tag","embeddable":true,"href":"https:\/\/roveyayinevi.com.tr\/index.php\/wp-json\/wp\/v2\/product_tag?post=770586"}],"curies":[{"name":"wp","href":"https:\/\/api.w.org\/{rel}","templated":true}]}}