{"id":770585,"date":"2025-08-28T14:35:23","date_gmt":"2025-08-28T11:35:23","guid":{"rendered":"https:\/\/roveyayinevi.com.tr\/index.php\/urun\/katibi-divani\/"},"modified":"2026-04-15T03:37:06","modified_gmt":"2026-04-15T00:37:06","slug":"katibi-divani","status":"publish","type":"product","link":"https:\/\/roveyayinevi.com.tr\/index.php\/urun\/katibi-divani\/","title":{"rendered":"Katibi Divan\u0131"},"content":{"rendered":"<p>K\u00e2tib\u00ee, T\u00fcrk tarihinde olduk\u00e7a \u00f6nemli bir yere sahip olan Seyd\u00ee Al\u00ee Reis\u2019in \u015fiirlerinde kulland\u0131\u011f\u0131 mahlast\u0131r. Dededen miras kalan denizcilik mesle\u011fi ile ba\u015fta Barbaros Hayreddin Pa\u015fa olmak \u00fczere pek \u00e7ok deniz erk\u00e2n\u0131 ile seferlere kat\u0131lm\u0131\u015f olan \u015fair, Hint seferi dolay\u0131s\u0131yla atand\u0131\u011f\u0131 kaptanl\u0131k sonucu hayat\u0131n\u0131 de\u011fi\u015ftirecek bir maceray\u0131 ya\u015fam\u0131\u015f ve bunun sonucunda da \u00fcnl\u00fc eseri Mir\u2019\u00e2t\u00fc\u2019l-Mem\u00e2lik\u2019i kaleme alm\u0131\u015ft\u0131r.  Kaynaklarda K\u00e2tib\u00ee\u2019nin D\u00eev\u00e2n sahibi bir \u015fair oldu\u011fu belirtilmesine ra\u011fmen bug\u00fcne kadar eserinin bir n\u00fcshas\u0131 ele ge\u00e7memi\u015fti. Fakat yap\u0131lan k\u00fct\u00fcphane taramalar\u0131 sonucunda \u015fairin D\u00eev\u00e2n n\u00fcshas\u0131na ula\u015f\u0131lm\u0131\u015f olup bu \u00e7al\u0131\u015fma da \u015fairin \u015fiirlerini g\u00fcn y\u00fcz\u00fcne \u00e7\u0131karmay\u0131 ama\u00e7lamaktad\u0131r.   D\u00f6rt b\u00f6l\u00fcmden m\u00fcte\u015fekkil \u00e7al\u0131\u015fma D\u00eev\u00e2n metnini ilim \u00e2lemine tan\u0131tmay\u0131 ama\u00e7 edindi\u011fi gibi K\u00e2tib\u00ee\u2019nin edeb\u00ee y\u00f6n\u00fcn\u00fc g\u00f6sterecek \u015fekilde \u015fiirlerin incelemesini de havidir. Ayr\u0131ca \u015fiirlerinde ge\u00e7en baz\u0131 edeb\u00ee ibareler a\u00e7\u0131klama ve notland\u0131r\u0131lma yoluna gidilmi\u015ftir. \u00c7al\u0131\u015fma, bug\u00fcne kadar daha \u00e7ok tarih\u00ee kimli\u011fi ile bilinen Seyd\u00ee Al\u00ee Reis&#8217;in kay\u0131p bir eserini ortaya koyarak edeb\u00ee y\u00f6n\u00fcn\u00fc de ayd\u0131nl\u0131\u011fa kavu\u015fturmay\u0131 ama\u00e7lamaktad\u0131r. <\/p>\n","protected":false},"excerpt":{"rendered":"<p>K\u00e2tib\u00ee, T\u00fcrk tarihinde olduk\u00e7a \u00f6nemli bir yere sahip olan Seyd\u00ee Al\u00ee Reis\u2019in \u015fiirlerinde kulland\u0131\u011f\u0131 mahlast\u0131r. Dededen miras kalan denizcilik mesle\u011fi ile ba\u015fta Barbaros Hayreddin Pa\u015fa olmak<span class=\"excerpt-hellip\"> [\u2026]<\/span><\/p>\n","protected":false},"featured_media":0,"template":"","meta":{"_monsterinsights_skip_tracking":false,"_monsterinsights_sitenote_active":false,"_monsterinsights_sitenote_note":"","_monsterinsights_sitenote_category":0},"product_brand":[],"product_cat":[13072,12291],"product_tag":[],"class_list":{"0":"post-770585","1":"product","2":"type-product","3":"status-publish","5":"product_cat-arastirma-inceleme-referans","6":"product_cat-edebiyat","7":"pa_cilt-ciltsiz","8":"pa_tur-kitap","9":"pa_yayinevi-yeditepe-yayinevi","10":"pa_yazar-seydi-ali-reis","12":"first","13":"instock","14":"sale","15":"shipping-taxable","16":"purchasable","17":"product-type-simple"},"_links":{"self":[{"href":"https:\/\/roveyayinevi.com.tr\/index.php\/wp-json\/wp\/v2\/product\/770585","targetHints":{"allow":["GET"]}}],"collection":[{"href":"https:\/\/roveyayinevi.com.tr\/index.php\/wp-json\/wp\/v2\/product"}],"about":[{"href":"https:\/\/roveyayinevi.com.tr\/index.php\/wp-json\/wp\/v2\/types\/product"}],"wp:attachment":[{"href":"https:\/\/roveyayinevi.com.tr\/index.php\/wp-json\/wp\/v2\/media?parent=770585"}],"wp:term":[{"taxonomy":"product_brand","embeddable":true,"href":"https:\/\/roveyayinevi.com.tr\/index.php\/wp-json\/wp\/v2\/product_brand?post=770585"},{"taxonomy":"product_cat","embeddable":true,"href":"https:\/\/roveyayinevi.com.tr\/index.php\/wp-json\/wp\/v2\/product_cat?post=770585"},{"taxonomy":"product_tag","embeddable":true,"href":"https:\/\/roveyayinevi.com.tr\/index.php\/wp-json\/wp\/v2\/product_tag?post=770585"}],"curies":[{"name":"wp","href":"https:\/\/api.w.org\/{rel}","templated":true}]}}