{"id":770584,"date":"2025-08-28T14:35:22","date_gmt":"2025-08-28T11:35:22","guid":{"rendered":"https:\/\/roveyayinevi.com.tr\/index.php\/urun\/notos-103-murathan-mungan-50-yil-70-yas-bazi-fotograflar-mektuplar-kartpostallar\/"},"modified":"2026-04-15T03:37:06","modified_gmt":"2026-04-15T00:37:06","slug":"notos-103-murathan-mungan-50-yil-70-yas-bazi-fotograflar-mektuplar-kartpostallar","status":"publish","type":"product","link":"https:\/\/roveyayinevi.com.tr\/index.php\/urun\/notos-103-murathan-mungan-50-yil-70-yas-bazi-fotograflar-mektuplar-kartpostallar\/","title":{"rendered":"Notos 103 \u2013 Murathan Mungan: 50 Y\u0131l, 70 Ya\u015f: Baz\u0131 Foto\u011fraflar, Mektuplar, Kartpostallar"},"content":{"rendered":"<p>50 Y\u0131l, 70 Ya\u015f: Baz\u0131 Foto\u011fraflar, Mektuplar, KartpostallarAnnie Ernaux: \u201cSoyumun intikam\u0131n\u0131 alm\u0131\u015f olmay\u0131 umuyorum.\u201dAlice McDermott: E\u015fyalarFadime Uslu: \u00d6yk\u00fcde Resimsel G\u00f6r\u00fcnt\u00fc Yaratmak 4: G\u00f6r\u00fcnt\u00fc ve OyunNotos her y\u0131l bir say\u0131s\u0131n\u0131 bir yazar edit\u00f6re teslim ediyor ve onun edit\u00f6rl\u00fc\u011f\u00fcn\u00fc ko\u015fulsuz kabul ediyor. Notos\u2019un bu y\u0131lki konuk edit\u00f6r\u00fc Murathan Mungan. \u0130mzas\u0131yla bir\u00e7ok alanda varl\u0131k g\u00f6stermi\u015f biri olarak k\u00fclt\u00fcr sanat ve edebiyat d\u00fcnyas\u0131nda 50. y\u0131l\u0131n\u0131 ve 70. ya\u015f\u0131n\u0131 kutlayan Murathan Mungan Notos\u2019un bu say\u0131s\u0131 i\u00e7in ki\u015fisel ar\u015fivinden belgeleri, mektuplar\u0131, kartlar\u0131, an\u0131lar\u0131 derleyerek k\u00fclt\u00fcr sanat ve edebiyat tarihimizin haf\u0131zas\u0131na emanet ediyor. Kendi yazarl\u0131k \u00f6mr\u00fcn\u00fc ortaya d\u00f6kerken edebiyat\u0131m\u0131z\u0131n hep bildi\u011fimiz, akl\u0131m\u0131zda yer etmi\u015f yazarlar\u0131na, sanat\u00e7\u0131lar\u0131na g\u00f6ndermelerle de dolu bu dosya kal\u0131c\u0131 bir d\u00f6k\u00fcm, bir belge niteli\u011finde.Notos\u2019un bu say\u0131s\u0131n\u0131n s\u00f6yle\u015fisi Nobel Edebiyat \u00d6d\u00fcll\u00fc Frans\u0131z yazar Annie Ernaux ile, en sevdi\u011fi konular olan edebiyat, siyaset, feminizm, a\u015fk, arzu \u00fcst\u00fcne.Aganta b\u00f6l\u00fcm\u00fcnde g\u00fcn\u00fcm\u00fcz edebiyat d\u00fcnyas\u0131na ve g\u00fcncel kitaplara dair yaz\u0131lar\u0131yla Alper G\u00fcng\u00f6r, Asl\u0131 \u0130dil Kaynar, Cansu Eyl\u00fcl Yap\u0131c\u0131, Fatih Balk\u0131\u015f, Fulya K\u0131l\u0131n\u00e7arslan, \u00d6zge K\u0131l\u0131\u00e7o\u011flu, P\u0131narnaz Eren ve Tila Sadeki yer al\u0131yor.Bir Yazar\u0131n Se\u00e7tikleri b\u00f6l\u00fcm\u00fcnde \u00c7a\u011fatay Y\u0131lmaz okunmas\u0131n\u0131 zorunlu g\u00f6rd\u00fc\u011f\u00fc kitaplar\u0131, Aylin S\u00f6kmen ise en \u00e7ok etkilendi\u011fi yazar\u0131 nedenleriyle birlikte Notos\u2019a anlat\u0131yor.Ta\u00e7l\u0131 Yaz\u0131c\u0131o\u011flu, Halil \u0130brahim \u00d6zbay ve Ba\u015fak Arslan k\u0131sa sorulara k\u0131sa yan\u0131tlarla kendi yazarl\u0131k ser\u00fcvenlerini ve yay\u0131mlanan son kitaplar\u0131n\u0131 anlat\u0131yor.Foto-Yaz\u0131 b\u00f6l\u00fcm\u00fcnde Daid\u014d Moriyama\u2019nin foto\u011fraf\u0131n\u0131 Arzu U\u00e7ar k\u0131sa bir anlat\u0131yla yorumluyor.Kitapl\u0131k b\u00f6l\u00fcm\u00fcnde Kemal G\u00fcnd\u00fczalp Antonio G. Iturbe\u2019in Auschwitz K\u00fct\u00fcphanecisi adl\u0131 roman\u0131n\u0131, Serkan Parlak Ufuk Tekin\u2019in K\u0131z\u0131l Me\u015fe adl\u0131 \u00f6yk\u00fc kitab\u0131n\u0131, \u015eenay Ero\u011flu Aksoy Murat \u00c7elik\u2019in Baz\u0131 G\u00fcnlerin Sonu adl\u0131 roman\u0131n\u0131 inceliyor.Notos\u2019un bu say\u0131s\u0131nda \u00f6yk\u00fcleriyle yer alan yazarlar: Sandra Cisneros, Arife Kalender, Esin K\u0131ro\u011flu, H\u00fcseyin Karag\u00f6z, Dilek Karaaslan, \u00d6mer Kaya, M\u00fcnevver Antczak, G\u00f6k\u00e7e K\u00f6ksal, G\u00fclendam Noyan Kurhan, \u0130rem Bayraktar.<\/p>\n","protected":false},"excerpt":{"rendered":"<p>50 Y\u0131l, 70 Ya\u015f: Baz\u0131 Foto\u011fraflar, Mektuplar, KartpostallarAnnie Ernaux: \u201cSoyumun intikam\u0131n\u0131 alm\u0131\u015f olmay\u0131 umuyorum.\u201dAlice McDermott: E\u015fyalarFadime Uslu: \u00d6yk\u00fcde Resimsel G\u00f6r\u00fcnt\u00fc Yaratmak 4: G\u00f6r\u00fcnt\u00fc ve OyunNotos her<span class=\"excerpt-hellip\"> [\u2026]<\/span><\/p>\n","protected":false},"featured_media":0,"template":"","meta":{"_monsterinsights_skip_tracking":false,"_monsterinsights_sitenote_active":false,"_monsterinsights_sitenote_note":"","_monsterinsights_sitenote_category":0},"product_brand":[],"product_cat":[13527],"product_tag":[],"class_list":{"0":"post-770584","1":"product","2":"type-product","3":"status-publish","5":"product_cat-sureli-yayinlar","6":"pa_cilt-ciltsiz","7":"pa_tur-dergi","8":"pa_yayinevi-notos-dergisi","9":"pa_yazar-kolektif","11":"first","12":"instock","13":"sale","14":"shipping-taxable","15":"purchasable","16":"product-type-simple"},"_links":{"self":[{"href":"https:\/\/roveyayinevi.com.tr\/index.php\/wp-json\/wp\/v2\/product\/770584","targetHints":{"allow":["GET"]}}],"collection":[{"href":"https:\/\/roveyayinevi.com.tr\/index.php\/wp-json\/wp\/v2\/product"}],"about":[{"href":"https:\/\/roveyayinevi.com.tr\/index.php\/wp-json\/wp\/v2\/types\/product"}],"wp:attachment":[{"href":"https:\/\/roveyayinevi.com.tr\/index.php\/wp-json\/wp\/v2\/media?parent=770584"}],"wp:term":[{"taxonomy":"product_brand","embeddable":true,"href":"https:\/\/roveyayinevi.com.tr\/index.php\/wp-json\/wp\/v2\/product_brand?post=770584"},{"taxonomy":"product_cat","embeddable":true,"href":"https:\/\/roveyayinevi.com.tr\/index.php\/wp-json\/wp\/v2\/product_cat?post=770584"},{"taxonomy":"product_tag","embeddable":true,"href":"https:\/\/roveyayinevi.com.tr\/index.php\/wp-json\/wp\/v2\/product_tag?post=770584"}],"curies":[{"name":"wp","href":"https:\/\/api.w.org\/{rel}","templated":true}]}}