{"id":770581,"date":"2025-08-28T14:35:16","date_gmt":"2025-08-28T11:35:16","guid":{"rendered":"https:\/\/roveyayinevi.com.tr\/index.php\/urun\/genc-hemingway\/"},"modified":"2026-04-15T03:37:06","modified_gmt":"2026-04-15T00:37:06","slug":"genc-hemingway","status":"publish","type":"product","link":"https:\/\/roveyayinevi.com.tr\/index.php\/urun\/genc-hemingway\/","title":{"rendered":"Gen\u00e7 Hemingway"},"content":{"rendered":"<p>Michael Reynolds\u2019un, Ernest Hemingway\u2019in do\u011fumundan Hadley Richardson\u2019la ilk evlili\u011fine dek hayat\u0131n\u0131n ve ilk yazarl\u0131k giri\u015fimlerinin izini s\u00fcrd\u00fc\u011f\u00fc biyografik \u00e7al\u0131\u015fmas\u0131 Gen\u00e7 Hemingway, Chicago, Oak Park\u2019\u0131n \u00f6nemli ailelerinden birine do\u011fan Hemingway\u2019in aile ili\u015fkilerini ve toplumsal \u00e7evresini irdeliyor. Ba\u015far\u0131l\u0131 bir ruhsal portre ortaya koyan bu \u00e7al\u0131\u015fmada, okur, Amerikal\u0131 b\u00fcy\u00fck yazar\u0131n gazetecilik g\u00fcnlerini, Birinci D\u00fcnya Sava\u015f\u0131\u2019nda \u0130talya\u2019ya K\u0131z\u0131lha\u00e7 ambulans \u015fof\u00f6r\u00fc olarak gidi\u015fini ve sava\u015ftan d\u00f6n\u00fc\u015f\u00fcnde bir birey ve bir yazar olarak kendini \u00e2deta kitaplar\u0131ndaki \u00f6l\u00fcms\u00fcz kahramanlar\u0131ndan biri gibi ba\u015ftan ba\u015fa kurgulamas\u0131na tan\u0131kl\u0131k ediyor. Hen\u00fcz evli \u00e7iftin yeni bir hayat i\u00e7in Paris\u2019e giden bir gemiye binmesiyle sona eren Gen\u00e7 Hemingway, okuru daha fazlas\u0131 i\u00e7in merakta b\u0131rak\u0131yor. \u201cHerkesin hayat\u0131 ayn\u0131 \u015fekilde son bulur. Yaln\u0131zca nas\u0131l ya\u015fand\u0131\u011f\u0131 ve nas\u0131l \u00f6l\u00fcnd\u00fc\u011f\u00fcne dair detaylar bir insan\u0131 di\u011ferinden ay\u0131rmaya yarar.\u201d \u2014 Ernest Hemingway<\/p>\n","protected":false},"excerpt":{"rendered":"<p>Michael Reynolds\u2019un, Ernest Hemingway\u2019in do\u011fumundan Hadley Richardson\u2019la ilk evlili\u011fine dek hayat\u0131n\u0131n ve ilk yazarl\u0131k giri\u015fimlerinin izini s\u00fcrd\u00fc\u011f\u00fc biyografik \u00e7al\u0131\u015fmas\u0131 Gen\u00e7 Hemingway, Chicago, Oak Park\u2019\u0131n \u00f6nemli ailelerinden<span class=\"excerpt-hellip\"> [\u2026]<\/span><\/p>\n","protected":false},"featured_media":0,"template":"","meta":{"_monsterinsights_skip_tracking":false,"_monsterinsights_sitenote_active":false,"_monsterinsights_sitenote_note":"","_monsterinsights_sitenote_category":0},"product_brand":[],"product_cat":[14009,12291],"product_tag":[],"class_list":{"0":"post-770581","1":"product","2":"type-product","3":"status-publish","5":"product_cat-biyografi-otobiyografi-edebiyat","6":"product_cat-edebiyat","7":"pa_cilt-ciltsiz","8":"pa_tur-kitap","9":"pa_yayinevi-everest-yayinlari","10":"pa_yazar-michael-reynolds","12":"first","13":"instock","14":"sale","15":"shipping-taxable","16":"purchasable","17":"product-type-simple"},"_links":{"self":[{"href":"https:\/\/roveyayinevi.com.tr\/index.php\/wp-json\/wp\/v2\/product\/770581","targetHints":{"allow":["GET"]}}],"collection":[{"href":"https:\/\/roveyayinevi.com.tr\/index.php\/wp-json\/wp\/v2\/product"}],"about":[{"href":"https:\/\/roveyayinevi.com.tr\/index.php\/wp-json\/wp\/v2\/types\/product"}],"wp:attachment":[{"href":"https:\/\/roveyayinevi.com.tr\/index.php\/wp-json\/wp\/v2\/media?parent=770581"}],"wp:term":[{"taxonomy":"product_brand","embeddable":true,"href":"https:\/\/roveyayinevi.com.tr\/index.php\/wp-json\/wp\/v2\/product_brand?post=770581"},{"taxonomy":"product_cat","embeddable":true,"href":"https:\/\/roveyayinevi.com.tr\/index.php\/wp-json\/wp\/v2\/product_cat?post=770581"},{"taxonomy":"product_tag","embeddable":true,"href":"https:\/\/roveyayinevi.com.tr\/index.php\/wp-json\/wp\/v2\/product_tag?post=770581"}],"curies":[{"name":"wp","href":"https:\/\/api.w.org\/{rel}","templated":true}]}}