{"id":770579,"date":"2025-08-28T14:35:11","date_gmt":"2025-08-28T11:35:11","guid":{"rendered":"https:\/\/roveyayinevi.com.tr\/index.php\/urun\/dort-kapili-sehir-siddetin-cocuklari-5\/"},"modified":"2026-04-12T03:28:04","modified_gmt":"2026-04-12T00:28:04","slug":"dort-kapili-sehir-siddetin-cocuklari-5","status":"publish","type":"product","link":"https:\/\/roveyayinevi.com.tr\/index.php\/urun\/dort-kapili-sehir-siddetin-cocuklari-5\/","title":{"rendered":"D\u00f6rt Kap\u0131l\u0131 \u015eehir \/ \u015eiddetin \u00c7ocuklar\u0131 &#8211; 5"},"content":{"rendered":"<p>D\u00f6rt Kap\u0131l\u0131 \u015eehir, Nobel Edebiyat \u00d6d\u00fcl\u00fc sahibi Doris Lessing\u2019in yar\u0131 otobiyografik roman serisi \u201c\u015eiddetin \u00c7ocuklar\u0131\u201dn\u0131n be\u015finci ve son kitab\u0131. Art\u0131k orta ya\u015fl\u0131 bir kad\u0131n olan Martha Quest, sava\u015f\u0131n ard\u0131ndan kendine yeni bir hayat kurma umuduyla Londra\u2019ya gitmek i\u00e7in Afrika\u2019dan ayr\u0131l\u0131r. Colridge Ailesi\u2019nin hizmet\u00e7isi olarak bak\u0131m\u0131n\u0131 \u00fcstlendi\u011fi \u00e7ocuklar\u0131n b\u00fcy\u00fcmesini izler. Onlar yeni \u201c\u015fiddetin \u00e7ocuklar\u0131\u201d d\u0131r. Par\u00e7alanan, n\u00fckleer felakete do\u011fru s\u00fcr\u00fcklenen bir d\u00fcnyada b\u00fcy\u00fcyen bu \u00e7ocuklar\u0131 izlerken kendi bulan\u0131k zihnini ar\u0131nd\u0131rmaya \u00e7al\u0131\u015farak benli\u011fini ke\u015ffetmek \u00fczere bir yolculu\u011fa \u00e7\u0131kar.   Doris Lessing serinin bu \u00e7arp\u0131c\u0131 final kitab\u0131yla medeni oldu\u011fu kabul edilen toplumlar\u0131n nas\u0131l yozla\u015fabildi\u011fini, insan\u0131n yapabileceklerinin s\u0131n\u0131r\u0131n\u0131n olmad\u0131\u011f\u0131n\u0131 t\u00fcm \u00e7\u0131plakl\u0131\u011f\u0131yla g\u00f6zler \u00f6n\u00fcne seriyor.   \u201cE\u011fer 20. y\u00fczy\u0131l yazarlar\u0131 i\u00e7in bir Rushmore Da\u011f\u0131 An\u0131t\u0131 olsayd\u0131 \u00fczerine oyulmu\u015f y\u00fczlerden biri kesinlikle Doris Lessing olurdu.\u201d \u2013Margaret Atwood <\/p>\n","protected":false},"excerpt":{"rendered":"<p>D\u00f6rt Kap\u0131l\u0131 \u015eehir, Nobel Edebiyat \u00d6d\u00fcl\u00fc sahibi Doris Lessing\u2019in yar\u0131 otobiyografik roman serisi \u201c\u015eiddetin \u00c7ocuklar\u0131\u201dn\u0131n be\u015finci ve son kitab\u0131. Art\u0131k orta ya\u015fl\u0131 bir kad\u0131n olan Martha<span class=\"excerpt-hellip\"> [\u2026]<\/span><\/p>\n","protected":false},"featured_media":0,"template":"","meta":{"_monsterinsights_skip_tracking":false,"_monsterinsights_sitenote_active":false,"_monsterinsights_sitenote_note":"","_monsterinsights_sitenote_category":0},"product_brand":[],"product_cat":[12291,12711],"product_tag":[],"class_list":{"0":"post-770579","1":"product","2":"type-product","3":"status-publish","5":"product_cat-edebiyat","6":"product_cat-roman-oyku","7":"pa_cilt-ciltsiz","8":"pa_tur-kitap","9":"pa_yayinevi-everest-yayinlari","10":"pa_yazar-doris-lessing","12":"first","13":"instock","14":"sale","15":"shipping-taxable","16":"purchasable","17":"product-type-simple"},"_links":{"self":[{"href":"https:\/\/roveyayinevi.com.tr\/index.php\/wp-json\/wp\/v2\/product\/770579","targetHints":{"allow":["GET"]}}],"collection":[{"href":"https:\/\/roveyayinevi.com.tr\/index.php\/wp-json\/wp\/v2\/product"}],"about":[{"href":"https:\/\/roveyayinevi.com.tr\/index.php\/wp-json\/wp\/v2\/types\/product"}],"wp:attachment":[{"href":"https:\/\/roveyayinevi.com.tr\/index.php\/wp-json\/wp\/v2\/media?parent=770579"}],"wp:term":[{"taxonomy":"product_brand","embeddable":true,"href":"https:\/\/roveyayinevi.com.tr\/index.php\/wp-json\/wp\/v2\/product_brand?post=770579"},{"taxonomy":"product_cat","embeddable":true,"href":"https:\/\/roveyayinevi.com.tr\/index.php\/wp-json\/wp\/v2\/product_cat?post=770579"},{"taxonomy":"product_tag","embeddable":true,"href":"https:\/\/roveyayinevi.com.tr\/index.php\/wp-json\/wp\/v2\/product_tag?post=770579"}],"curies":[{"name":"wp","href":"https:\/\/api.w.org\/{rel}","templated":true}]}}