{"id":770574,"date":"2025-08-28T14:35:00","date_gmt":"2025-08-28T11:35:00","guid":{"rendered":"https:\/\/roveyayinevi.com.tr\/index.php\/urun\/iz-surucu-kopekler-5-kayip-cocugun-pesinde\/"},"modified":"2026-04-15T03:37:05","modified_gmt":"2026-04-15T00:37:05","slug":"iz-surucu-kopekler-5-kayip-cocugun-pesinde","status":"publish","type":"product","link":"https:\/\/roveyayinevi.com.tr\/index.php\/urun\/iz-surucu-kopekler-5-kayip-cocugun-pesinde\/","title":{"rendered":"\u0130z S\u00fcr\u00fcc\u00fc K\u00f6pekler-5 \/ Kay\u0131p \u00c7ocu\u011fun Pe\u015finde"},"content":{"rendered":"<p>G\u00fclten Day\u0131o\u011flu\u2019nun dokuz arama kurtarma k\u00f6pe\u011fi karde\u015fin hik\u00e2yelerini anlatt\u0131\u011f\u0131 \u0130z S\u00fcr\u00fcc\u00fc K\u00f6pekler dizisi A Tak\u0131m\u0131 \u2013 Kay\u0131p \u00c7ocu\u011fun Pe\u015finde maceras\u0131yla devam ediyor.   Bu kitapta Samur Kuyruk, G\u00f6zl\u00fckl\u00fc ve Sakar\u0131m\u2019\u0131n pe\u015finden gitmeye haz\u0131r m\u0131s\u0131n\u0131z? <\/p>\n","protected":false},"excerpt":{"rendered":"<p>G\u00fclten Day\u0131o\u011flu\u2019nun dokuz arama kurtarma k\u00f6pe\u011fi karde\u015fin hik\u00e2yelerini anlatt\u0131\u011f\u0131 \u0130z S\u00fcr\u00fcc\u00fc K\u00f6pekler dizisi A Tak\u0131m\u0131 \u2013 Kay\u0131p \u00c7ocu\u011fun Pe\u015finde maceras\u0131yla devam ediyor. Bu kitapta Samur Kuyruk,<span class=\"excerpt-hellip\"> [\u2026]<\/span><\/p>\n","protected":false},"featured_media":0,"template":"","meta":{"_monsterinsights_skip_tracking":false,"_monsterinsights_sitenote_active":false,"_monsterinsights_sitenote_note":"","_monsterinsights_sitenote_category":0},"product_brand":[],"product_cat":[12275,12274],"product_tag":[],"class_list":{"0":"post-770574","1":"product","2":"type-product","3":"status-publish","5":"product_cat-6-12-yas-kitaplari","6":"product_cat-cocuk-ve-genclik-kitaplari","7":"pa_cilt-ciltsiz","8":"pa_tur-kitap","9":"pa_yayinevi-yapi-kredi-yayinlari","10":"pa_yazar-gulten-dayioglu","12":"first","13":"instock","14":"sale","15":"shipping-taxable","16":"purchasable","17":"product-type-simple"},"_links":{"self":[{"href":"https:\/\/roveyayinevi.com.tr\/index.php\/wp-json\/wp\/v2\/product\/770574","targetHints":{"allow":["GET"]}}],"collection":[{"href":"https:\/\/roveyayinevi.com.tr\/index.php\/wp-json\/wp\/v2\/product"}],"about":[{"href":"https:\/\/roveyayinevi.com.tr\/index.php\/wp-json\/wp\/v2\/types\/product"}],"wp:attachment":[{"href":"https:\/\/roveyayinevi.com.tr\/index.php\/wp-json\/wp\/v2\/media?parent=770574"}],"wp:term":[{"taxonomy":"product_brand","embeddable":true,"href":"https:\/\/roveyayinevi.com.tr\/index.php\/wp-json\/wp\/v2\/product_brand?post=770574"},{"taxonomy":"product_cat","embeddable":true,"href":"https:\/\/roveyayinevi.com.tr\/index.php\/wp-json\/wp\/v2\/product_cat?post=770574"},{"taxonomy":"product_tag","embeddable":true,"href":"https:\/\/roveyayinevi.com.tr\/index.php\/wp-json\/wp\/v2\/product_tag?post=770574"}],"curies":[{"name":"wp","href":"https:\/\/api.w.org\/{rel}","templated":true}]}}