{"id":770568,"date":"2025-08-28T14:34:44","date_gmt":"2025-08-28T11:34:44","guid":{"rendered":"https:\/\/roveyayinevi.com.tr\/index.php\/urun\/bende-kalmasin\/"},"modified":"2026-04-13T03:32:49","modified_gmt":"2026-04-13T00:32:49","slug":"bende-kalmasin","status":"publish","type":"product","link":"https:\/\/roveyayinevi.com.tr\/index.php\/urun\/bende-kalmasin\/","title":{"rendered":"Bende Kalmas\u0131n"},"content":{"rendered":"<p>Otobiyografik \u00f6zellikler ta\u015f\u0131yan Fadi\u015f, \u00e7ocuk kitaplar\u0131 alan\u0131nda T\u00fcrkiye\u2019nin ilk \u00e7oksatar\u0131d\u0131r. Halen 156. bask\u0131s\u0131 d\u00f6rd\u00fcnc\u00fc ku\u015faklar taraf\u0131ndan okunan roman, kahraman\u0131na verilen yat\u0131l\u0131 okul vaadiyle son buluyordu. Y\u0131llard\u0131r okullarda, s\u00f6yle\u015filerde ve \u00e7e\u015fitli ileti\u015fim ortamlar\u0131nda Fadi\u015f siz misiniz? Fadi\u015f sonra ne yapt\u0131? Nas\u0131l bir insan oldu? gibi sorularla kar\u015f\u0131la\u015fan G\u00fclten Day\u0131o\u011flu i\u015fte bu sorular\u0131n yan\u0131tlar\u0131n\u0131 i\u00e7eren bir kitap yazma vaadini Bende Kalmas\u0131n ile yerine getiriyor. Bende Kalmas\u0131n \u00e7okkatmanl\u0131 bir toplumun \u00e7at\u0131\u015fmal\u0131 de\u011ferleriyle ku\u015fat\u0131lm\u0131\u015f halde, d\u00fc\u015fe kalka kendi yolunu \u00e7izen Fadi\u015f\u2019in \u00f6yk\u00fcs\u00fc. G\u00fclten Day\u0131o\u011flu, elinizdeki kitapta yaln\u0131zca Fadi\u015f\u2019in hayat\u0131n\u0131, ki\u015fisel ve entelekt\u00fcel geli\u015fimini anlatmakla kalm\u0131yor, keskin g\u00f6zlemleri ve duyarl\u0131 bak\u0131\u015f\u0131yla k\u0131rkl\u0131 y\u0131llardan ba\u015flayarak T\u00fcrkiye\u2019nin toplumsal ve k\u00fclt\u00fcrel bir panoramas\u0131n\u0131 da \u00e7iziyor. <\/p>\n","protected":false},"excerpt":{"rendered":"<p>Otobiyografik \u00f6zellikler ta\u015f\u0131yan Fadi\u015f, \u00e7ocuk kitaplar\u0131 alan\u0131nda T\u00fcrkiye\u2019nin ilk \u00e7oksatar\u0131d\u0131r. Halen 156. bask\u0131s\u0131 d\u00f6rd\u00fcnc\u00fc ku\u015faklar taraf\u0131ndan okunan roman, kahraman\u0131na verilen yat\u0131l\u0131 okul vaadiyle son buluyordu. Y\u0131llard\u0131r<span class=\"excerpt-hellip\"> [\u2026]<\/span><\/p>\n","protected":false},"featured_media":0,"template":"","meta":{"_monsterinsights_skip_tracking":false,"_monsterinsights_sitenote_active":false,"_monsterinsights_sitenote_note":"","_monsterinsights_sitenote_category":0},"product_brand":[],"product_cat":[14009,12291],"product_tag":[],"class_list":{"0":"post-770568","1":"product","2":"type-product","3":"status-publish","5":"product_cat-biyografi-otobiyografi-edebiyat","6":"product_cat-edebiyat","7":"pa_cilt-ciltsiz","8":"pa_tur-kitap","9":"pa_yayinevi-yapi-kredi-yayinlari","10":"pa_yazar-gulten-dayioglu","12":"first","13":"instock","14":"sale","15":"shipping-taxable","16":"purchasable","17":"product-type-simple"},"_links":{"self":[{"href":"https:\/\/roveyayinevi.com.tr\/index.php\/wp-json\/wp\/v2\/product\/770568","targetHints":{"allow":["GET"]}}],"collection":[{"href":"https:\/\/roveyayinevi.com.tr\/index.php\/wp-json\/wp\/v2\/product"}],"about":[{"href":"https:\/\/roveyayinevi.com.tr\/index.php\/wp-json\/wp\/v2\/types\/product"}],"wp:attachment":[{"href":"https:\/\/roveyayinevi.com.tr\/index.php\/wp-json\/wp\/v2\/media?parent=770568"}],"wp:term":[{"taxonomy":"product_brand","embeddable":true,"href":"https:\/\/roveyayinevi.com.tr\/index.php\/wp-json\/wp\/v2\/product_brand?post=770568"},{"taxonomy":"product_cat","embeddable":true,"href":"https:\/\/roveyayinevi.com.tr\/index.php\/wp-json\/wp\/v2\/product_cat?post=770568"},{"taxonomy":"product_tag","embeddable":true,"href":"https:\/\/roveyayinevi.com.tr\/index.php\/wp-json\/wp\/v2\/product_tag?post=770568"}],"curies":[{"name":"wp","href":"https:\/\/api.w.org\/{rel}","templated":true}]}}