{"id":770564,"date":"2025-08-28T14:34:36","date_gmt":"2025-08-28T11:34:36","guid":{"rendered":"https:\/\/roveyayinevi.com.tr\/index.php\/urun\/arastirmanin-alfabesi\/"},"modified":"2026-04-15T03:37:05","modified_gmt":"2026-04-15T00:37:05","slug":"arastirmanin-alfabesi","status":"publish","type":"product","link":"https:\/\/roveyayinevi.com.tr\/index.php\/urun\/arastirmanin-alfabesi\/","title":{"rendered":"Ara\u015ft\u0131rman\u0131n Alfabesi"},"content":{"rendered":"<p>Akademik d\u00fcnyaya ad\u0131m atanlar, tez yaz\u0131m s\u00fcrecinde olanlar veya ara\u015ft\u0131rma prati\u011fini geli\u015ftirmek isteyen herkes i\u00e7in kaleme al\u0131nan Ara\u015ft\u0131rman\u0131n Alfabesi, okura akademik d\u00fc\u015f\u00fcnceyi bir k\u00fclt\u00fcr olarak nas\u0131l i\u00e7selle\u015ftirebilece\u011fini g\u00f6steriyor. Ara\u015ft\u0131rman\u0131n do\u011fas\u0131n\u0131, sistematik \u00e7al\u0131\u015fma anlay\u0131\u015f\u0131n\u0131, etkili okuma, not alma ve yaz\u0131m tekniklerini ele alan bu kitap, akademik d\u00fcnyada yolunu kaybetmi\u015f ya da daha sa\u011flam bir temel arayan herkes i\u00e7in pratik \u00f6neriler sunuyor. Yasin Ramazan, okuruna ara\u015ft\u0131rma yaparken neler yapmas\u0131 gerekti\u011fine dair haz\u0131r y\u00f6ntemler sunmaktansa bu yolda nas\u0131l bir anlay\u0131\u015fla ilerlemesi gerekti\u011fine dair i\u00e7sel bir fark\u0131ndal\u0131k olu\u015fturmay\u0131 hedefliyor. Akademik okuma-yazma pratiklerinin, uygularken \u00f6\u011frenilece\u011fi d\u00fc\u015f\u00fcncesine kar\u015f\u0131t olarak bilgi ve tecr\u00fcbe aktar\u0131m\u0131 yap\u0131yor.<\/p>\n","protected":false},"excerpt":{"rendered":"<p>Akademik d\u00fcnyaya ad\u0131m atanlar, tez yaz\u0131m s\u00fcrecinde olanlar veya ara\u015ft\u0131rma prati\u011fini geli\u015ftirmek isteyen herkes i\u00e7in kaleme al\u0131nan Ara\u015ft\u0131rman\u0131n Alfabesi, okura akademik d\u00fc\u015f\u00fcnceyi bir k\u00fclt\u00fcr olarak nas\u0131l<span class=\"excerpt-hellip\"> [\u2026]<\/span><\/p>\n","protected":false},"featured_media":0,"template":"","meta":{"_monsterinsights_skip_tracking":false,"_monsterinsights_sitenote_active":false,"_monsterinsights_sitenote_note":"","_monsterinsights_sitenote_category":0},"product_brand":[],"product_cat":[12573,12566],"product_tag":[],"class_list":{"0":"post-770564","1":"product","2":"type-product","3":"status-publish","5":"product_cat-akademik-kitaplar","6":"product_cat-egitim","7":"pa_cilt-ciltsiz","8":"pa_tur-kitap","9":"pa_yayinevi-timas-yayinlari","10":"pa_yazar-yasin-ramazan","12":"first","13":"instock","14":"sale","15":"shipping-taxable","16":"purchasable","17":"product-type-simple"},"_links":{"self":[{"href":"https:\/\/roveyayinevi.com.tr\/index.php\/wp-json\/wp\/v2\/product\/770564","targetHints":{"allow":["GET"]}}],"collection":[{"href":"https:\/\/roveyayinevi.com.tr\/index.php\/wp-json\/wp\/v2\/product"}],"about":[{"href":"https:\/\/roveyayinevi.com.tr\/index.php\/wp-json\/wp\/v2\/types\/product"}],"wp:attachment":[{"href":"https:\/\/roveyayinevi.com.tr\/index.php\/wp-json\/wp\/v2\/media?parent=770564"}],"wp:term":[{"taxonomy":"product_brand","embeddable":true,"href":"https:\/\/roveyayinevi.com.tr\/index.php\/wp-json\/wp\/v2\/product_brand?post=770564"},{"taxonomy":"product_cat","embeddable":true,"href":"https:\/\/roveyayinevi.com.tr\/index.php\/wp-json\/wp\/v2\/product_cat?post=770564"},{"taxonomy":"product_tag","embeddable":true,"href":"https:\/\/roveyayinevi.com.tr\/index.php\/wp-json\/wp\/v2\/product_tag?post=770564"}],"curies":[{"name":"wp","href":"https:\/\/api.w.org\/{rel}","templated":true}]}}