{"id":770563,"date":"2025-08-28T14:34:34","date_gmt":"2025-08-28T11:34:34","guid":{"rendered":"https:\/\/roveyayinevi.com.tr\/index.php\/urun\/dusunmenin-alfabesi-2\/"},"modified":"2026-04-15T03:37:05","modified_gmt":"2026-04-15T00:37:05","slug":"dusunmenin-alfabesi-2","status":"publish","type":"product","link":"https:\/\/roveyayinevi.com.tr\/index.php\/urun\/dusunmenin-alfabesi-2\/","title":{"rendered":"D\u00fc\u015f\u00fcnmenin Alfabesi"},"content":{"rendered":"<p>Ele\u015ftirel d\u00fc\u015f\u00fcnme bir sonu\u00e7 de\u011fil ba\u015flang\u0131\u00e7t\u0131r. Ele\u015ftirel d\u00fc\u015f\u00fcnerek daha do\u011fru inan\u00e7lara ve daha iyi davran\u0131\u015flara ula\u015fmay\u0131 hedefleriz. G\u00fcn\u00fcm\u00fcz\u00fcn bilgi bombard\u0131man\u0131 alt\u0131nda do\u011fruyu yanl\u0131\u015ftan ay\u0131rabilmek, sa\u011flam arg\u00fcmanlarla d\u00fc\u015f\u00fcnebilmek ve ele\u015ftirel bir bak\u0131\u015f a\u00e7\u0131s\u0131 geli\u015ftirebilmek her zamankinden daha \u00f6nemli.  Yasin Ramazan, D\u00fc\u015f\u00fcnmenin Alfabesi\u2019nde ak\u0131l y\u00fcr\u00fctmenin temellerini, mant\u0131kl\u0131 d\u00fc\u015f\u00fcnmenin y\u00f6ntemlerini ve ele\u015ftirel d\u00fc\u015f\u00fcncenin \u00f6n\u00fcndeki engelleri ele al\u0131yor. Varsay\u0131mlar, inan\u00e7lar, bilgi, arg\u00fcmanlar, safsatalar, bili\u015fsel \u00f6nyarg\u0131lar ve rasyonel d\u00fc\u015f\u00fcnme teknikleri gibi konulara odaklanan bu kitap, okuyucusuna daha tutarl\u0131 ve sa\u011flam d\u00fc\u015f\u00fcnme al\u0131\u015fkanl\u0131klar\u0131 kazand\u0131rmay\u0131 ama\u00e7l\u0131yor.<\/p>\n","protected":false},"excerpt":{"rendered":"<p>Ele\u015ftirel d\u00fc\u015f\u00fcnme bir sonu\u00e7 de\u011fil ba\u015flang\u0131\u00e7t\u0131r. Ele\u015ftirel d\u00fc\u015f\u00fcnerek daha do\u011fru inan\u00e7lara ve daha iyi davran\u0131\u015flara ula\u015fmay\u0131 hedefleriz. G\u00fcn\u00fcm\u00fcz\u00fcn bilgi bombard\u0131man\u0131 alt\u0131nda do\u011fruyu yanl\u0131\u015ftan ay\u0131rabilmek, sa\u011flam arg\u00fcmanlarla<span class=\"excerpt-hellip\"> [\u2026]<\/span><\/p>\n","protected":false},"featured_media":0,"template":"","meta":{"_monsterinsights_skip_tracking":false,"_monsterinsights_sitenote_active":false,"_monsterinsights_sitenote_note":"","_monsterinsights_sitenote_category":0},"product_brand":[],"product_cat":[20351,12388],"product_tag":[],"class_list":{"0":"post-770563","1":"product","2":"type-product","3":"status-publish","5":"product_cat-dusunce","6":"product_cat-felsefe","7":"pa_cilt-ciltsiz","8":"pa_tur-kitap","9":"pa_yayinevi-timas-yayinlari","10":"pa_yazar-yasin-ramazan","12":"first","13":"instock","14":"sale","15":"shipping-taxable","16":"purchasable","17":"product-type-simple"},"_links":{"self":[{"href":"https:\/\/roveyayinevi.com.tr\/index.php\/wp-json\/wp\/v2\/product\/770563","targetHints":{"allow":["GET"]}}],"collection":[{"href":"https:\/\/roveyayinevi.com.tr\/index.php\/wp-json\/wp\/v2\/product"}],"about":[{"href":"https:\/\/roveyayinevi.com.tr\/index.php\/wp-json\/wp\/v2\/types\/product"}],"wp:attachment":[{"href":"https:\/\/roveyayinevi.com.tr\/index.php\/wp-json\/wp\/v2\/media?parent=770563"}],"wp:term":[{"taxonomy":"product_brand","embeddable":true,"href":"https:\/\/roveyayinevi.com.tr\/index.php\/wp-json\/wp\/v2\/product_brand?post=770563"},{"taxonomy":"product_cat","embeddable":true,"href":"https:\/\/roveyayinevi.com.tr\/index.php\/wp-json\/wp\/v2\/product_cat?post=770563"},{"taxonomy":"product_tag","embeddable":true,"href":"https:\/\/roveyayinevi.com.tr\/index.php\/wp-json\/wp\/v2\/product_tag?post=770563"}],"curies":[{"name":"wp","href":"https:\/\/api.w.org\/{rel}","templated":true}]}}