{"id":770561,"date":"2025-08-28T14:34:31","date_gmt":"2025-08-28T11:34:31","guid":{"rendered":"https:\/\/roveyayinevi.com.tr\/index.php\/urun\/rusya-pagan-donemden-putine\/"},"modified":"2026-04-15T03:37:05","modified_gmt":"2026-04-15T00:37:05","slug":"rusya-pagan-donemden-putine","status":"publish","type":"product","link":"https:\/\/roveyayinevi.com.tr\/index.php\/urun\/rusya-pagan-donemden-putine\/","title":{"rendered":"Rusya: Pagan D\u00f6nemden Putin&#8217;e"},"content":{"rendered":"<p>Rusya\u2026 U\u00e7suz bucaks\u0131z s\u0131n\u0131rlar\u0131, homojen olmayan etnik yap\u0131s\u0131 ve uzun zaman kapal\u0131 kutu olarak kalm\u0131\u015f siyasi organizasyonuyla bilinmezlerle dolu bir \u00fclke. Avrupa ve Asya&#8217;n\u0131n kesi\u015fti\u011fi noktada, iki k\u0131tan\u0131n da \u201c\u00f6tekisi\u201d. Yine de d\u00fcnyan\u0131n en g\u00fc\u00e7l\u00fc \u00fclkelerinden biri, zengin sava\u015f ve bar\u0131\u015f tarihi, \u015fairleri, yazarlar\u0131 ve devrimcileriyle k\u00fcresel sahnede usta bir oyun kurucu. Rusya\u2019n\u0131n tarihi ve bug\u00fcn\u00fc hakk\u0131nda yapt\u0131\u011f\u0131 \u00e7al\u0131\u015fmalarla b\u00fcy\u00fck \u00f6vg\u00fc toplayan, Putin y\u00f6netiminin ise dikkatle izledi\u011fi ve Rusya\u2019ya giri\u015fine yasak koydu\u011fu tarih\u00e7i ve g\u00fcvenlik uzman\u0131 Mark Galeotti okuru Rus ulusunun do\u011fu\u015fundan Putin Rusyas\u0131\u2019na ve Ukrayna Sava\u015f\u0131\u2019na kadar bin y\u0131ll\u0131k bir yolculu\u011fa \u00e7\u0131kar\u0131yor. B\u00fcy\u00fck Vladimir zaman\u0131, Ortodokslu\u011fa ge\u00e7i\u015f, hanedan m\u00fccadeleleri, Mo\u011fol i\u015fgali, Korkun\u00e7 \u0130van d\u00f6nemi, Romanov hanedanl\u0131\u011f\u0131, B\u00fcy\u00fck Katerina d\u00f6nemi, T\u00fcrk-Rus Sava\u015flar\u0131, K\u0131r\u0131m&#8217;\u0131n ilhak\u0131, Birinci D\u00fcnya Sava\u015f\u0131, Ekim Devrimi, \u0130\u00e7 Sava\u015f, Gorba\u00e7ov ve SSCB\u2019nin da\u011f\u0131lmas\u0131, Kafkasya\u2019daki sava\u015flar ve Putin d\u00f6nemi\u2026 Pagan d\u00f6nemlerden Putin y\u0131llar\u0131na kadar ak\u0131c\u0131 ve mizahi bir dille yaz\u0131lm\u0131\u015f k\u0131sa Rusya tarihi\u2026 \u201cM\u00fcthi\u015f bir \u015fey bu; bu kadar \u00e7ok konuyu bu kadar k\u0131sa ve harika bir \u015fekilde ele almak inan\u0131lmaz bir ba\u015far\u0131!\u201d Peter Frankopan \u201cBin \u00e7alkant\u0131l\u0131 y\u0131l boyunca bilgilendirici ve heyecan verici bir gezinti.\u201d Spectator \u201cB\u00fcy\u00fcleyici&#8230; Galeotti Putin ve modern Rusya \u00fczerine en zeki siyasi yorumculardan biri.\u201d Financial Times        <\/p>\n","protected":false},"excerpt":{"rendered":"<p>Rusya\u2026 U\u00e7suz bucaks\u0131z s\u0131n\u0131rlar\u0131, homojen olmayan etnik yap\u0131s\u0131 ve uzun zaman kapal\u0131 kutu olarak kalm\u0131\u015f siyasi organizasyonuyla bilinmezlerle dolu bir \u00fclke. Avrupa ve Asya&#8217;n\u0131n kesi\u015fti\u011fi noktada,<span class=\"excerpt-hellip\"> [\u2026]<\/span><\/p>\n","protected":false},"featured_media":0,"template":"","meta":{"_monsterinsights_skip_tracking":false,"_monsterinsights_sitenote_active":false,"_monsterinsights_sitenote_note":"","_monsterinsights_sitenote_category":0},"product_brand":[],"product_cat":[12305,12304],"product_tag":[],"class_list":{"0":"post-770561","1":"product","2":"type-product","3":"status-publish","5":"product_cat-dunya-tarihi","6":"product_cat-tarih","7":"pa_cilt-ciltsiz","8":"pa_tur-kitap","9":"pa_yayinevi-timas-yayinlari","10":"pa_yazar-mark-galeotti","12":"first","13":"instock","14":"sale","15":"shipping-taxable","16":"purchasable","17":"product-type-simple"},"_links":{"self":[{"href":"https:\/\/roveyayinevi.com.tr\/index.php\/wp-json\/wp\/v2\/product\/770561","targetHints":{"allow":["GET"]}}],"collection":[{"href":"https:\/\/roveyayinevi.com.tr\/index.php\/wp-json\/wp\/v2\/product"}],"about":[{"href":"https:\/\/roveyayinevi.com.tr\/index.php\/wp-json\/wp\/v2\/types\/product"}],"wp:attachment":[{"href":"https:\/\/roveyayinevi.com.tr\/index.php\/wp-json\/wp\/v2\/media?parent=770561"}],"wp:term":[{"taxonomy":"product_brand","embeddable":true,"href":"https:\/\/roveyayinevi.com.tr\/index.php\/wp-json\/wp\/v2\/product_brand?post=770561"},{"taxonomy":"product_cat","embeddable":true,"href":"https:\/\/roveyayinevi.com.tr\/index.php\/wp-json\/wp\/v2\/product_cat?post=770561"},{"taxonomy":"product_tag","embeddable":true,"href":"https:\/\/roveyayinevi.com.tr\/index.php\/wp-json\/wp\/v2\/product_tag?post=770561"}],"curies":[{"name":"wp","href":"https:\/\/api.w.org\/{rel}","templated":true}]}}