{"id":770560,"date":"2025-08-28T14:34:28","date_gmt":"2025-08-28T11:34:28","guid":{"rendered":"https:\/\/roveyayinevi.com.tr\/index.php\/urun\/korku-filmi\/"},"modified":"2026-04-15T03:37:05","modified_gmt":"2026-04-15T00:37:05","slug":"korku-filmi","status":"publish","type":"product","link":"https:\/\/roveyayinevi.com.tr\/index.php\/urun\/korku-filmi\/","title":{"rendered":"Korku Filmi"},"content":{"rendered":"<p>1993 y\u0131l\u0131n\u0131n yaz\u0131nda, gen\u00e7 bir film ekibi, d\u00f6rt hafta boyunca Korku Filmi ismini verdikleri filmin \u00e7ekimlerini yapt\u0131. Yaln\u0131zca u\u0308\u00e7 sahnesi yay\u0131nlanm\u0131\u015f olmas\u0131na ra\u011fmen bu rahats\u0131z edici film ku\u0308ltle\u015fti ve u\u011fursuz bir g\u00f6lge olarak sinema tarihine ad\u0131n\u0131 yazd\u0131rd\u0131.Y\u0131llar sonra, film bu sefer bu\u0308yu\u0308k bir bu\u0308t\u00e7eyle yeniden \u00e7ekilecekti ve Hollywood, orijinal kadrodan hayatta kalan tek ki\u015fiyle ileti\u015fime ge\u00e7mi\u015fti: S\u0131ska \u00c7ocuk karakterinin oyuncusuyla.S\u0131ska \u00c7ocuk her \u015feyi hat\u0131rl\u0131yordu: senaryoya g\u00f6mu\u0308len s\u0131rlar\u0131, sette ya\u015fanm\u0131\u015f garip olaylar\u0131 ve a\u015f\u0131lm\u0131\u015f s\u0131n\u0131rlar\u0131&#8230; Sahte Hollywood ki\u015filikleri ve tuhaf hayran bulu\u015fmalar\u0131n\u0131n i\u00e7inde s\u0131k\u0131\u015f\u0131p kalan S\u0131ska \u00c7ocuk, ge\u00e7mi\u015f ve \u015fimdiki zaman, senaryo ve ger\u00e7eklik, kameran\u0131n bize g\u00f6sterdikleri ve saklad\u0131klar\u0131 u\u0308zerine bir hik\u00e2ye anlatacakt\u0131. Fakat ge\u00e7mi\u015fin hayaletlerini yeniden \u00e7a\u011f\u0131rman\u0131n bir bedeli olacakt\u0131&#8230;Blair Cad\u0131s\u0131 ve Halka gibi filmleri sevenlerin ka\u00e7\u0131rmamas\u0131 gereken Korku Filmi, sayfalar ilerledik\u00e7e artan paranoyas\u0131, psikolojik gerilimi ve \u015fa\u015f\u0131rt\u0131c\u0131 finaliyle okuru ger\u00e7eklik alg\u0131s\u0131n\u0131 sorgulamaya zorluyor.\u201cNeslinin en korkutucu yazarlar\u0131ndan biri olan Paul Tremblay, Korku Filmi ile okurlar\u0131na soluksuz bir korku roman\u0131 sunuyor.\u201d \u2013Joe Hill<\/p>\n","protected":false},"excerpt":{"rendered":"<p>1993 y\u0131l\u0131n\u0131n yaz\u0131nda, gen\u00e7 bir film ekibi, d\u00f6rt hafta boyunca Korku Filmi ismini verdikleri filmin \u00e7ekimlerini yapt\u0131. Yaln\u0131zca u\u0308\u00e7 sahnesi yay\u0131nlanm\u0131\u015f olmas\u0131na ra\u011fmen bu rahats\u0131z edici<span class=\"excerpt-hellip\"> [\u2026]<\/span><\/p>\n","protected":false},"featured_media":0,"template":"","meta":{"_monsterinsights_skip_tracking":false,"_monsterinsights_sitenote_active":false,"_monsterinsights_sitenote_note":"","_monsterinsights_sitenote_category":0},"product_brand":[],"product_cat":[12291,17033],"product_tag":[],"class_list":{"0":"post-770560","1":"product","2":"type-product","3":"status-publish","5":"product_cat-edebiyat","6":"product_cat-korku-gerilim","7":"pa_cilt-ciltsiz","8":"pa_tur-kitap","9":"pa_yayinevi-ithaki-yayinlari","10":"pa_yazar-paul-tremblay","12":"first","13":"instock","14":"sale","15":"shipping-taxable","16":"purchasable","17":"product-type-simple"},"_links":{"self":[{"href":"https:\/\/roveyayinevi.com.tr\/index.php\/wp-json\/wp\/v2\/product\/770560","targetHints":{"allow":["GET"]}}],"collection":[{"href":"https:\/\/roveyayinevi.com.tr\/index.php\/wp-json\/wp\/v2\/product"}],"about":[{"href":"https:\/\/roveyayinevi.com.tr\/index.php\/wp-json\/wp\/v2\/types\/product"}],"wp:attachment":[{"href":"https:\/\/roveyayinevi.com.tr\/index.php\/wp-json\/wp\/v2\/media?parent=770560"}],"wp:term":[{"taxonomy":"product_brand","embeddable":true,"href":"https:\/\/roveyayinevi.com.tr\/index.php\/wp-json\/wp\/v2\/product_brand?post=770560"},{"taxonomy":"product_cat","embeddable":true,"href":"https:\/\/roveyayinevi.com.tr\/index.php\/wp-json\/wp\/v2\/product_cat?post=770560"},{"taxonomy":"product_tag","embeddable":true,"href":"https:\/\/roveyayinevi.com.tr\/index.php\/wp-json\/wp\/v2\/product_tag?post=770560"}],"curies":[{"name":"wp","href":"https:\/\/api.w.org\/{rel}","templated":true}]}}