{"id":770558,"date":"2025-08-28T14:34:23","date_gmt":"2025-08-28T11:34:23","guid":{"rendered":"https:\/\/roveyayinevi.com.tr\/index.php\/urun\/algi-kapilari-cennet-ve-cehennem\/"},"modified":"2026-04-15T03:37:05","modified_gmt":"2026-04-15T00:37:05","slug":"algi-kapilari-cennet-ve-cehennem","status":"publish","type":"product","link":"https:\/\/roveyayinevi.com.tr\/index.php\/urun\/algi-kapilari-cennet-ve-cehennem\/","title":{"rendered":"Alg\u0131 Kap\u0131lar\u0131 \u2013 Cennet ve Cehennem"},"content":{"rendered":"<p>Hem edebiyata hem de felsefeye bu\u0308yu\u0308k katk\u0131lar sa\u011flayan, ba\u015fta Cesur Yeni Du\u0308nya, Alg\u0131 Kap\u0131lar\u0131, Ada ve Loudun \u015eeytanlar\u0131 olmak u\u0308zere yazd\u0131\u011f\u0131 elli kadar kitapla yaln\u0131zca \u00e7a\u011f\u0131n\u0131 de\u011fil, \u00e7a\u011fda\u015flar\u0131n\u0131 da derinden etkileyen, d\u00f6nemin en u\u0308nlu\u0308 entelektu\u0308ellerinden \u0130ngiliz yazar Aldous Huxley, yedi kez de Nobel Edebiyat \u00d6du\u0308lu\u0308\u2019ne aday g\u00f6sterildi. K\u00e2hin \u015fair William Blake\u2019in dizelerinden esinle kaleme ald\u0131\u011f\u0131 1954\u2019teki Alg\u0131 Kap\u0131lar\u0131 ve 1956\u2019daki Cennet ve Cehennem metinleri, popu\u0308ler ku\u0308ltu\u0308re de nak\u015folmu\u015f, insan\u0131n alg\u0131lar\u0131 ve mistisizm yoluyla ger\u00e7ekle\u015ftirdi\u011fi du\u0308\u015fu\u0308nsel seyahatlerini bar\u0131nd\u0131r\u0131r. Meskalin deneyiyle ba\u015flayan ilk metin, zihnin alg\u0131lar\u0131 ile ger\u00e7eklik aras\u0131ndaki farklar\u0131 ortaya koyarken sanat, bilin\u00e7, psikoloji ve spiritu\u0308el deneyimler u\u0308zerine e\u011filir. \u0130kinci metin ise, mistik deneyimin ve i\u00e7 huzurun eri\u015filebilir oldu\u011fu cennet h\u00e2liyle, insan\u0131n kendi zihninin karanl\u0131\u011f\u0131nda kaybolma tehlikesini bar\u0131nd\u0131rd\u0131\u011f\u0131 cehennem h\u00e2lini kar\u015f\u0131 kefelere koyar. Sanat, tarih, felsefe ve psikoloji Huxley\u2019nin iradesinde kap\u0131lar\u0131 a\u00e7\u0131p kapayan anahtarlara d\u00f6nu\u0308\u015fu\u0308r. Du\u0308nyay\u0131 ma\u011faras\u0131n\u0131n dar \u00e7atlaklar\u0131ndan g\u00f6rmekten vazge\u00e7mek i\u00e7in alg\u0131 kap\u0131lar\u0131n\u0131 a\u00e7maya niyetlenenlere, kar\u015f\u0131t ku\u0308ltu\u0308ru\u0308n min\u00f6r du\u0308\u015fu\u0308nsel ba\u015fyap\u0131t\u0131&#8230; \u201c\u00d6mru\u0308 boyunca Huxley insan bilincinin gizemini anlama ihtiyac\u0131yla hareket etmi\u015f; hatta bu aray\u0131\u015f kendisini H\u0131ristiyan gizemcili\u011finden Uzakdo\u011fu\u2019nun inan\u00e7lar\u0131na ve California\u2019n\u0131n sahte inan\u0131\u015flar\u0131na kadar su\u0308ru\u0308klemi\u015f. Gerek kendi \u00e7a\u011f\u0131nda gerek bizimkinde edebi bir ayd\u0131n i\u00e7in al\u0131\u015f\u0131ld\u0131k olmayan bi\u00e7imde, Huxley bilimle de derinden ilgilenmi\u015f; i\u015fte as\u0131l yap\u0131t\u0131 da din, sanat ve bilim aras\u0131ndaki s\u0131n\u0131r b\u00f6lgesinde yer al\u0131r. Alg\u0131 Kap\u0131lar\u0131 tam da bu manyetik alan\u0131n merkezindedir.\u201d \u2013J. G. BALLARD\u201cK\u0131sa ve \u00f6z, du\u0308\u015fu\u0308ndu\u0308ru\u0308cu\u0308, bilgece, en \u00f6nemlisi de insanc\u0131l bir ba\u015fyap\u0131t.\u201d \u2013SUNDAY TIMES<\/p>\n","protected":false},"excerpt":{"rendered":"<p>Hem edebiyata hem de felsefeye bu\u0308yu\u0308k katk\u0131lar sa\u011flayan, ba\u015fta Cesur Yeni Du\u0308nya, Alg\u0131 Kap\u0131lar\u0131, Ada ve Loudun \u015eeytanlar\u0131 olmak u\u0308zere yazd\u0131\u011f\u0131 elli kadar kitapla yaln\u0131zca \u00e7a\u011f\u0131n\u0131<span class=\"excerpt-hellip\"> [\u2026]<\/span><\/p>\n","protected":false},"featured_media":0,"template":"","meta":{"_monsterinsights_skip_tracking":false,"_monsterinsights_sitenote_active":false,"_monsterinsights_sitenote_note":"","_monsterinsights_sitenote_category":0},"product_brand":[],"product_cat":[18545,12291],"product_tag":[],"class_list":{"0":"post-770558","1":"product","2":"type-product","3":"status-publish","5":"product_cat-anlati","6":"product_cat-edebiyat","7":"pa_cilt-ciltsiz","8":"pa_tur-kitap","9":"pa_yayinevi-ithaki-yayinlari","10":"pa_yazar-aldous-huxley","12":"first","13":"instock","14":"sale","15":"shipping-taxable","16":"purchasable","17":"product-type-simple"},"_links":{"self":[{"href":"https:\/\/roveyayinevi.com.tr\/index.php\/wp-json\/wp\/v2\/product\/770558","targetHints":{"allow":["GET"]}}],"collection":[{"href":"https:\/\/roveyayinevi.com.tr\/index.php\/wp-json\/wp\/v2\/product"}],"about":[{"href":"https:\/\/roveyayinevi.com.tr\/index.php\/wp-json\/wp\/v2\/types\/product"}],"wp:attachment":[{"href":"https:\/\/roveyayinevi.com.tr\/index.php\/wp-json\/wp\/v2\/media?parent=770558"}],"wp:term":[{"taxonomy":"product_brand","embeddable":true,"href":"https:\/\/roveyayinevi.com.tr\/index.php\/wp-json\/wp\/v2\/product_brand?post=770558"},{"taxonomy":"product_cat","embeddable":true,"href":"https:\/\/roveyayinevi.com.tr\/index.php\/wp-json\/wp\/v2\/product_cat?post=770558"},{"taxonomy":"product_tag","embeddable":true,"href":"https:\/\/roveyayinevi.com.tr\/index.php\/wp-json\/wp\/v2\/product_tag?post=770558"}],"curies":[{"name":"wp","href":"https:\/\/api.w.org\/{rel}","templated":true}]}}