{"id":770553,"date":"2025-08-28T14:34:13","date_gmt":"2025-08-28T11:34:13","guid":{"rendered":"https:\/\/roveyayinevi.com.tr\/index.php\/urun\/olumler-cagi\/"},"modified":"2026-04-15T03:37:05","modified_gmt":"2026-04-15T00:37:05","slug":"olumler-cagi","status":"publish","type":"product","link":"https:\/\/roveyayinevi.com.tr\/index.php\/urun\/olumler-cagi\/","title":{"rendered":"\u00d6l\u00fcmler \u00c7a\u011f\u0131"},"content":{"rendered":"<p>MICHAEL J. SULLIVAN\u2019IN DESTANLAR \u00c7A\u011eI \u0130LE BA\u015eLAYAN EP\u0130K SER\u0130S\u0130 \u00d6L\u00dcMLER \u00c7A\u011eI\u2019YLA DEVAM ED\u0130YOR. Bu\u0308tu\u0308n topraklar k\u0131\u015f mevsiminin pen\u00e7esine du\u0308\u015fmu\u0308\u015f ve umutlar \u00e7oktan tu\u0308kenmi\u015fti. Bat\u0131 ordusu, Avempartha\u2019n\u0131n a\u015f\u0131lmaz engeli yu\u0308zu\u0308nden Fhrey topraklar\u0131na giremiyordu. Fane ejderhalar\u0131n\u0131n s\u0131rr\u0131na ula\u015fmak i\u00e7in \u00f6nce Nidwalden Nehri\u2019ni ge\u00e7menin bir yolunu bulmak zorundayd\u0131lar. Hem insanl\u0131k hem de Suri i\u00e7in zaman daral\u0131rken, ya\u015fayanlar\u0131n tek umudu \u00f6lu\u0308lerdi. Kaderlerini mu\u0308hu\u0308rleyen bir se\u00e7im yapan bir avu\u00e7 d\u0131\u015flanm\u0131\u015f&#8230; \u0130mk\u00e2ns\u0131z\u0131 ba\u015far\u0131p kurtulu\u015fu getirebilecekler mi, yoksa hepsi ka\u00e7\u0131n\u0131lmaz sona m\u0131 mahk\u00fbm? \u00c7u\u0308nku\u0308 en bu\u0308yu\u0308k destanlar, ya\u015fayanlar\u0131n du\u0308nyas\u0131n\u0131n s\u0131n\u0131rlar\u0131n\u0131 a\u015far. YA\u015eAM VE \u00d6L\u00dcM ARASINDAK\u0130 \u00c7\u0130ZG\u0130DE, KAHRAMANLAR DO\u011eUYOR.<\/p>\n","protected":false},"excerpt":{"rendered":"<p>MICHAEL J. SULLIVAN\u2019IN DESTANLAR \u00c7A\u011eI \u0130LE BA\u015eLAYAN EP\u0130K SER\u0130S\u0130 \u00d6L\u00dcMLER \u00c7A\u011eI\u2019YLA DEVAM ED\u0130YOR. Bu\u0308tu\u0308n topraklar k\u0131\u015f mevsiminin pen\u00e7esine du\u0308\u015fmu\u0308\u015f ve umutlar \u00e7oktan tu\u0308kenmi\u015fti. Bat\u0131 ordusu, Avempartha\u2019n\u0131n<span class=\"excerpt-hellip\"> [\u2026]<\/span><\/p>\n","protected":false},"featured_media":0,"template":"","meta":{"_monsterinsights_skip_tracking":false,"_monsterinsights_sitenote_active":false,"_monsterinsights_sitenote_note":"","_monsterinsights_sitenote_category":0},"product_brand":[],"product_cat":[12291,14777],"product_tag":[],"class_list":{"0":"post-770553","1":"product","2":"type-product","3":"status-publish","5":"product_cat-edebiyat","6":"product_cat-fantastik","7":"pa_cilt-ciltsiz","8":"pa_tur-kitap","9":"pa_yayinevi-ithaki-yayinlari","10":"pa_yazar-michael-j-sullivan","12":"first","13":"instock","14":"sale","15":"shipping-taxable","16":"purchasable","17":"product-type-simple"},"_links":{"self":[{"href":"https:\/\/roveyayinevi.com.tr\/index.php\/wp-json\/wp\/v2\/product\/770553","targetHints":{"allow":["GET"]}}],"collection":[{"href":"https:\/\/roveyayinevi.com.tr\/index.php\/wp-json\/wp\/v2\/product"}],"about":[{"href":"https:\/\/roveyayinevi.com.tr\/index.php\/wp-json\/wp\/v2\/types\/product"}],"wp:attachment":[{"href":"https:\/\/roveyayinevi.com.tr\/index.php\/wp-json\/wp\/v2\/media?parent=770553"}],"wp:term":[{"taxonomy":"product_brand","embeddable":true,"href":"https:\/\/roveyayinevi.com.tr\/index.php\/wp-json\/wp\/v2\/product_brand?post=770553"},{"taxonomy":"product_cat","embeddable":true,"href":"https:\/\/roveyayinevi.com.tr\/index.php\/wp-json\/wp\/v2\/product_cat?post=770553"},{"taxonomy":"product_tag","embeddable":true,"href":"https:\/\/roveyayinevi.com.tr\/index.php\/wp-json\/wp\/v2\/product_tag?post=770553"}],"curies":[{"name":"wp","href":"https:\/\/api.w.org\/{rel}","templated":true}]}}