{"id":770552,"date":"2025-08-28T14:34:12","date_gmt":"2025-08-28T11:34:12","guid":{"rendered":"https:\/\/roveyayinevi.com.tr\/index.php\/urun\/moskofla-ittifak-osmanli-rus-diplomatik-iliskileri\/"},"modified":"2026-04-15T03:37:05","modified_gmt":"2026-04-15T00:37:05","slug":"moskofla-ittifak-osmanli-rus-diplomatik-iliskileri","status":"publish","type":"product","link":"https:\/\/roveyayinevi.com.tr\/index.php\/urun\/moskofla-ittifak-osmanli-rus-diplomatik-iliskileri\/","title":{"rendered":"Moskof&#8217;la \u0130ttifak \/ Osmanl\u0131 \u2013 Rus Diplomatik \u0130li\u015fkileri"},"content":{"rendered":"<p>M\u0131s\u0131r Valisi Kavalal\u0131 Mehmed Ali Pa\u015fa\u2019n\u0131n isyan\u0131 ve asker\u00ee kuvvetlerinin kazand\u0131\u011f\u0131 zafer sonucunda Osmanl\u0131 i\u00e7in M\u0131s\u0131r meselesi ciddi bir tehdit haline gelmi\u015fti. Bu durum, isyan\u0131n ba\u015f\u0131ndan itibaren Osmanl\u0131 Devleti\u2019ne m\u00fcdahale i\u00e7in f\u0131rsat kollayan Rusya\u2019n\u0131n, Do\u011fu Sorununda en \u00f6nemli akt\u00f6r konumuna yerle\u015fmesine yol a\u00e7t\u0131.  Son d\u00f6nemlerde i\u00e7inde bulundu\u011fu ko\u015fullar nedeniyle Rusya i\u00e7in bir tehdit olmaktan \u00e7\u0131kan Osmanl\u0131 Devleti\u2019nin varl\u0131\u011f\u0131n\u0131n muhafazas\u0131, \u00f6zellikle I. Pavel\u2019in saltanat devrinden itibaren Rus d\u0131\u015f politikas\u0131n\u0131n temel kaidesi haline gelmi\u015fti. Rusya, bu politikan\u0131n mimar\u0131 Kont Viktor Ko\u00e7ubey\u2019in ifadesiyle, \u201ckendisinden daha rahat ve sessiz bir kom\u015fu d\u00fc\u015f\u00fcn\u00fclemeyecek olan\u201d Osmanl\u0131 i\u00e7in ciddi bir tehlike olarak g\u00f6rd\u00fc\u011f\u00fc Mehmed Ali Pa\u015fa kar\u015f\u0131s\u0131nda son derece kararl\u0131 bir siyaset izleyecekti.  Dr. \u015eenay D\u00f6ner Osmanl\u0131\u2019n\u0131n zihin d\u00fcnyas\u0131nda az\u0131l\u0131 bir d\u00fc\u015fman olarak g\u00f6r\u00fclen ve \u201cMoskof\u201d tabiriyle isimlendirilen Rusya ile Osmanl\u0131 Devleti aras\u0131nda nispeten \u0131l\u0131ml\u0131 r\u00fczg\u00e2rlar\u0131n esti\u011fi bir d\u00f6nemi ele al\u0131yor. B\u00e2b\u0131\u00e2li\u2019nin bu s\u00fcre\u00e7te Rusya ve Avrupa devletleri aras\u0131nda izledi\u011fi siyaseti ortaya koyarak 19. y\u00fczy\u0131l Osmanl\u0131 diplomasi tarihine katk\u0131 sa\u011fl\u0131yor. \u0130ngilizce, Rus\u00e7a ve T\u00fcrk\u00e7e kaynaklar\u0131 bir arada de\u011ferlendirerek ittifak\u0131n her iki taraf\u0131ndaki niyetleri, zihniyeti ve \u00fc\u00e7\u00fcnc\u00fc bir taraf olarak Avrupa devletlerinin bu geli\u015fmeye verdi\u011fi tepkileri, ba\u015fka bir deyi\u015fle, Osmanl\u0131-Rus ittifak\u0131n\u0131n Avrupa ba\u015fkentlerindeki yans\u0131malar\u0131n\u0131 analiz ediyor.<\/p>\n","protected":false},"excerpt":{"rendered":"<p>M\u0131s\u0131r Valisi Kavalal\u0131 Mehmed Ali Pa\u015fa\u2019n\u0131n isyan\u0131 ve asker\u00ee kuvvetlerinin kazand\u0131\u011f\u0131 zafer sonucunda Osmanl\u0131 i\u00e7in M\u0131s\u0131r meselesi ciddi bir tehdit haline gelmi\u015fti. Bu durum, isyan\u0131n ba\u015f\u0131ndan<span class=\"excerpt-hellip\"> [\u2026]<\/span><\/p>\n","protected":false},"featured_media":0,"template":"","meta":{"_monsterinsights_skip_tracking":false,"_monsterinsights_sitenote_active":false,"_monsterinsights_sitenote_note":"","_monsterinsights_sitenote_category":0},"product_brand":[],"product_cat":[13517,12304],"product_tag":[],"class_list":{"0":"post-770552","1":"product","2":"type-product","3":"status-publish","5":"product_cat-osmanli-tarihi","6":"product_cat-tarih","7":"pa_cilt-ciltsiz","8":"pa_tur-kitap","9":"pa_yayinevi-timas-akademi-yayinlari","10":"pa_yazar-senay-doner","12":"first","13":"instock","14":"sale","15":"shipping-taxable","16":"purchasable","17":"product-type-simple"},"_links":{"self":[{"href":"https:\/\/roveyayinevi.com.tr\/index.php\/wp-json\/wp\/v2\/product\/770552","targetHints":{"allow":["GET"]}}],"collection":[{"href":"https:\/\/roveyayinevi.com.tr\/index.php\/wp-json\/wp\/v2\/product"}],"about":[{"href":"https:\/\/roveyayinevi.com.tr\/index.php\/wp-json\/wp\/v2\/types\/product"}],"wp:attachment":[{"href":"https:\/\/roveyayinevi.com.tr\/index.php\/wp-json\/wp\/v2\/media?parent=770552"}],"wp:term":[{"taxonomy":"product_brand","embeddable":true,"href":"https:\/\/roveyayinevi.com.tr\/index.php\/wp-json\/wp\/v2\/product_brand?post=770552"},{"taxonomy":"product_cat","embeddable":true,"href":"https:\/\/roveyayinevi.com.tr\/index.php\/wp-json\/wp\/v2\/product_cat?post=770552"},{"taxonomy":"product_tag","embeddable":true,"href":"https:\/\/roveyayinevi.com.tr\/index.php\/wp-json\/wp\/v2\/product_tag?post=770552"}],"curies":[{"name":"wp","href":"https:\/\/api.w.org\/{rel}","templated":true}]}}