{"id":770548,"date":"2025-08-28T14:34:03","date_gmt":"2025-08-28T11:34:03","guid":{"rendered":"https:\/\/roveyayinevi.com.tr\/index.php\/urun\/kisa-sureler-kurani-kesfe-cikiyoruz\/"},"modified":"2026-04-15T03:37:05","modified_gmt":"2026-04-15T00:37:05","slug":"kisa-sureler-kurani-kesfe-cikiyoruz","status":"publish","type":"product","link":"https:\/\/roveyayinevi.com.tr\/index.php\/urun\/kisa-sureler-kurani-kesfe-cikiyoruz\/","title":{"rendered":"K\u0131sa Sureler \/ Kur&#8217;an&#8217;\u0131 Ke\u015ffe \u00c7\u0131k\u0131yoruz"},"content":{"rendered":"<p>Var m\u0131s\u0131n seninle gizemli bir yolculu\u011fa \u00e7\u0131kmaya!.. \u00d6n\u00fcm\u00fczde sarp yoku\u015flar, bal\u00e7\u0131k topraklar, a\u015f\u0131lmas\u0131 zor tepeler, s\u0131r dolu hikayeler var. Hayat da diyebiliriz bu yolculu\u011fa..   Yan\u0131m\u0131zda bize pusula olacak, \u0131\u015f\u0131lt\u0131s\u0131yla yolumuzu ayd\u0131nlatacak e\u015fsiz Kur&#8217;an&#8217;\u0131m\u0131z var. Yol boyunca d\u00f6n\u00fcp d\u00f6n\u00fcp ona bakaca\u011f\u0131z.   Bu ke\u015fif yolculu\u011funa haz\u0131rsan haydi ba\u015flayal\u0131m!<\/p>\n","protected":false},"excerpt":{"rendered":"<p>Var m\u0131s\u0131n seninle gizemli bir yolculu\u011fa \u00e7\u0131kmaya!.. \u00d6n\u00fcm\u00fczde sarp yoku\u015flar, bal\u00e7\u0131k topraklar, a\u015f\u0131lmas\u0131 zor tepeler, s\u0131r dolu hikayeler var. Hayat da diyebiliriz bu yolculu\u011fa.. Yan\u0131m\u0131zda bize<span class=\"excerpt-hellip\"> [\u2026]<\/span><\/p>\n","protected":false},"featured_media":0,"template":"","meta":{"_monsterinsights_skip_tracking":false,"_monsterinsights_sitenote_active":false,"_monsterinsights_sitenote_note":"","_monsterinsights_sitenote_category":0},"product_brand":[],"product_cat":[12274,15842],"product_tag":[],"class_list":{"0":"post-770548","1":"product","2":"type-product","3":"status-publish","5":"product_cat-cocuk-ve-genclik-kitaplari","6":"product_cat-egitici-kitaplar","7":"pa_cilt-ciltsiz","8":"pa_tur-kitap","9":"pa_yayinevi-gulce-kitap","10":"pa_yazar-zeynep-kaya","12":"first","13":"instock","14":"sale","15":"shipping-taxable","16":"purchasable","17":"product-type-simple"},"_links":{"self":[{"href":"https:\/\/roveyayinevi.com.tr\/index.php\/wp-json\/wp\/v2\/product\/770548","targetHints":{"allow":["GET"]}}],"collection":[{"href":"https:\/\/roveyayinevi.com.tr\/index.php\/wp-json\/wp\/v2\/product"}],"about":[{"href":"https:\/\/roveyayinevi.com.tr\/index.php\/wp-json\/wp\/v2\/types\/product"}],"wp:attachment":[{"href":"https:\/\/roveyayinevi.com.tr\/index.php\/wp-json\/wp\/v2\/media?parent=770548"}],"wp:term":[{"taxonomy":"product_brand","embeddable":true,"href":"https:\/\/roveyayinevi.com.tr\/index.php\/wp-json\/wp\/v2\/product_brand?post=770548"},{"taxonomy":"product_cat","embeddable":true,"href":"https:\/\/roveyayinevi.com.tr\/index.php\/wp-json\/wp\/v2\/product_cat?post=770548"},{"taxonomy":"product_tag","embeddable":true,"href":"https:\/\/roveyayinevi.com.tr\/index.php\/wp-json\/wp\/v2\/product_tag?post=770548"}],"curies":[{"name":"wp","href":"https:\/\/api.w.org\/{rel}","templated":true}]}}