{"id":770547,"date":"2025-08-28T14:34:02","date_gmt":"2025-08-28T11:34:02","guid":{"rendered":"https:\/\/roveyayinevi.com.tr\/index.php\/urun\/sira-sende-bisiklet-yarisi\/"},"modified":"2026-04-15T03:37:05","modified_gmt":"2026-04-15T00:37:05","slug":"sira-sende-bisiklet-yarisi","status":"publish","type":"product","link":"https:\/\/roveyayinevi.com.tr\/index.php\/urun\/sira-sende-bisiklet-yarisi\/","title":{"rendered":"S\u0131ra Sende \u2013 Bisiklet Yar\u0131\u015f\u0131"},"content":{"rendered":"<p>Her oyun bir macera! Minik parmaklar\u0131nla bu macerada yer almak harika bir fikir! Haydi, kitab\u0131 a\u00e7 ve pop-it ile bu oyuna e\u015flik etmeye ba\u015fla!<\/p>\n","protected":false},"excerpt":{"rendered":"<p>Her oyun bir macera! Minik parmaklar\u0131nla bu macerada yer almak harika bir fikir! Haydi, kitab\u0131 a\u00e7 ve pop-it ile bu oyuna e\u015flik etmeye ba\u015fla!<\/p>\n","protected":false},"featured_media":0,"template":"","meta":{"_monsterinsights_skip_tracking":false,"_monsterinsights_sitenote_active":false,"_monsterinsights_sitenote_note":"","_monsterinsights_sitenote_category":0},"product_brand":[],"product_cat":[12274,17859],"product_tag":[],"class_list":{"0":"post-770547","1":"product","2":"type-product","3":"status-publish","5":"product_cat-cocuk-ve-genclik-kitaplari","6":"product_cat-oyun-kitaplari","7":"pa_cilt-ciltsiz","8":"pa_tur-kitap","9":"pa_yayinevi-bi-kutu-oyun","10":"pa_yazar-zehra-kandemir","12":"first","13":"instock","14":"sale","15":"shipping-taxable","16":"purchasable","17":"product-type-simple"},"_links":{"self":[{"href":"https:\/\/roveyayinevi.com.tr\/index.php\/wp-json\/wp\/v2\/product\/770547","targetHints":{"allow":["GET"]}}],"collection":[{"href":"https:\/\/roveyayinevi.com.tr\/index.php\/wp-json\/wp\/v2\/product"}],"about":[{"href":"https:\/\/roveyayinevi.com.tr\/index.php\/wp-json\/wp\/v2\/types\/product"}],"wp:attachment":[{"href":"https:\/\/roveyayinevi.com.tr\/index.php\/wp-json\/wp\/v2\/media?parent=770547"}],"wp:term":[{"taxonomy":"product_brand","embeddable":true,"href":"https:\/\/roveyayinevi.com.tr\/index.php\/wp-json\/wp\/v2\/product_brand?post=770547"},{"taxonomy":"product_cat","embeddable":true,"href":"https:\/\/roveyayinevi.com.tr\/index.php\/wp-json\/wp\/v2\/product_cat?post=770547"},{"taxonomy":"product_tag","embeddable":true,"href":"https:\/\/roveyayinevi.com.tr\/index.php\/wp-json\/wp\/v2\/product_tag?post=770547"}],"curies":[{"name":"wp","href":"https:\/\/api.w.org\/{rel}","templated":true}]}}