{"id":770546,"date":"2025-08-28T14:34:00","date_gmt":"2025-08-28T11:34:00","guid":{"rendered":"https:\/\/roveyayinevi.com.tr\/index.php\/urun\/hepimiz-sirayla\/"},"modified":"2026-04-15T03:37:05","modified_gmt":"2026-04-15T00:37:05","slug":"hepimiz-sirayla","status":"publish","type":"product","link":"https:\/\/roveyayinevi.com.tr\/index.php\/urun\/hepimiz-sirayla\/","title":{"rendered":"Hepimiz S\u0131rayla!"},"content":{"rendered":"<p>\u00d6d\u00fcll\u00fc \u00e7izer Marianne Dubuc\u2019ten okuma ser\u00fcvenine yeni ba\u015flayan \u00e7ocuklar i\u00e7inne\u015feli detaylarla dolu bir \u00e7izgi roman!   Payla\u015fmay\u0131, dayan\u0131\u015fmay\u0131 bilen yak\u0131n arkada\u015flar\u0131n ve zaman\u0131 gelincekendi kanatlar\u0131yla u\u00e7an minik ku\u015flar\u0131n \u00f6yk\u00fcs\u00fc. <\/p>\n","protected":false},"excerpt":{"rendered":"<p>\u00d6d\u00fcll\u00fc \u00e7izer Marianne Dubuc\u2019ten okuma ser\u00fcvenine yeni ba\u015flayan \u00e7ocuklar i\u00e7inne\u015feli detaylarla dolu bir \u00e7izgi roman! Payla\u015fmay\u0131, dayan\u0131\u015fmay\u0131 bilen yak\u0131n arkada\u015flar\u0131n ve zaman\u0131 gelincekendi kanatlar\u0131yla u\u00e7an minik<span class=\"excerpt-hellip\"> [\u2026]<\/span><\/p>\n","protected":false},"featured_media":0,"template":"","meta":{"_monsterinsights_skip_tracking":false,"_monsterinsights_sitenote_active":false,"_monsterinsights_sitenote_note":"","_monsterinsights_sitenote_category":0},"product_brand":[],"product_cat":[12689,12274],"product_tag":[],"class_list":{"0":"post-770546","1":"product","2":"type-product","3":"status-publish","5":"product_cat-cizgi-roman-cocuk-ve-genclik-kitaplari","6":"product_cat-cocuk-ve-genclik-kitaplari","7":"pa_cilt-ciltsiz","8":"pa_tur-kitap","9":"pa_yayinevi-redhouse-kidz-yayinlari","10":"pa_yazar-marianne-dubuc","12":"first","13":"instock","14":"sale","15":"shipping-taxable","16":"purchasable","17":"product-type-simple"},"_links":{"self":[{"href":"https:\/\/roveyayinevi.com.tr\/index.php\/wp-json\/wp\/v2\/product\/770546","targetHints":{"allow":["GET"]}}],"collection":[{"href":"https:\/\/roveyayinevi.com.tr\/index.php\/wp-json\/wp\/v2\/product"}],"about":[{"href":"https:\/\/roveyayinevi.com.tr\/index.php\/wp-json\/wp\/v2\/types\/product"}],"wp:attachment":[{"href":"https:\/\/roveyayinevi.com.tr\/index.php\/wp-json\/wp\/v2\/media?parent=770546"}],"wp:term":[{"taxonomy":"product_brand","embeddable":true,"href":"https:\/\/roveyayinevi.com.tr\/index.php\/wp-json\/wp\/v2\/product_brand?post=770546"},{"taxonomy":"product_cat","embeddable":true,"href":"https:\/\/roveyayinevi.com.tr\/index.php\/wp-json\/wp\/v2\/product_cat?post=770546"},{"taxonomy":"product_tag","embeddable":true,"href":"https:\/\/roveyayinevi.com.tr\/index.php\/wp-json\/wp\/v2\/product_tag?post=770546"}],"curies":[{"name":"wp","href":"https:\/\/api.w.org\/{rel}","templated":true}]}}