{"id":770545,"date":"2025-08-28T14:33:58","date_gmt":"2025-08-28T11:33:58","guid":{"rendered":"https:\/\/roveyayinevi.com.tr\/index.php\/urun\/kakapirtcis-tuvalet-egitimi\/"},"modified":"2026-04-15T03:37:05","modified_gmt":"2026-04-15T00:37:05","slug":"kakapirtcis-tuvalet-egitimi","status":"publish","type":"product","link":"https:\/\/roveyayinevi.com.tr\/index.php\/urun\/kakapirtcis-tuvalet-egitimi\/","title":{"rendered":"Kaka,P\u0131rt,\u00c7i\u015f &#8211; Tuvalet E\u011fitimi"},"content":{"rendered":"<p>Bug\u00fcn Koala\u2019n\u0131n do\u011fum g\u00fcn\u00fc. Herkes harika vakit ge\u00e7irse de Koala\u2019n\u0131n baz\u0131 arkada\u015flar\u0131 tuvaleti nas\u0131l kullanaca\u011f\u0131n\u0131 bilmiyor&#8230; Fil oyun bitene kadar \u00e7i\u015fini tutabilecek mi? Aslan tuvalet k\u00e2\u011f\u0131d\u0131n\u0131 israf etmemeyi \u00f6\u011frenecek mi? Zebra tuvaletten \u00e7\u0131karken ellerini y\u0131kayacak m\u0131?   \u00d6d\u00fcll\u00fc \u00e7ocuk kitab\u0131 yazar\u0131 ve psikolog Susanna Isern\u2019den tuvalet al\u0131\u015fkanl\u0131\u011f\u0131 kazanmakta olan \u00e7ocuklar i\u00e7in e\u011flenceli bir ba\u015fucu kitab\u0131.  <\/p>\n","protected":false},"excerpt":{"rendered":"<p>Bug\u00fcn Koala\u2019n\u0131n do\u011fum g\u00fcn\u00fc. Herkes harika vakit ge\u00e7irse de Koala\u2019n\u0131n baz\u0131 arkada\u015flar\u0131 tuvaleti nas\u0131l kullanaca\u011f\u0131n\u0131 bilmiyor&#8230; Fil oyun bitene kadar \u00e7i\u015fini tutabilecek mi? Aslan tuvalet k\u00e2\u011f\u0131d\u0131n\u0131<span class=\"excerpt-hellip\"> [\u2026]<\/span><\/p>\n","protected":false},"featured_media":0,"template":"","meta":{"_monsterinsights_skip_tracking":false,"_monsterinsights_sitenote_active":false,"_monsterinsights_sitenote_note":"","_monsterinsights_sitenote_category":0},"product_brand":[],"product_cat":[12274,12518],"product_tag":[],"class_list":{"0":"post-770545","1":"product","2":"type-product","3":"status-publish","5":"product_cat-cocuk-ve-genclik-kitaplari","6":"product_cat-okul-oncesi-kitaplar","7":"pa_cilt-ciltsiz","8":"pa_tur-kitap","9":"pa_yayinevi-redhouse-kidz-yayinlari","10":"pa_yazar-susanna-isern","12":"first","13":"instock","14":"sale","15":"shipping-taxable","16":"purchasable","17":"product-type-simple"},"_links":{"self":[{"href":"https:\/\/roveyayinevi.com.tr\/index.php\/wp-json\/wp\/v2\/product\/770545","targetHints":{"allow":["GET"]}}],"collection":[{"href":"https:\/\/roveyayinevi.com.tr\/index.php\/wp-json\/wp\/v2\/product"}],"about":[{"href":"https:\/\/roveyayinevi.com.tr\/index.php\/wp-json\/wp\/v2\/types\/product"}],"wp:attachment":[{"href":"https:\/\/roveyayinevi.com.tr\/index.php\/wp-json\/wp\/v2\/media?parent=770545"}],"wp:term":[{"taxonomy":"product_brand","embeddable":true,"href":"https:\/\/roveyayinevi.com.tr\/index.php\/wp-json\/wp\/v2\/product_brand?post=770545"},{"taxonomy":"product_cat","embeddable":true,"href":"https:\/\/roveyayinevi.com.tr\/index.php\/wp-json\/wp\/v2\/product_cat?post=770545"},{"taxonomy":"product_tag","embeddable":true,"href":"https:\/\/roveyayinevi.com.tr\/index.php\/wp-json\/wp\/v2\/product_tag?post=770545"}],"curies":[{"name":"wp","href":"https:\/\/api.w.org\/{rel}","templated":true}]}}