{"id":770540,"date":"2025-08-28T14:33:46","date_gmt":"2025-08-28T11:33:46","guid":{"rendered":"https:\/\/roveyayinevi.com.tr\/index.php\/urun\/kilic-ve-pislik-2-cilt\/"},"modified":"2026-04-15T03:37:05","modified_gmt":"2026-04-15T00:37:05","slug":"kilic-ve-pislik-2-cilt","status":"publish","type":"product","link":"https:\/\/roveyayinevi.com.tr\/index.php\/urun\/kilic-ve-pislik-2-cilt\/","title":{"rendered":"K\u0131l\u0131\u00e7 ve Pislik &#8211; 2.Cilt"},"content":{"rendered":"<p>Arkada\u015flar\u0131 \u00f6ld\u00fckten sonra klandan da at\u0131lan h\u0131rs\u0131z Raraja, meyhanede kar\u015f\u0131la\u015ft\u0131\u011f\u0131 gizemli bir adam taraf\u0131ndan takip edilir ve Iarumas ile Garbage\u2019a tak\u0131l\u0131p kendini Zindan\u2019\u0131n derinliklerine t\u0131k\u0131lm\u0131\u015f bir \u015fekilde bulur\u2026 \u00c7ok da haz\u0131rl\u0131kl\u0131 olmayan bir ekip olu\u015fturan kahramanlar\u0131m\u0131z Zindan\u2019\u0131n ke\u015ffedilmemi\u015f yerlerine do\u011fru maceraya at\u0131l\u0131rken devasa gaz ejderhalar\u0131 orada onlar\u0131 beklemektedir. \u015eimdiye kadar kar\u015f\u0131la\u015ft\u0131\u011f\u0131 en zorlu d\u00fc\u015fman kar\u015f\u0131s\u0131nda deh\u015fete d\u00fc\u015fen Raraja\u2019n\u0131n yard\u0131m\u0131na Iarumas\u2019\u0131n \u00e7a\u011f\u0131rd\u0131\u011f\u0131 ilahi \u201c\u015fim\u015fek\u201d yeti\u015fir. Kan ve k\u00fclle boyanm\u0131\u015f karanl\u0131k fantastik \u00e7izgi roman\u0131n ikinci cildi!<\/p>\n","protected":false},"excerpt":{"rendered":"<p>Arkada\u015flar\u0131 \u00f6ld\u00fckten sonra klandan da at\u0131lan h\u0131rs\u0131z Raraja, meyhanede kar\u015f\u0131la\u015ft\u0131\u011f\u0131 gizemli bir adam taraf\u0131ndan takip edilir ve Iarumas ile Garbage\u2019a tak\u0131l\u0131p kendini Zindan\u2019\u0131n derinliklerine t\u0131k\u0131lm\u0131\u015f bir<span class=\"excerpt-hellip\"> [\u2026]<\/span><\/p>\n","protected":false},"featured_media":0,"template":"","meta":{"_monsterinsights_skip_tracking":false,"_monsterinsights_sitenote_active":false,"_monsterinsights_sitenote_note":"","_monsterinsights_sitenote_category":0},"product_brand":[],"product_cat":[12416,12291],"product_tag":[],"class_list":{"0":"post-770540","1":"product","2":"type-product","3":"status-publish","5":"product_cat-cizgi-roman","6":"product_cat-edebiyat","7":"pa_cilt-ciltsiz","8":"pa_tur-kitap","9":"pa_yayinevi-artemis-yayinlari","10":"pa_yazar-kumo-kagyu","12":"first","13":"instock","14":"sale","15":"shipping-taxable","16":"purchasable","17":"product-type-simple"},"_links":{"self":[{"href":"https:\/\/roveyayinevi.com.tr\/index.php\/wp-json\/wp\/v2\/product\/770540","targetHints":{"allow":["GET"]}}],"collection":[{"href":"https:\/\/roveyayinevi.com.tr\/index.php\/wp-json\/wp\/v2\/product"}],"about":[{"href":"https:\/\/roveyayinevi.com.tr\/index.php\/wp-json\/wp\/v2\/types\/product"}],"wp:attachment":[{"href":"https:\/\/roveyayinevi.com.tr\/index.php\/wp-json\/wp\/v2\/media?parent=770540"}],"wp:term":[{"taxonomy":"product_brand","embeddable":true,"href":"https:\/\/roveyayinevi.com.tr\/index.php\/wp-json\/wp\/v2\/product_brand?post=770540"},{"taxonomy":"product_cat","embeddable":true,"href":"https:\/\/roveyayinevi.com.tr\/index.php\/wp-json\/wp\/v2\/product_cat?post=770540"},{"taxonomy":"product_tag","embeddable":true,"href":"https:\/\/roveyayinevi.com.tr\/index.php\/wp-json\/wp\/v2\/product_tag?post=770540"}],"curies":[{"name":"wp","href":"https:\/\/api.w.org\/{rel}","templated":true}]}}