{"id":770538,"date":"2025-08-28T14:33:42","date_gmt":"2025-08-28T11:33:42","guid":{"rendered":"https:\/\/roveyayinevi.com.tr\/index.php\/urun\/gercegin-pesinde-2-cilt\/"},"modified":"2026-04-15T03:37:04","modified_gmt":"2026-04-15T00:37:04","slug":"gercegin-pesinde-2-cilt","status":"publish","type":"product","link":"https:\/\/roveyayinevi.com.tr\/index.php\/urun\/gercegin-pesinde-2-cilt\/","title":{"rendered":"Ger\u00e7e\u011fin Pe\u015finde &#8211; 2. Cilt"},"content":{"rendered":"<p>Gen\u00e7 Do-Wan video oyunlar\u0131nda harikalar yarat\u0131yor. Evet, zamanla birbirinden tehlikeli g\u00f6revleri yerine getirerek s\u00fcper g\u00fc\u00e7l\u00fc bir oyuncu h\u00e2line gelmi\u015f ve art\u0131k okuldaki zorbalar taraf\u0131ndan rahats\u0131z edilmiyor olabilir. Ama bu sefer ba\u015fka sorunlar\u0131 var: Baz\u0131 tehlikeli \u00e7eteler onu hedef al\u0131yor. Do-Wan\u2019\u0131n i\u00e7g\u00fcd\u00fcleri, k\u00f6t\u00fc adamlar gelip ondan kendilerini takip etmesini istediklerinde, bunu kabul ederse \u00f6lece\u011fini s\u00f6yl\u00fcyor. <\/p>\n","protected":false},"excerpt":{"rendered":"<p>Gen\u00e7 Do-Wan video oyunlar\u0131nda harikalar yarat\u0131yor. Evet, zamanla birbirinden tehlikeli g\u00f6revleri yerine getirerek s\u00fcper g\u00fc\u00e7l\u00fc bir oyuncu h\u00e2line gelmi\u015f ve art\u0131k okuldaki zorbalar taraf\u0131ndan rahats\u0131z edilmiyor<span class=\"excerpt-hellip\"> [\u2026]<\/span><\/p>\n","protected":false},"featured_media":0,"template":"","meta":{"_monsterinsights_skip_tracking":false,"_monsterinsights_sitenote_active":false,"_monsterinsights_sitenote_note":"","_monsterinsights_sitenote_category":0},"product_brand":[],"product_cat":[12416,12291],"product_tag":[],"class_list":{"0":"post-770538","1":"product","2":"type-product","3":"status-publish","5":"product_cat-cizgi-roman","6":"product_cat-edebiyat","7":"pa_cilt-ciltsiz","8":"pa_tur-kitap","9":"pa_yayinevi-artemis-yayinlari","10":"pa_yazar-joowon-lee","12":"first","13":"instock","14":"sale","15":"shipping-taxable","16":"purchasable","17":"product-type-simple"},"_links":{"self":[{"href":"https:\/\/roveyayinevi.com.tr\/index.php\/wp-json\/wp\/v2\/product\/770538","targetHints":{"allow":["GET"]}}],"collection":[{"href":"https:\/\/roveyayinevi.com.tr\/index.php\/wp-json\/wp\/v2\/product"}],"about":[{"href":"https:\/\/roveyayinevi.com.tr\/index.php\/wp-json\/wp\/v2\/types\/product"}],"wp:attachment":[{"href":"https:\/\/roveyayinevi.com.tr\/index.php\/wp-json\/wp\/v2\/media?parent=770538"}],"wp:term":[{"taxonomy":"product_brand","embeddable":true,"href":"https:\/\/roveyayinevi.com.tr\/index.php\/wp-json\/wp\/v2\/product_brand?post=770538"},{"taxonomy":"product_cat","embeddable":true,"href":"https:\/\/roveyayinevi.com.tr\/index.php\/wp-json\/wp\/v2\/product_cat?post=770538"},{"taxonomy":"product_tag","embeddable":true,"href":"https:\/\/roveyayinevi.com.tr\/index.php\/wp-json\/wp\/v2\/product_tag?post=770538"}],"curies":[{"name":"wp","href":"https:\/\/api.w.org\/{rel}","templated":true}]}}