{"id":770535,"date":"2025-08-28T14:33:36","date_gmt":"2025-08-28T11:33:36","guid":{"rendered":"https:\/\/roveyayinevi.com.tr\/index.php\/urun\/labirent-dedektifi-pierre-labirent-tasi-sorusturmasi\/"},"modified":"2026-04-15T03:37:04","modified_gmt":"2026-04-15T00:37:04","slug":"labirent-dedektifi-pierre-labirent-tasi-sorusturmasi","status":"publish","type":"product","link":"https:\/\/roveyayinevi.com.tr\/index.php\/urun\/labirent-dedektifi-pierre-labirent-tasi-sorusturmasi\/","title":{"rendered":"Labirent Dedektifi Pierre: Labirent Ta\u015f\u0131 Soru\u015fturmas\u0131"},"content":{"rendered":"<p>Me\u015fhur dedektif Pierre\u2019i yeni bir vaka bekliyor!Bay X, Opera \u015fehrini kocaman bir labirente d\u00f6n\u00fc\u015ft\u00fcrebilen Labirent Ta\u015f\u0131\u2019n\u0131 \u00e7ald\u0131. Pierre ve arkada\u015f\u0131 Carmen, zorlu g\u00f6revleri yerine getirerek on be\u015f farkl\u0131 labirenti a\u015fmak ve Bay X\u2019i durdurmak zorunda. Opera \u015fehrini kurtarmak i\u00e7in bu karma\u015f\u0131k ama heyecanl\u0131 macerada dedektif Pierre\u2019e ve Carmen\u2019e yard\u0131m etmek gerek.Labirent Dedektifi Pierre\u2019in her bir sayfas\u0131 fantastik d\u00fcnyalara a\u00e7\u0131l\u0131yor \u2013 yeralt\u0131 \u015fehri, orman\u0131n derinlikleri, s\u0131cak hava balonlar\u0131, perili evler, kalabal\u0131k \u00e7ar\u015f\u0131lar. Yol boyunca ipu\u00e7lar\u0131n\u0131n izini s\u00fcrecek, \u00f6d\u00fcller kazanacak ve dedektiflik becerilerinizi s\u0131nayacaks\u0131n\u0131z.<\/p>\n","protected":false},"excerpt":{"rendered":"<p>Me\u015fhur dedektif Pierre\u2019i yeni bir vaka bekliyor!Bay X, Opera \u015fehrini kocaman bir labirente d\u00f6n\u00fc\u015ft\u00fcrebilen Labirent Ta\u015f\u0131\u2019n\u0131 \u00e7ald\u0131. Pierre ve arkada\u015f\u0131 Carmen, zorlu g\u00f6revleri yerine getirerek on<span class=\"excerpt-hellip\"> [\u2026]<\/span><\/p>\n","protected":false},"featured_media":0,"template":"","meta":{"_monsterinsights_skip_tracking":false,"_monsterinsights_sitenote_active":false,"_monsterinsights_sitenote_note":"","_monsterinsights_sitenote_category":0},"product_brand":[],"product_cat":[12274,15842],"product_tag":[],"class_list":{"0":"post-770535","1":"product","2":"type-product","3":"status-publish","5":"product_cat-cocuk-ve-genclik-kitaplari","6":"product_cat-egitici-kitaplar","7":"pa_cilt-ciltsiz","8":"pa_tur-kitap","9":"pa_yayinevi-mundi","10":"pa_yazar-chihiro-maruyama","12":"first","13":"instock","14":"sale","15":"shipping-taxable","16":"purchasable","17":"product-type-simple"},"_links":{"self":[{"href":"https:\/\/roveyayinevi.com.tr\/index.php\/wp-json\/wp\/v2\/product\/770535","targetHints":{"allow":["GET"]}}],"collection":[{"href":"https:\/\/roveyayinevi.com.tr\/index.php\/wp-json\/wp\/v2\/product"}],"about":[{"href":"https:\/\/roveyayinevi.com.tr\/index.php\/wp-json\/wp\/v2\/types\/product"}],"wp:attachment":[{"href":"https:\/\/roveyayinevi.com.tr\/index.php\/wp-json\/wp\/v2\/media?parent=770535"}],"wp:term":[{"taxonomy":"product_brand","embeddable":true,"href":"https:\/\/roveyayinevi.com.tr\/index.php\/wp-json\/wp\/v2\/product_brand?post=770535"},{"taxonomy":"product_cat","embeddable":true,"href":"https:\/\/roveyayinevi.com.tr\/index.php\/wp-json\/wp\/v2\/product_cat?post=770535"},{"taxonomy":"product_tag","embeddable":true,"href":"https:\/\/roveyayinevi.com.tr\/index.php\/wp-json\/wp\/v2\/product_tag?post=770535"}],"curies":[{"name":"wp","href":"https:\/\/api.w.org\/{rel}","templated":true}]}}