{"id":770533,"date":"2025-08-28T14:33:31","date_gmt":"2025-08-28T11:33:31","guid":{"rendered":"https:\/\/roveyayinevi.com.tr\/index.php\/urun\/bruno-schulz-toplu-oykuler-ciltli\/"},"modified":"2026-04-15T03:37:04","modified_gmt":"2026-04-15T00:37:04","slug":"bruno-schulz-toplu-oykuler-ciltli","status":"publish","type":"product","link":"https:\/\/roveyayinevi.com.tr\/index.php\/urun\/bruno-schulz-toplu-oykuler-ciltli\/","title":{"rendered":"Bruno Schulz Toplu \u00d6yk\u00fcler (Ciltli)"},"content":{"rendered":"<p>Bruno Schulz\u2019un Toplu \u00d6yk\u00fcler\u2019i, Susan Sontag, Philip Roth, Isaac Bashevis Singer, Roberto Bola\u00f1o, Jonathan Safran Foer gibi isimlerin \u00f6vg\u00fcyle bahsetti\u011fi yazar\u0131n T\u00fcrk\u00e7edeki en kapsaml\u0131 \u00f6yk\u00fc derlemesi. Ayn\u0131 zamanda ressam da olan Schulz, do\u011fdu\u011fu ve hi\u00e7 terk etmedi\u011fi, bir lisede resim \u00f6\u011fretmenli\u011fi yapt\u0131\u011f\u0131 kentte Gestapo taraf\u0131ndan infaz edildi\u011finde hen\u00fcz elli ya\u015f\u0131ndayd\u0131. K\u0131sa edebi ya\u015fam\u0131nda \u00e7ok az yazabilmi\u015f olsa da sonraki ku\u015faklar\u0131 derinden etkileyecek \u201cTar\u00e7\u0131n D\u00fckk\u00e2nlar\u0131\u201d, \u201cKrokodil Soka\u011f\u0131\u201d, \u201cKlepsydra Alt\u0131ndaki Sanatoryum\u201d gibi unutulmaz \u00f6yk\u00fclerini kaleme alm\u0131\u015ft\u0131 bile. Danilo Ki\u015f\u2019in John Updike\u2019a \u201cSchulz benim Tanr\u0131m,\u201d demesi, \u00f6zellikle Do\u011fu Avrupa edebiyat\u0131 \u00fczerindeki etkisinin ne kadar b\u00fcy\u00fck oldu\u011funu g\u00f6sterir.   \u201cSchulz\u2019u okurken \u2013belki bunu s\u00f6ylememeliyim ama\u2013 baz\u0131 \u00f6yk\u00fclerini okurken onun Kafka\u2019dan daha iyi oldu\u011funu d\u00fc\u015f\u00fcn\u00fcyorum. Baz\u0131 \u00f6yk\u00fcleri \u00e7ok daha kuvvetli. Ve abs\u00fcrt taraf\u0131 \u00e7ok g\u00fc\u00e7l\u00fc,  aptalca de\u011fil, \u00e7ok zekice. Schulz ve Kafka aras\u0131nda Goethe\u2019nin Wahlverwandtschaft dedi\u011fi \u015feyin, se\u00e7ilmi\u015f ruhlar\u0131n yak\u0131nl\u0131\u011f\u0131 oldu\u011funu s\u00f6yleyebilirim.\u201d \u2013Isaac Bashevis Singer   \u201cBruno Schulz\u2019un g\u00fczel, hassas, anlam y\u00fckl\u00fc hik\u00e2yeleri Leh dilini b\u00fcy\u00fct\u00fcp bamba\u015fka bir seviyeye ta\u015f\u0131d\u0131. Onu \u00e7ok seviyorum ama bir yandan da nefret ediyorum \u00e7\u00fcnk\u00fc onunla rekabet etmek m\u00fcmk\u00fcn de\u011fil.\u201d \u2013Olga Tokarczuk<\/p>\n","protected":false},"excerpt":{"rendered":"<p>Bruno Schulz\u2019un Toplu \u00d6yk\u00fcler\u2019i, Susan Sontag, Philip Roth, Isaac Bashevis Singer, Roberto Bola\u00f1o, Jonathan Safran Foer gibi isimlerin \u00f6vg\u00fcyle bahsetti\u011fi yazar\u0131n T\u00fcrk\u00e7edeki en kapsaml\u0131 \u00f6yk\u00fc derlemesi.<span class=\"excerpt-hellip\"> [\u2026]<\/span><\/p>\n","protected":false},"featured_media":0,"template":"","meta":{"_monsterinsights_skip_tracking":false,"_monsterinsights_sitenote_active":false,"_monsterinsights_sitenote_note":"","_monsterinsights_sitenote_category":0},"product_brand":[],"product_cat":[12291,18202],"product_tag":[],"class_list":{"0":"post-770533","1":"product","2":"type-product","3":"status-publish","5":"product_cat-edebiyat","6":"product_cat-hikaye","7":"pa_cilt-ciltli","8":"pa_tur-kitap","9":"pa_yayinevi-everest-yayinlari","10":"pa_yazar-bruno-schulz","12":"first","13":"instock","14":"sale","15":"shipping-taxable","16":"purchasable","17":"product-type-simple"},"_links":{"self":[{"href":"https:\/\/roveyayinevi.com.tr\/index.php\/wp-json\/wp\/v2\/product\/770533","targetHints":{"allow":["GET"]}}],"collection":[{"href":"https:\/\/roveyayinevi.com.tr\/index.php\/wp-json\/wp\/v2\/product"}],"about":[{"href":"https:\/\/roveyayinevi.com.tr\/index.php\/wp-json\/wp\/v2\/types\/product"}],"wp:attachment":[{"href":"https:\/\/roveyayinevi.com.tr\/index.php\/wp-json\/wp\/v2\/media?parent=770533"}],"wp:term":[{"taxonomy":"product_brand","embeddable":true,"href":"https:\/\/roveyayinevi.com.tr\/index.php\/wp-json\/wp\/v2\/product_brand?post=770533"},{"taxonomy":"product_cat","embeddable":true,"href":"https:\/\/roveyayinevi.com.tr\/index.php\/wp-json\/wp\/v2\/product_cat?post=770533"},{"taxonomy":"product_tag","embeddable":true,"href":"https:\/\/roveyayinevi.com.tr\/index.php\/wp-json\/wp\/v2\/product_tag?post=770533"}],"curies":[{"name":"wp","href":"https:\/\/api.w.org\/{rel}","templated":true}]}}