{"id":770532,"date":"2025-08-28T14:33:28","date_gmt":"2025-08-28T11:33:28","guid":{"rendered":"https:\/\/roveyayinevi.com.tr\/index.php\/urun\/daima-ebediyen-surmez\/"},"modified":"2026-04-05T03:28:30","modified_gmt":"2026-04-05T00:28:30","slug":"daima-ebediyen-surmez","status":"publish","type":"product","link":"https:\/\/roveyayinevi.com.tr\/index.php\/urun\/daima-ebediyen-surmez\/","title":{"rendered":"Daima Ebediyen S\u00fcrmez"},"content":{"rendered":"<p>New York Times \u00e7ok satan yazarlar\u0131ndan J. C. Cervantes\u2019ten m\u00fckemmel, unutulmaz bir romantik gen\u00e7 yeti\u015fkin roman\u0131.    \u00c7ocukluklar\u0131ndan beri hem en iyi arkada\u015f hem de ruh e\u015fi olan Hart Augusto ve Ruby Armenta, birlikte lise son s\u0131n\u0131fa ge\u00e7eceklerken Hart, trajik bir tekne kazas\u0131nda bo\u011fularak ya\u015fam\u0131n\u0131 yitirir. Tamamen parampar\u00e7a olan Ruby, ebed\u00ee a\u015fk\u0131 oldu\u011funu bildi\u011fi Hart\u2019a veda etmekte zorlan\u0131r. Hart da Ruby\u2019den vazge\u00e7emez\u2026 \u0130lahi bir m\u00fcdahale ile Hart&#8217;a ikinci bir \u015fans teklif edilir. Ancak bu, basit\u00e7e hayata d\u00f6nece\u011fi anlam\u0131na gelmiyordur. Hart\u2019\u0131n ruhu, okulun k\u00f6t\u00fc \u00e7ocu\u011funun bedenine nakledilecektir. Hart, Jameson olarak hayata geri d\u00f6nd\u00fc\u011f\u00fcnde, Ruby\u2019yi kazanmas\u0131n\u0131n sand\u0131\u011f\u0131ndan \u00e7ok daha zor olaca\u011f\u0131n\u0131 fark eder. En \u00f6nemli detaysa, Ruby\u2019ye ger\u00e7e\u011fi s\u00f6ylemesinin yasaklanmas\u0131d\u0131r. Ayr\u0131ca Jameson olarak ge\u00e7irdi\u011fi her g\u00fcn, Hart olarak ge\u00e7irdi\u011fi hayat\u0131n an\u0131lar\u0131 solacakt\u0131r. Ruby h\u00e2l\u00e2 Hart\u2019\u0131n yas\u0131n\u0131 tutsa da bir \u015feylerin onu Jameson\u2019a \u00e7ekti\u011fini ink\u00e2r edemez. Anlamland\u0131ramasa da ona kar\u015f\u0131 hissetti\u011fi ani \u00e7ekim g\u00f6z ard\u0131 edilemezdir. Jameson, ona neden bu kadar Hart\u2019\u0131 hat\u0131rlat\u0131yordur? Hissetti\u011fi ba\u011f\u0131n ger\u00e7ek olup olmad\u0131\u011f\u0131n\u0131 g\u00f6rmek konusunda \u00e7aresiz hisseden Ruby, kalbini Jameson\u2019a a\u00e7maya ba\u015flar ama a\u015fklar\u0131 aralar\u0131ndaki mesafeyi kapatmaya yetecek midir?<\/p>\n","protected":false},"excerpt":{"rendered":"<p>New York Times \u00e7ok satan yazarlar\u0131ndan J. C. Cervantes\u2019ten m\u00fckemmel, unutulmaz bir romantik gen\u00e7 yeti\u015fkin roman\u0131. \u00c7ocukluklar\u0131ndan beri hem en iyi arkada\u015f hem de ruh e\u015fi<span class=\"excerpt-hellip\"> [\u2026]<\/span><\/p>\n","protected":false},"featured_media":0,"template":"","meta":{"_monsterinsights_skip_tracking":false,"_monsterinsights_sitenote_active":false,"_monsterinsights_sitenote_note":"","_monsterinsights_sitenote_category":0},"product_brand":[],"product_cat":[12291,12711],"product_tag":[],"class_list":{"0":"post-770532","1":"product","2":"type-product","3":"status-publish","5":"product_cat-edebiyat","6":"product_cat-roman-oyku","7":"pa_cilt-ciltsiz","8":"pa_tur-kitap","9":"pa_yayinevi-artemis-yayinlari","10":"pa_yazar-j-c-cervantes","12":"first","13":"instock","14":"sale","15":"shipping-taxable","16":"purchasable","17":"product-type-simple"},"_links":{"self":[{"href":"https:\/\/roveyayinevi.com.tr\/index.php\/wp-json\/wp\/v2\/product\/770532","targetHints":{"allow":["GET"]}}],"collection":[{"href":"https:\/\/roveyayinevi.com.tr\/index.php\/wp-json\/wp\/v2\/product"}],"about":[{"href":"https:\/\/roveyayinevi.com.tr\/index.php\/wp-json\/wp\/v2\/types\/product"}],"wp:attachment":[{"href":"https:\/\/roveyayinevi.com.tr\/index.php\/wp-json\/wp\/v2\/media?parent=770532"}],"wp:term":[{"taxonomy":"product_brand","embeddable":true,"href":"https:\/\/roveyayinevi.com.tr\/index.php\/wp-json\/wp\/v2\/product_brand?post=770532"},{"taxonomy":"product_cat","embeddable":true,"href":"https:\/\/roveyayinevi.com.tr\/index.php\/wp-json\/wp\/v2\/product_cat?post=770532"},{"taxonomy":"product_tag","embeddable":true,"href":"https:\/\/roveyayinevi.com.tr\/index.php\/wp-json\/wp\/v2\/product_tag?post=770532"}],"curies":[{"name":"wp","href":"https:\/\/api.w.org\/{rel}","templated":true}]}}