{"id":770528,"date":"2025-08-28T14:33:19","date_gmt":"2025-08-28T11:33:19","guid":{"rendered":"https:\/\/roveyayinevi.com.tr\/index.php\/urun\/bellegin-anisina\/"},"modified":"2026-04-15T03:37:04","modified_gmt":"2026-04-15T00:37:04","slug":"bellegin-anisina","status":"publish","type":"product","link":"https:\/\/roveyayinevi.com.tr\/index.php\/urun\/bellegin-anisina\/","title":{"rendered":"Belle\u011fin An\u0131s\u0131na"},"content":{"rendered":"<p>Belle\u011fin An\u0131s\u0131na, Maria Stepanova\u2019n\u0131n halas\u0131n\u0131n \u00f6l\u00fcm\u00fc \u00fczerine aile ar\u015fivinden yola \u00e7\u0131karak ger\u00e7ekle\u015ftirdi\u011fi Yahudi-Rus aile k\u00f6keni ara\u015ft\u0131rmas\u0131na dair belgesel niteli\u011finde felsefi bir anlat\u0131.Halas\u0131n\u0131n \u00f6l\u00fcm\u00fcyle solmu\u015f foto\u011fraflar, eski kartpostallar, mektuplar, g\u00fcnl\u00fckler ve y\u0131\u011f\u0131nla hat\u0131ra e\u015fyas\u0131yla dolu bir daireye ad\u0131m atan Stepanova, sakin ve kararl\u0131 ellerle bu par\u00e7alar\u0131 yeniden bir araya getirir ortaya \u00e7\u0131kan, g\u00f6r\u00fcn\u00fc\u015fte s\u0131radan bir ailenin zul\u00fcm ve bask\u0131s\u0131dan nas\u0131l kurtuldu\u011funun hik\u00e2yesidir.Roland Barthes, W.G. Sebald, Susan Sontag ve Osip Mandel\u015ftam gibi yazarlarla diyalog halindeki Belle\u011fin An\u0131s\u0131na, ender rastlanan entelekt\u00fcel bir merak ve \u015fiirsel bir sesle dolu.<\/p>\n","protected":false},"excerpt":{"rendered":"<p>Belle\u011fin An\u0131s\u0131na, Maria Stepanova\u2019n\u0131n halas\u0131n\u0131n \u00f6l\u00fcm\u00fc \u00fczerine aile ar\u015fivinden yola \u00e7\u0131karak ger\u00e7ekle\u015ftirdi\u011fi Yahudi-Rus aile k\u00f6keni ara\u015ft\u0131rmas\u0131na dair belgesel niteli\u011finde felsefi bir anlat\u0131.Halas\u0131n\u0131n \u00f6l\u00fcm\u00fcyle solmu\u015f foto\u011fraflar, eski<span class=\"excerpt-hellip\"> [\u2026]<\/span><\/p>\n","protected":false},"featured_media":0,"template":"","meta":{"_monsterinsights_skip_tracking":false,"_monsterinsights_sitenote_active":false,"_monsterinsights_sitenote_note":"","_monsterinsights_sitenote_category":0},"product_brand":[],"product_cat":[12291,13570],"product_tag":[],"class_list":{"0":"post-770528","1":"product","2":"type-product","3":"status-publish","5":"product_cat-edebiyat","6":"product_cat-rus-edebiyati","7":"pa_cilt-ciltsiz","8":"pa_tur-kitap","9":"pa_yayinevi-can-yayinlari","10":"pa_yazar-maria-stepanova","12":"first","13":"instock","14":"sale","15":"shipping-taxable","16":"purchasable","17":"product-type-simple"},"_links":{"self":[{"href":"https:\/\/roveyayinevi.com.tr\/index.php\/wp-json\/wp\/v2\/product\/770528","targetHints":{"allow":["GET"]}}],"collection":[{"href":"https:\/\/roveyayinevi.com.tr\/index.php\/wp-json\/wp\/v2\/product"}],"about":[{"href":"https:\/\/roveyayinevi.com.tr\/index.php\/wp-json\/wp\/v2\/types\/product"}],"wp:attachment":[{"href":"https:\/\/roveyayinevi.com.tr\/index.php\/wp-json\/wp\/v2\/media?parent=770528"}],"wp:term":[{"taxonomy":"product_brand","embeddable":true,"href":"https:\/\/roveyayinevi.com.tr\/index.php\/wp-json\/wp\/v2\/product_brand?post=770528"},{"taxonomy":"product_cat","embeddable":true,"href":"https:\/\/roveyayinevi.com.tr\/index.php\/wp-json\/wp\/v2\/product_cat?post=770528"},{"taxonomy":"product_tag","embeddable":true,"href":"https:\/\/roveyayinevi.com.tr\/index.php\/wp-json\/wp\/v2\/product_tag?post=770528"}],"curies":[{"name":"wp","href":"https:\/\/api.w.org\/{rel}","templated":true}]}}