{"id":770522,"date":"2025-08-28T14:33:07","date_gmt":"2025-08-28T11:33:07","guid":{"rendered":"https:\/\/roveyayinevi.com.tr\/index.php\/urun\/kita-avrupasinda-hukuk-felsefesinin-tarihi-1600-1900\/"},"modified":"2026-04-15T03:37:04","modified_gmt":"2026-04-15T00:37:04","slug":"kita-avrupasinda-hukuk-felsefesinin-tarihi-1600-1900","status":"publish","type":"product","link":"https:\/\/roveyayinevi.com.tr\/index.php\/urun\/kita-avrupasinda-hukuk-felsefesinin-tarihi-1600-1900\/","title":{"rendered":"K\u0131ta Avrupas\u0131&#8217;nda Hukuk Felsefesi&#8217;nin Tarihi (1600 \u2013 1900)"},"content":{"rendered":"<p>K\u0131ta Avrupas\u0131\u2019nda Hukuk Felsefesinin Tarihi (1600-1900), modern hukukun ete kemi\u011fe b\u00fcr\u00fcnd\u00fc\u011f\u00fc d\u00f6nemin hukuk d\u00fc\u015f\u00fcncesine e\u015flik eden felsefi ve teorik g\u00f6r\u00fc\u015fleri ele al\u0131yor. Kutsal Roma \u0130mparatorlu\u011fu\u2019nun ge\u00e7irdi\u011fi d\u00f6n\u00fc\u015f\u00fcmle ba\u015flayan kitap, bir yandan Alman ve Frans\u0131z hukuk anlay\u0131\u015f\u0131n\u0131n belirleyici y\u00f6nlerini ele al\u0131rken di\u011fer yandan Ayd\u0131nlanma\u2019n\u0131n hukuk yakla\u015f\u0131m\u0131n\u0131 di\u011fer yandan da \u0130dare Bilimi ile Anayasalc\u0131l\u0131k\u2019\u0131n kurucu esaslar\u0131n\u0131 i\u015fleyerek on dokuzuncu y\u00fczy\u0131l Alman d\u00fc\u015f\u00fcncesine ula\u015f\u0131yor. Avrupal\u0131 yazarlarca kaleme al\u0131nan eser, ayn\u0131 zamanda hukuk ve devlet d\u00fc\u015f\u00fcncesindeki, bug\u00fcn i\u00e7in de belirleyicili\u011fi devam eden d\u00f6n\u00fc\u015f\u00fcm\u00fc d\u0131\u015far\u0131dan bir g\u00f6zle de\u011fil, do\u011frudan s\u00f6z konusu tecr\u00fcbeye maruz kalm\u0131\u015f geleneklerin i\u00e7inden okumas\u0131 sebebiyle de \u00f6zel bir \u00f6nem ta\u015f\u0131yor. <\/p>\n","protected":false},"excerpt":{"rendered":"<p>K\u0131ta Avrupas\u0131\u2019nda Hukuk Felsefesinin Tarihi (1600-1900), modern hukukun ete kemi\u011fe b\u00fcr\u00fcnd\u00fc\u011f\u00fc d\u00f6nemin hukuk d\u00fc\u015f\u00fcncesine e\u015flik eden felsefi ve teorik g\u00f6r\u00fc\u015fleri ele al\u0131yor. Kutsal Roma \u0130mparatorlu\u011fu\u2019nun ge\u00e7irdi\u011fi<span class=\"excerpt-hellip\"> [\u2026]<\/span><\/p>\n","protected":false},"featured_media":0,"template":"","meta":{"_monsterinsights_skip_tracking":false,"_monsterinsights_sitenote_active":false,"_monsterinsights_sitenote_note":"","_monsterinsights_sitenote_category":0},"product_brand":[],"product_cat":[15350,17602],"product_tag":[],"class_list":{"0":"post-770522","1":"product","2":"type-product","3":"status-publish","5":"product_cat-hukuk","6":"product_cat-hukuk-uzerine","7":"pa_cilt-ciltsiz","8":"pa_tur-kitap","9":"pa_yayinevi-islik-yayinlari","10":"pa_yazar-kolektif","12":"first","13":"instock","14":"sale","15":"shipping-taxable","16":"purchasable","17":"product-type-simple"},"_links":{"self":[{"href":"https:\/\/roveyayinevi.com.tr\/index.php\/wp-json\/wp\/v2\/product\/770522","targetHints":{"allow":["GET"]}}],"collection":[{"href":"https:\/\/roveyayinevi.com.tr\/index.php\/wp-json\/wp\/v2\/product"}],"about":[{"href":"https:\/\/roveyayinevi.com.tr\/index.php\/wp-json\/wp\/v2\/types\/product"}],"wp:attachment":[{"href":"https:\/\/roveyayinevi.com.tr\/index.php\/wp-json\/wp\/v2\/media?parent=770522"}],"wp:term":[{"taxonomy":"product_brand","embeddable":true,"href":"https:\/\/roveyayinevi.com.tr\/index.php\/wp-json\/wp\/v2\/product_brand?post=770522"},{"taxonomy":"product_cat","embeddable":true,"href":"https:\/\/roveyayinevi.com.tr\/index.php\/wp-json\/wp\/v2\/product_cat?post=770522"},{"taxonomy":"product_tag","embeddable":true,"href":"https:\/\/roveyayinevi.com.tr\/index.php\/wp-json\/wp\/v2\/product_tag?post=770522"}],"curies":[{"name":"wp","href":"https:\/\/api.w.org\/{rel}","templated":true}]}}