{"id":770516,"date":"2025-08-28T14:32:52","date_gmt":"2025-08-28T11:32:52","guid":{"rendered":"https:\/\/roveyayinevi.com.tr\/index.php\/urun\/merhamet-5\/"},"modified":"2026-04-15T03:37:04","modified_gmt":"2026-04-15T00:37:04","slug":"merhamet-5","status":"publish","type":"product","link":"https:\/\/roveyayinevi.com.tr\/index.php\/urun\/merhamet-5\/","title":{"rendered":"Merhamet"},"content":{"rendered":"<p>T\u00fcrk\u00e7eye Sab\u0131rs\u0131z Y\u00fcrek olarak da \u00e7evrilen Stefan Zweig\u2019in tamamlanm\u0131\u015f tek roman\u0131 Merhamet, insan psikolojisinin derinliklerine inen unutulmaz bir ba\u015fyap\u0131tt\u0131r. Avusturya-Macaristan \u0130mparatorlu\u011fu\u2019nun \u00e7at\u0131\u015fmalarla dolu atmosferinde ge\u00e7en bu roman; vicdan, merhamet ve a\u015fk\u0131n karma\u015f\u0131k s\u0131n\u0131rlar\u0131nda dola\u015f\u0131yor. Gen\u00e7 te\u011fmen Anton Hofmiller, kat\u0131ld\u0131\u011f\u0131 bir davette Edith Kekesfalva ile tan\u0131\u015f\u0131r. Onu dansa kald\u0131rmak ister ancak Edith, bir hastal\u0131k sonucu fel\u00e7lidir. Bu gaf, hem Anton\u2019un hem de Edith\u2019in hayat\u0131n\u0131 derinden etkiler. Merhamet ve ac\u0131ma duygusu g\u00fcnden g\u00fcne ruhunda b\u00fcy\u00fcrken Anton, Kekesfalva ailesinin evine ziyaretler d\u00fczenler. Edith bu ilgiyi yanl\u0131\u015f yorumlayarak Anton\u2019a kar\u015f\u0131 romantik duygular beslemeye ba\u015flar. Ancak Anton, Edith\u2019in a\u015fk\u0131n\u0131 kar\u015f\u0131l\u0131ks\u0131z b\u0131rakamaz ve kendisini onunla evlenme fikrine kap\u0131lm\u0131\u015f bulur. Merhamet mi, su\u00e7luluk mu, yoksa a\u015fk m\u0131? Zweig, karakterlerinin \u00e7eli\u015fkilerle dolu d\u00fcnyas\u0131n\u0131 titizlikle i\u015flerken okurlar\u0131n\u0131, merhametin yarat\u0131c\u0131 ve y\u0131k\u0131c\u0131 y\u00f6nlerini ke\u015ffetmeye davet ediyor. \u0130nsan\u0131n kendi vicdan\u0131yla y\u00fczle\u015fti\u011fi en \u00e7arp\u0131c\u0131 anlat\u0131lardan biri olan Merhamet, hem duygusal hem de d\u00fc\u015f\u00fcnsel derinli\u011fiyle okurlar\u0131n\u0131 sarsmaya devam ediyor. <\/p>\n","protected":false},"excerpt":{"rendered":"<p>T\u00fcrk\u00e7eye Sab\u0131rs\u0131z Y\u00fcrek olarak da \u00e7evrilen Stefan Zweig\u2019in tamamlanm\u0131\u015f tek roman\u0131 Merhamet, insan psikolojisinin derinliklerine inen unutulmaz bir ba\u015fyap\u0131tt\u0131r. Avusturya-Macaristan \u0130mparatorlu\u011fu\u2019nun \u00e7at\u0131\u015fmalarla dolu atmosferinde ge\u00e7en bu<span class=\"excerpt-hellip\"> [\u2026]<\/span><\/p>\n","protected":false},"featured_media":0,"template":"","meta":{"_monsterinsights_skip_tracking":false,"_monsterinsights_sitenote_active":false,"_monsterinsights_sitenote_note":"","_monsterinsights_sitenote_category":0},"product_brand":[],"product_cat":[12291,12711],"product_tag":[],"class_list":{"0":"post-770516","1":"product","2":"type-product","3":"status-publish","5":"product_cat-edebiyat","6":"product_cat-roman-oyku","7":"pa_cilt-ciltsiz","8":"pa_tur-kitap","9":"pa_yayinevi-bilge-kultur-sanat","10":"pa_yazar-stefan-zweig","12":"first","13":"instock","14":"sale","15":"shipping-taxable","16":"purchasable","17":"product-type-simple"},"_links":{"self":[{"href":"https:\/\/roveyayinevi.com.tr\/index.php\/wp-json\/wp\/v2\/product\/770516","targetHints":{"allow":["GET"]}}],"collection":[{"href":"https:\/\/roveyayinevi.com.tr\/index.php\/wp-json\/wp\/v2\/product"}],"about":[{"href":"https:\/\/roveyayinevi.com.tr\/index.php\/wp-json\/wp\/v2\/types\/product"}],"wp:attachment":[{"href":"https:\/\/roveyayinevi.com.tr\/index.php\/wp-json\/wp\/v2\/media?parent=770516"}],"wp:term":[{"taxonomy":"product_brand","embeddable":true,"href":"https:\/\/roveyayinevi.com.tr\/index.php\/wp-json\/wp\/v2\/product_brand?post=770516"},{"taxonomy":"product_cat","embeddable":true,"href":"https:\/\/roveyayinevi.com.tr\/index.php\/wp-json\/wp\/v2\/product_cat?post=770516"},{"taxonomy":"product_tag","embeddable":true,"href":"https:\/\/roveyayinevi.com.tr\/index.php\/wp-json\/wp\/v2\/product_tag?post=770516"}],"curies":[{"name":"wp","href":"https:\/\/api.w.org\/{rel}","templated":true}]}}