{"id":770515,"date":"2025-08-28T14:32:49","date_gmt":"2025-08-28T11:32:49","guid":{"rendered":"https:\/\/roveyayinevi.com.tr\/index.php\/urun\/hoca-ahmed-yesevi-ve-divan-i-hikmet\/"},"modified":"2026-04-15T03:37:04","modified_gmt":"2026-04-15T00:37:04","slug":"hoca-ahmed-yesevi-ve-divan-i-hikmet","status":"publish","type":"product","link":"https:\/\/roveyayinevi.com.tr\/index.php\/urun\/hoca-ahmed-yesevi-ve-divan-i-hikmet\/","title":{"rendered":"Hoca Ahmed Yesevi ve Divan-I Hikmet"},"content":{"rendered":"<p>12. y\u00fczy\u0131lda ya\u015fam\u0131\u015f olan Ahmed Yesev\u00ee hem maddi hem de manevi bak\u0131mdan T\u00fcrk d\u00fcnyas\u0131n\u0131n gelmi\u015f ge\u00e7mi\u015f en b\u00fcy\u00fck ve en \u00f6nemli \u00f6\u011fretmenlerinden biridir. Eseri olan D\u00eev\u00e2n-\u0131 Hikmet ise T\u00fcrk\u00e7enin en \u00f6nemli eserlerindendir. Ahmed Yesev\u00ee, \u0130slamiyet\u2019i do\u011frudan Kur\u2019an-\u0131 Kerim ve Hz. Muhammed\u2019in hadislerine dayanarak yorumlam\u0131\u015f, verilen bilgileri T\u00fcrk ulusunun daha iyi anlamas\u0131 i\u00e7in T\u00fcrk\u00e7eye \u00e7evirmi\u015ftir. Konu ile ilgili olarak e\u011fitti\u011fi \u00f6\u011frencilerinin T\u00fcrk d\u00fcnyas\u0131n\u0131n d\u00f6rt bir yan\u0131na da\u011f\u0131lmas\u0131 ile onun fikirleri de T\u00fcrk d\u00fcnyas\u0131na yay\u0131lm\u0131\u015ft\u0131r. B\u00f6ylece T\u00fcrk ulusu, kayna\u011f\u0131 Kur\u2019an-\u0131 Kerim ve hadisler olan din anlay\u0131\u015f\u0131n\u0131 do\u011fru kaynaktan ve do\u011fru ki\u015fiden \u00f6\u011frenmi\u015ftir. Ayr\u0131ca Ahmed Yesev\u00ee, Tasavvufi T\u00fcrk edebiyat\u0131n\u0131n kurucusudur. D\u00eev\u00e2n-\u0131 Hikmet adl\u0131 eseriyle tasavvufi d\u00fc\u015f\u00fcnceyi halk aras\u0131nda yayg\u0131nla\u015ft\u0131rm\u0131\u015ft\u0131r. Onun d\u00fc\u015f\u00fcnceleri, Anadolu&#8217;da Hac\u0131 Bekta\u015f-\u0131 Vel\u00ee, Yunus Emre ve Mevl\u00e2n\u00e2 gibi isimler \u00fczerinde de etkili olmu\u015ftur. Prof. Dr. Necati Demir, d\u00fcnya k\u00fct\u00fcphanelerini taram\u0131\u015f ve D\u00eev\u00e2n-\u0131 Hikmet\u2019in y\u00fczden fazla n\u00fcshas\u0131n\u0131 incelemi\u015ftir. Bunlar i\u00e7erisinde en eski tarihli n\u00fcshay\u0131, ba\u015fta \u00f6\u011frenciler olmak \u00fczere herkesin anlay\u0131p istifade edebilece\u011fi bir sadelikle T\u00fcrkiye T\u00fcrk\u00e7esine aktarm\u0131\u015f, Ahmed Yesev\u00ee\u2019nin hayat\u0131 ve sanat\u0131 hakk\u0131nda bilgilerle birlikte okuyuculara sunmu\u015ftur. <\/p>\n","protected":false},"excerpt":{"rendered":"<p>12. y\u00fczy\u0131lda ya\u015fam\u0131\u015f olan Ahmed Yesev\u00ee hem maddi hem de manevi bak\u0131mdan T\u00fcrk d\u00fcnyas\u0131n\u0131n gelmi\u015f ge\u00e7mi\u015f en b\u00fcy\u00fck ve en \u00f6nemli \u00f6\u011fretmenlerinden biridir. Eseri olan D\u00eev\u00e2n-\u0131<span class=\"excerpt-hellip\"> [\u2026]<\/span><\/p>\n","protected":false},"featured_media":0,"template":"","meta":{"_monsterinsights_skip_tracking":false,"_monsterinsights_sitenote_active":false,"_monsterinsights_sitenote_note":"","_monsterinsights_sitenote_category":0},"product_brand":[],"product_cat":[12291],"product_tag":[],"class_list":{"0":"post-770515","1":"product","2":"type-product","3":"status-publish","5":"product_cat-edebiyat","6":"pa_cilt-ciltsiz","7":"pa_tur-kitap","8":"pa_yayinevi-bilge-kultur-sanat","9":"pa_yazar-necati-demir","11":"first","12":"instock","13":"sale","14":"shipping-taxable","15":"purchasable","16":"product-type-simple"},"_links":{"self":[{"href":"https:\/\/roveyayinevi.com.tr\/index.php\/wp-json\/wp\/v2\/product\/770515","targetHints":{"allow":["GET"]}}],"collection":[{"href":"https:\/\/roveyayinevi.com.tr\/index.php\/wp-json\/wp\/v2\/product"}],"about":[{"href":"https:\/\/roveyayinevi.com.tr\/index.php\/wp-json\/wp\/v2\/types\/product"}],"wp:attachment":[{"href":"https:\/\/roveyayinevi.com.tr\/index.php\/wp-json\/wp\/v2\/media?parent=770515"}],"wp:term":[{"taxonomy":"product_brand","embeddable":true,"href":"https:\/\/roveyayinevi.com.tr\/index.php\/wp-json\/wp\/v2\/product_brand?post=770515"},{"taxonomy":"product_cat","embeddable":true,"href":"https:\/\/roveyayinevi.com.tr\/index.php\/wp-json\/wp\/v2\/product_cat?post=770515"},{"taxonomy":"product_tag","embeddable":true,"href":"https:\/\/roveyayinevi.com.tr\/index.php\/wp-json\/wp\/v2\/product_tag?post=770515"}],"curies":[{"name":"wp","href":"https:\/\/api.w.org\/{rel}","templated":true}]}}