{"id":770509,"date":"2025-08-28T14:32:38","date_gmt":"2025-08-28T11:32:38","guid":{"rendered":"https:\/\/roveyayinevi.com.tr\/index.php\/urun\/koy-enstitululerin-ardindan\/"},"modified":"2026-04-15T03:37:04","modified_gmt":"2026-04-15T00:37:04","slug":"koy-enstitululerin-ardindan","status":"publish","type":"product","link":"https:\/\/roveyayinevi.com.tr\/index.php\/urun\/koy-enstitululerin-ardindan\/","title":{"rendered":"K\u00f6y Enstit\u00fcl\u00fclerin Ard\u0131ndan"},"content":{"rendered":"<p>E\u011fitim, ayd\u0131nlanma ve kalk\u0131nma \u00e7abalar\u0131m\u0131z\u0131n unutulmaz ba\u015far\u0131lar\u0131n\u0131n ad\u0131 olan \u201cK\u00f6y Enstitu\u0308leri\u201d, Karabey Aydo\u011fan\u2019\u0131n bitmez \u00e7abalar\u0131 ve yak\u0131n tan\u0131kl\u0131klar\u0131 ile bir kez daha tu\u0308m ger\u00e7ekli\u011fi ve belgeleri ile gu\u0308n \u0131\u015f\u0131\u011f\u0131na \u00e7\u0131k\u0131yor.   Bir tan\u0131t\u0131m yaz\u0131s\u0131 ve k\u00f6y enstitu\u0308lerinin tart\u0131\u015f\u0131lmaz mimar\u0131 \u0130smail Hakk\u0131 Tongu\u00e7\u2019un \u00e7ok de\u011fer verdi\u011fi ve etkilendi\u011fi iki yabanc\u0131 e\u011fitimci ile ilgili makalelerle ba\u015flayan kitap, enstitu\u0308lerde \u00f6\u011fretmenlik yapm\u0131\u015f ve oradan yeti\u015fmi\u015f ilgin\u00e7 ki\u015filerin ya\u015fam \u00f6yku\u0308lerine tan\u0131kl\u0131klarla su\u0308ru\u0308yor.   Arkalar\u0131nda bu\u0308yu\u0308k hizmet ve i\u015f \u00f6rnekleri b\u0131rakarak; sessizce, onurla, u\u0308reterek ve mutluluklar sa\u00e7arak aram\u0131zdan ayr\u0131lan bu de\u011ferlerimizle ilgili yaz\u0131lar\u0131n, gu\u0308nu\u0308mu\u0308z ve gelece\u011fimiz ku\u0308ltu\u0308r ya\u015fam\u0131n\u0131n \u0131\u015f\u0131klar\u0131 olaca\u011f\u0131 a\u00e7\u0131kt\u0131r.   Kitapta; \u015fa\u015f\u0131raca\u011f\u0131n\u0131z, gururlanaca\u011f\u0131n\u0131z olaylar ve i\u015fler yan\u0131nda i\u00e7inizi burkan, hu\u0308zu\u0308nlendiren \u015feyler de olacakt\u0131r. Ama gu\u0308lece\u011finiz, gelecek i\u00e7in umut tazeleyecekleriniz de\u2026 <\/p>\n","protected":false},"excerpt":{"rendered":"<p>E\u011fitim, ayd\u0131nlanma ve kalk\u0131nma \u00e7abalar\u0131m\u0131z\u0131n unutulmaz ba\u015far\u0131lar\u0131n\u0131n ad\u0131 olan \u201cK\u00f6y Enstitu\u0308leri\u201d, Karabey Aydo\u011fan\u2019\u0131n bitmez \u00e7abalar\u0131 ve yak\u0131n tan\u0131kl\u0131klar\u0131 ile bir kez daha tu\u0308m ger\u00e7ekli\u011fi ve belgeleri<span class=\"excerpt-hellip\"> [\u2026]<\/span><\/p>\n","protected":false},"featured_media":0,"template":"","meta":{"_monsterinsights_skip_tracking":false,"_monsterinsights_sitenote_active":false,"_monsterinsights_sitenote_note":"","_monsterinsights_sitenote_category":0},"product_brand":[],"product_cat":[12304,14128],"product_tag":[],"class_list":{"0":"post-770509","1":"product","2":"type-product","3":"status-publish","5":"product_cat-tarih","6":"product_cat-yakin-tarih","7":"pa_cilt-ciltsiz","8":"pa_tur-kitap","9":"pa_yayinevi-ayrinti-yayinlari","10":"pa_yazar-karabey-aydogan","12":"first","13":"instock","14":"sale","15":"shipping-taxable","16":"purchasable","17":"product-type-simple"},"_links":{"self":[{"href":"https:\/\/roveyayinevi.com.tr\/index.php\/wp-json\/wp\/v2\/product\/770509","targetHints":{"allow":["GET"]}}],"collection":[{"href":"https:\/\/roveyayinevi.com.tr\/index.php\/wp-json\/wp\/v2\/product"}],"about":[{"href":"https:\/\/roveyayinevi.com.tr\/index.php\/wp-json\/wp\/v2\/types\/product"}],"wp:attachment":[{"href":"https:\/\/roveyayinevi.com.tr\/index.php\/wp-json\/wp\/v2\/media?parent=770509"}],"wp:term":[{"taxonomy":"product_brand","embeddable":true,"href":"https:\/\/roveyayinevi.com.tr\/index.php\/wp-json\/wp\/v2\/product_brand?post=770509"},{"taxonomy":"product_cat","embeddable":true,"href":"https:\/\/roveyayinevi.com.tr\/index.php\/wp-json\/wp\/v2\/product_cat?post=770509"},{"taxonomy":"product_tag","embeddable":true,"href":"https:\/\/roveyayinevi.com.tr\/index.php\/wp-json\/wp\/v2\/product_tag?post=770509"}],"curies":[{"name":"wp","href":"https:\/\/api.w.org\/{rel}","templated":true}]}}